{"id":288219,"date":"2022-02-07T15:20:26","date_gmt":"2022-02-07T13:20:26","guid":{"rendered":"https:\/\/www.huntersfriend.eu\/product\/final-approach-live-blasandekoja-flytande-6-pack\/"},"modified":"2025-08-27T11:12:10","modified_gmt":"2025-08-27T09:12:10","slug":"final-approach-live-blasandekoja-flytande-6-pack","status":"publish","type":"product","link":"https:\/\/www.huntersfriend.eu\/sv\/produkt\/final-approach-live-blasandekoja-flytande-6-pack\/","title":{"rendered":"Final Approach live bl\u00e4sandekoja, flytande, 6-pack"},"content":{"rendered":"<p>Helt ny f\u00f6r 2021, Final Approach LIVE Bl\u00e4sand. Detta 6-pack levereras med 3 l\u00e5gh\u00f6vdade drakar och 3 ytfoderdrakar. Tillverkad av ett premium EVA-material i kombination med ett verklighetstroget f\u00e4rgschema g\u00f6r att dessa lockf\u00e5glar sticker ut. Bl\u00e4s\u00e4nder \u00e4r f\u00f6rsiktiga f\u00e5glar och att ha n\u00e5gra bl\u00e4sandslockf\u00e5glar i spridningen kan hj\u00e4lpa till att locka in dem. Detta hel-drakpaket ger dig den f\u00e4rg du vill ha s\u00e5 att din spridning kommer att sticka ut \u00f6ver resten.    <\/p>\n<h2>FUNKTIONER<\/h2>\n<ul>\n<li>Premium EVA-material<\/li>\n<li>Fantastiska &#8221;LIVE&#8221; fj\u00e4derdetaljer fr\u00e5n v\u00e4rldsm\u00e4starutsk\u00e4raren Tom Christie<\/li>\n<li>Design i ett stycke<\/li>\n<li>Full storlek<\/li>\n<li>3 f\u00e4stpunkter f\u00f6r riggning<\/li>\n<li>6-pack: 3 l\u00e5gh\u00f6vdade drakar, 3 ytfoderdrakar<\/li>\n<\/ul>\n<p><strong>Obs: Onlinebest\u00e4llningar \u00e4r begr\u00e4nsade till en l\u00e5da per best\u00e4llning. F\u00f6r st\u00f6rre m\u00e4ngder, v\u00e4nligen kontakta kundtj\u00e4nst direkt f\u00f6r att se om leveranskostnader. <\/strong><\/p>\n","protected":false},"excerpt":{"rendered":"<p>6 st i l\u00e5dan<\/p>\n","protected":false},"featured_media":232295,"comment_status":"open","ping_status":"closed","template":"","meta":[],"product_brand":[],"product_cat":[878],"product_tag":[],"class_list":{"0":"post-288219","1":"product","2":"type-product","3":"status-publish","4":"has-post-thumbnail","6":"product_cat-uncategorized-sv","7":"product_shipping_class-big-sv","9":"first","10":"outofstock","11":"taxable","12":"shipping-taxable","13":"purchasable","14":"product-type-simple"},"composite_virtual":false,"composite_layout":"","composite_add_to_cart_form_location":"","composite_editable_in_cart":false,"composite_sold_individually_context":"","composite_shop_price_calc":"","composite_components":[],"composite_scenarios":[],"group_of_quantity":0,"min_quantity":0,"max_quantity":"","exclude_order_quantity_value_rules":"no","exclude_category_quantity_rules":"no","combine_variations":"no","exclude_global_add_ons":[],"addons":[],"_links":{"self":[{"href":"https:\/\/www.huntersfriend.eu\/sv\/wp-json\/wp\/v2\/product\/288219","targetHints":{"allow":["GET"]}}],"collection":[{"href":"https:\/\/www.huntersfriend.eu\/sv\/wp-json\/wp\/v2\/product"}],"about":[{"href":"https:\/\/www.huntersfriend.eu\/sv\/wp-json\/wp\/v2\/types\/product"}],"replies":[{"embeddable":true,"href":"https:\/\/www.huntersfriend.eu\/sv\/wp-json\/wp\/v2\/comments?post=288219"}],"wp:featuredmedia":[{"embeddable":true,"href":"https:\/\/www.huntersfriend.eu\/sv\/wp-json\/wp\/v2\/media\/232295"}],"wp:attachment":[{"href":"https:\/\/www.huntersfriend.eu\/sv\/wp-json\/wp\/v2\/media?parent=288219"}],"wp:term":[{"taxonomy":"product_brand","embeddable":true,"href":"https:\/\/www.huntersfriend.eu\/sv\/wp-json\/wp\/v2\/product_brand?post=288219"},{"taxonomy":"product_cat","embeddable":true,"href":"https:\/\/www.huntersfriend.eu\/sv\/wp-json\/wp\/v2\/product_cat?post=288219"},{"taxonomy":"product_tag","embeddable":true,"href":"https:\/\/www.huntersfriend.eu\/sv\/wp-json\/wp\/v2\/product_tag?post=288219"}],"curies":[{"name":"wp","href":"https:\/\/api.w.org\/{rel}","templated":true}]}}