{"id":288218,"date":"2022-02-07T15:20:25","date_gmt":"2022-02-07T13:20:25","guid":{"rendered":"https:\/\/www.huntersfriend.eu\/product\/slutlig-inflygning-levande-grasander\/"},"modified":"2025-08-27T11:12:04","modified_gmt":"2025-08-27T09:12:04","slug":"slutlig-inflygning-levande-grasander","status":"publish","type":"product","link":"https:\/\/www.huntersfriend.eu\/sv\/produkt\/slutlig-inflygning-levande-grasander\/","title":{"rendered":"Slutlig inflygning, levande gr\u00e4s\u00e4nder"},"content":{"rendered":"<p>Namnet s\u00e4ger allt, LEVANDE. N\u00e4r du ser dessa lockf\u00e5glar p\u00e5 vattnet kommer du att ifr\u00e5gas\u00e4tta om de \u00e4r riktiga gr\u00e4s\u00e4nder. Dessa lockf\u00e5glar \u00e4r skulpterade av den 17-faldiga v\u00e4rldsm\u00e4staren Pat Godin och liknar LEVANDE ankor, inte bara i fj\u00e4derdetaljer utan ocks\u00e5 i kroppsst\u00e4llningar. Detta paket har 8 olika st\u00e4llningar med 2 som \u00e4r unika, drickande drake och lockande h\u00f6na. Den stora variationen av st\u00e4llningar ger illusionen att alla lockf\u00e5glar \u00e4r olika. Med hur realistiska dessa skulpturer var, var det tvunget att matchas med de mest realistiska f\u00e4rgscheman och f\u00e4rger. Drakes huvud \u00e4r en perfekt nyans av gr\u00f6nt med verklighetstrogna skuggor och iridescens. Kompletterat med ett rikt brunt br\u00f6st, en gr\u00e5 kropp mitt i s\u00e4songen och iridescens p\u00e5 spekulum och svans. H\u00f6nsen har en perfekt skuggad solbr\u00e4nd kropp, bruna gradient tertialfj\u00e4drar, iriserande spekulum och en vit svans. Ut\u00f6ver det snygga utseendet \u00e4r dessa lockf\u00e5glar gjorda av ett premium EVA-material! Materialet har lite eftergivenhet som f\u00f6rhindrar sprickbildning men h\u00e5ller ocks\u00e5 sin form. F\u00f6rdelarna med att anv\u00e4nda ett EVA-material \u00e4r \u00f6verl\u00e4gsen f\u00e4rgh\u00e4ftning och flexibilitet. S\u00e4g adj\u00f6 till f\u00e4rgflagning och plastsprickor och njut av en h\u00e5llbar lockf\u00e5gel.            <\/p>\n<h2>FUNKTIONER<\/h2>\n<ul>\n<li>Premium EVA-material<\/li>\n<li>Fantastiska &#8221;LEVANDE&#8221; fj\u00e4derdetaljer fr\u00e5n den 17-faldiga v\u00e4rldsm\u00e4staren Pat Godin<\/li>\n<li>N\u00e5got \u00f6verdimensionerad<\/li>\n<li>Design i ett stycke<\/li>\n<li>Verklighetstroget f\u00e4rgschema<\/li>\n<li>12-pack<\/li>\n<li>2 drickande drakar, 2 drakar med l\u00e5gt huvud, 2 drakar som \u00e4ter, 1 uppr\u00e4tt drake, 1 uppr\u00e4tt h\u00f6na, 1 h\u00f6na med l\u00e5gt huvud, 1 lockande h\u00f6na, 2 h\u00f6nor som \u00e4ter<\/li>\n<\/ul>\n<p><span data-text-color=\"primary\"><strong>Obs: Onlinebest\u00e4llningar \u00e4r begr\u00e4nsade till en l\u00e5da per best\u00e4llning. F\u00f6r st\u00f6rre m\u00e4ngder, kontakta kundtj\u00e4nst direkt f\u00f6r att se om leveranskostnader. <\/strong><\/span><\/p>\n","protected":false},"excerpt":{"rendered":"<p><strong>Obs: Onlinebest\u00e4llningar \u00e4r begr\u00e4nsade till en l\u00e5da per best\u00e4llning. F\u00f6r st\u00f6rre m\u00e4ngder, kontakta kundtj\u00e4nst direkt f\u00f6r att se om leveranskostnader <\/strong><\/p>\n","protected":false},"featured_media":235430,"comment_status":"open","ping_status":"closed","template":"","meta":[],"product_brand":[],"product_cat":[878],"product_tag":[],"class_list":{"0":"post-288218","1":"product","2":"type-product","3":"status-publish","4":"has-post-thumbnail","6":"product_cat-uncategorized-sv","7":"product_shipping_class-big-sv","9":"first","10":"outofstock","11":"taxable","12":"shipping-taxable","13":"purchasable","14":"product-type-simple"},"composite_virtual":false,"composite_layout":"","composite_add_to_cart_form_location":"","composite_editable_in_cart":false,"composite_sold_individually_context":"","composite_shop_price_calc":"","composite_components":[],"composite_scenarios":[],"group_of_quantity":0,"min_quantity":0,"max_quantity":"","exclude_order_quantity_value_rules":"no","exclude_category_quantity_rules":"no","combine_variations":"no","exclude_global_add_ons":[],"addons":[],"_links":{"self":[{"href":"https:\/\/www.huntersfriend.eu\/sv\/wp-json\/wp\/v2\/product\/288218","targetHints":{"allow":["GET"]}}],"collection":[{"href":"https:\/\/www.huntersfriend.eu\/sv\/wp-json\/wp\/v2\/product"}],"about":[{"href":"https:\/\/www.huntersfriend.eu\/sv\/wp-json\/wp\/v2\/types\/product"}],"replies":[{"embeddable":true,"href":"https:\/\/www.huntersfriend.eu\/sv\/wp-json\/wp\/v2\/comments?post=288218"}],"wp:featuredmedia":[{"embeddable":true,"href":"https:\/\/www.huntersfriend.eu\/sv\/wp-json\/wp\/v2\/media\/235430"}],"wp:attachment":[{"href":"https:\/\/www.huntersfriend.eu\/sv\/wp-json\/wp\/v2\/media?parent=288218"}],"wp:term":[{"taxonomy":"product_brand","embeddable":true,"href":"https:\/\/www.huntersfriend.eu\/sv\/wp-json\/wp\/v2\/product_brand?post=288218"},{"taxonomy":"product_cat","embeddable":true,"href":"https:\/\/www.huntersfriend.eu\/sv\/wp-json\/wp\/v2\/product_cat?post=288218"},{"taxonomy":"product_tag","embeddable":true,"href":"https:\/\/www.huntersfriend.eu\/sv\/wp-json\/wp\/v2\/product_tag?post=288218"}],"curies":[{"name":"wp","href":"https:\/\/api.w.org\/{rel}","templated":true}]}}