{"id":288212,"date":"2022-03-03T15:20:29","date_gmt":"2022-03-03T13:20:29","guid":{"rendered":"https:\/\/www.huntersfriend.eu\/product\/srt-3d-fox-sittande\/"},"modified":"2025-08-27T11:11:58","modified_gmt":"2025-08-27T09:11:58","slug":"srt-3d-fox-sittande","status":"publish","type":"product","link":"https:\/\/www.huntersfriend.eu\/sv\/produkt\/srt-3d-fox-sittande\/","title":{"rendered":"SRT 3D Fox \u2013 sittande"},"content":{"rendered":"<p>Den sittande r\u00e4ven \u00e4r en av SRT:s b\u00e4sts\u00e4ljare sedan 1998. Du hittar den p\u00e5 varje turnering och bana. 3 tr\u00e4ffzoner ger m\u00f6jlighet att skapa intressanta skjutpositioner och det ger m\u00e5let en l\u00e4ngre livsl\u00e4ngd.<br \/>\nL\u00e4tt att dra ur pilarna<br \/>\nSkulpterad med naturlig design<br \/>\nSRT Targets \u2013 \u00f6ver 20 \u00e5rs kreativitet och innovation av 3D-m\u00e5l.  <\/p>\n<p><span class=\"product-detail-dimensions-desc\">Antal ringar: <\/span><span class=\"product-detail-dimensions-value\">4<\/span><br \/>\n<span class=\"product-detail-dimensions-desc\">L\u00e4ngd: <\/span><span class=\"product-detail-dimensions-value\">40 cm<\/span><br \/>\n<span class=\"product-detail-dimensions-desc\">H\u00f6jd: <\/span><span class=\"product-detail-dimensions-value\">57 cm<\/span><\/p>\n","protected":false},"excerpt":{"rendered":"<p>Den sittande r\u00e4ven \u00e4r en av SRT:s b\u00e4sts\u00e4ljare sedan 1998. Du hittar den p\u00e5 varje turnering och bana. 3 tr\u00e4ffzoner ger m\u00f6jlighet att skapa intressanta skjutpositioner och det ger m\u00e5let en l\u00e4ngre livsl\u00e4ngd. L\u00e4tt att dra ur pilarna Skulpterad med naturlig design SRT Targets \u2013 \u00f6ver 20 \u00e5rs kreativitet och innovation av 3D-m\u00e5l. Antal ringar: [&#8230;]\n","protected":false},"featured_media":224978,"comment_status":"open","ping_status":"closed","template":"","meta":[],"product_brand":[],"product_cat":[2907,2906],"product_tag":[],"class_list":{"0":"post-288212","1":"product","2":"type-product","3":"status-publish","4":"has-post-thumbnail","6":"product_cat-liten-3d","7":"product_cat-medium-3d-sv","8":"product_shipping_class-medium-sv","10":"first","11":"outofstock","12":"taxable","13":"shipping-taxable","14":"purchasable","15":"product-type-simple"},"composite_virtual":false,"composite_layout":"","composite_add_to_cart_form_location":"","composite_editable_in_cart":false,"composite_sold_individually_context":"","composite_shop_price_calc":"","composite_components":[],"composite_scenarios":[],"group_of_quantity":0,"min_quantity":0,"max_quantity":"","exclude_order_quantity_value_rules":"no","exclude_category_quantity_rules":"no","combine_variations":"no","exclude_global_add_ons":[],"addons":[],"_links":{"self":[{"href":"https:\/\/www.huntersfriend.eu\/sv\/wp-json\/wp\/v2\/product\/288212","targetHints":{"allow":["GET"]}}],"collection":[{"href":"https:\/\/www.huntersfriend.eu\/sv\/wp-json\/wp\/v2\/product"}],"about":[{"href":"https:\/\/www.huntersfriend.eu\/sv\/wp-json\/wp\/v2\/types\/product"}],"replies":[{"embeddable":true,"href":"https:\/\/www.huntersfriend.eu\/sv\/wp-json\/wp\/v2\/comments?post=288212"}],"wp:featuredmedia":[{"embeddable":true,"href":"https:\/\/www.huntersfriend.eu\/sv\/wp-json\/wp\/v2\/media\/224978"}],"wp:attachment":[{"href":"https:\/\/www.huntersfriend.eu\/sv\/wp-json\/wp\/v2\/media?parent=288212"}],"wp:term":[{"taxonomy":"product_brand","embeddable":true,"href":"https:\/\/www.huntersfriend.eu\/sv\/wp-json\/wp\/v2\/product_brand?post=288212"},{"taxonomy":"product_cat","embeddable":true,"href":"https:\/\/www.huntersfriend.eu\/sv\/wp-json\/wp\/v2\/product_cat?post=288212"},{"taxonomy":"product_tag","embeddable":true,"href":"https:\/\/www.huntersfriend.eu\/sv\/wp-json\/wp\/v2\/product_tag?post=288212"}],"curies":[{"name":"wp","href":"https:\/\/api.w.org\/{rel}","templated":true}]}}