{"id":288211,"date":"2022-03-03T15:20:27","date_gmt":"2022-03-03T13:20:27","guid":{"rendered":"https:\/\/www.huntersfriend.eu\/product\/srt-3d-baver\/"},"modified":"2025-08-27T11:11:55","modified_gmt":"2025-08-27T09:11:55","slug":"srt-3d-baver","status":"publish","type":"product","link":"https:\/\/www.huntersfriend.eu\/sv\/produkt\/srt-3d-baver\/","title":{"rendered":"SRT 3D B\u00e4ver"},"content":{"rendered":"<p><span class=\"product-detail-dimensions-desc\">Antal ringar: <\/span><span class=\"product-detail-dimensions-value\">2<\/span><br \/>\n<span class=\"product-detail-dimensions-desc\">L\u00e4ngd: <\/span><span class=\"product-detail-dimensions-value\">63 cm<\/span><br \/>\n<span class=\"product-detail-dimensions-desc\">H\u00f6jd: <\/span><span class=\"product-detail-dimensions-value\">35 cm<\/span><\/p>\n<p>Tillverkad av SRT-material av h\u00f6gsta kvalitet.<\/p>\n<p>SRT Beaver \u00e4r fortfarande en av de b\u00e4st s\u00e4ljande sedan 2000.<br \/>\nDu hittar den p\u00e5 varje turnering.<\/p>\n<p>L\u00e4ttdraget material<\/p>\n<p>Skulpterad med naturlig design<\/p>\n<p>SRT Targets \u2013 \u00f6ver 20 \u00e5rs kreativitet och innovation inom 3D-m\u00e5l.<\/p>\n","protected":false},"excerpt":{"rendered":"<p>Antal ringar: 2 L\u00e4ngd: 63 cm H\u00f6jd: 35 cm Tillverkad av SRT-material av h\u00f6gsta kvalitet. SRT Beaver \u00e4r fortfarande en av de b\u00e4st s\u00e4ljande sedan 2000. Du hittar den p\u00e5 varje turnering. L\u00e4ttdraget material Skulpterad med naturlig design SRT Targets \u2013 \u00f6ver 20 \u00e5rs kreativitet och innovation inom 3D-m\u00e5l.<\/p>\n","protected":false},"featured_media":225070,"comment_status":"open","ping_status":"closed","template":"","meta":[],"product_brand":[],"product_cat":[2907,2906],"product_tag":[],"class_list":{"0":"post-288211","1":"product","2":"type-product","3":"status-publish","4":"has-post-thumbnail","6":"product_cat-liten-3d","7":"product_cat-medium-3d-sv","8":"product_shipping_class-big-sv","10":"first","11":"outofstock","12":"taxable","13":"shipping-taxable","14":"purchasable","15":"product-type-simple"},"composite_virtual":false,"composite_layout":"","composite_add_to_cart_form_location":"","composite_editable_in_cart":false,"composite_sold_individually_context":"","composite_shop_price_calc":"","composite_components":[],"composite_scenarios":[],"group_of_quantity":0,"min_quantity":0,"max_quantity":"","exclude_order_quantity_value_rules":"no","exclude_category_quantity_rules":"no","combine_variations":"no","exclude_global_add_ons":[],"addons":[],"_links":{"self":[{"href":"https:\/\/www.huntersfriend.eu\/sv\/wp-json\/wp\/v2\/product\/288211","targetHints":{"allow":["GET"]}}],"collection":[{"href":"https:\/\/www.huntersfriend.eu\/sv\/wp-json\/wp\/v2\/product"}],"about":[{"href":"https:\/\/www.huntersfriend.eu\/sv\/wp-json\/wp\/v2\/types\/product"}],"replies":[{"embeddable":true,"href":"https:\/\/www.huntersfriend.eu\/sv\/wp-json\/wp\/v2\/comments?post=288211"}],"wp:featuredmedia":[{"embeddable":true,"href":"https:\/\/www.huntersfriend.eu\/sv\/wp-json\/wp\/v2\/media\/225070"}],"wp:attachment":[{"href":"https:\/\/www.huntersfriend.eu\/sv\/wp-json\/wp\/v2\/media?parent=288211"}],"wp:term":[{"taxonomy":"product_brand","embeddable":true,"href":"https:\/\/www.huntersfriend.eu\/sv\/wp-json\/wp\/v2\/product_brand?post=288211"},{"taxonomy":"product_cat","embeddable":true,"href":"https:\/\/www.huntersfriend.eu\/sv\/wp-json\/wp\/v2\/product_cat?post=288211"},{"taxonomy":"product_tag","embeddable":true,"href":"https:\/\/www.huntersfriend.eu\/sv\/wp-json\/wp\/v2\/product_tag?post=288211"}],"curies":[{"name":"wp","href":"https:\/\/api.w.org\/{rel}","templated":true}]}}