{"id":288209,"date":"2022-03-03T15:20:30","date_gmt":"2022-03-03T13:20:30","guid":{"rendered":"https:\/\/www.huntersfriend.eu\/product\/srt-3d-kub-personlig-tranare\/"},"modified":"2026-03-18T22:00:13","modified_gmt":"2026-03-18T20:00:13","slug":"srt-3d-kub-personlig-tranare","status":"publish","type":"product","link":"https:\/\/www.huntersfriend.eu\/sv\/produkt\/srt-3d-kub-personlig-tranare\/","title":{"rendered":"SRT 3D-kub Personlig tr\u00e4nare"},"content":{"rendered":"<div>En personlig tr\u00e4nare borde vara en del av din standardutrustning, som en professionell och passionerad b\u00e5gskytt med alla typer av b\u00e5gar. Detta tr\u00e4ningsblock g\u00f6r att pilar kan hitta sin v\u00e4g i ett skum med h\u00f6g densitet och h\u00f6g kvalitet, stoppas effektivt och enkelt h\u00e4mtas. Ditt perfekta val f\u00f6r en l\u00e5ngvarig m\u00e5ltavla som fortfarande erbjuder snabb och enkel borttagning av pilar. Variationen av storlekar och konfigurationer av siktpunkter som placeras strategiskt \u00f6ver hela m\u00e5ltavlan garanterar en exceptionell livsl\u00e4ngd och st\u00f6der din b\u00e5gskytteprestanda, var du \u00e4n \u00e4r, b\u00e5de inomhus och utomhus.   <\/div>\n<div><\/div>\n<div><span class=\"product-detail-dimensions-desc\">M\u00e5ldelar: <\/span><span class=\"product-detail-dimensions-value\">1<\/span><br \/>\n<span class=\"product-detail-dimensions-desc\">Antal ringar: <\/span><span class=\"product-detail-dimensions-value\">12<\/span><br \/>\n<span class=\"product-detail-dimensions-desc\">L\u00e4ngd: <\/span><span class=\"product-detail-dimensions-value\">42 cm<\/span><br \/>\n<span class=\"product-detail-dimensions-desc\">H\u00f6jd: <\/span><span class=\"product-detail-dimensions-value\">42 cm<\/span><\/div>\n<div><\/div>\n","protected":false},"excerpt":{"rendered":"<p>Svart 42 cm x 42 cm<\/p>\n","protected":false},"featured_media":224968,"comment_status":"open","ping_status":"closed","template":"","meta":[],"product_brand":[],"product_cat":[2894],"product_tag":[],"class_list":{"0":"post-288209","1":"product","2":"type-product","3":"status-publish","4":"has-post-thumbnail","6":"product_cat-kuber-och-blockmal","7":"product_shipping_class-medium-sv","9":"first","10":"instock","11":"taxable","12":"shipping-taxable","13":"purchasable","14":"product-type-simple"},"composite_virtual":false,"composite_layout":"","composite_add_to_cart_form_location":"","composite_editable_in_cart":false,"composite_sold_individually_context":"","composite_shop_price_calc":"","composite_components":[],"composite_scenarios":[],"group_of_quantity":0,"min_quantity":0,"max_quantity":"","exclude_order_quantity_value_rules":"no","exclude_category_quantity_rules":"no","combine_variations":"no","exclude_global_add_ons":[],"addons":[],"_links":{"self":[{"href":"https:\/\/www.huntersfriend.eu\/sv\/wp-json\/wp\/v2\/product\/288209","targetHints":{"allow":["GET"]}}],"collection":[{"href":"https:\/\/www.huntersfriend.eu\/sv\/wp-json\/wp\/v2\/product"}],"about":[{"href":"https:\/\/www.huntersfriend.eu\/sv\/wp-json\/wp\/v2\/types\/product"}],"replies":[{"embeddable":true,"href":"https:\/\/www.huntersfriend.eu\/sv\/wp-json\/wp\/v2\/comments?post=288209"}],"wp:featuredmedia":[{"embeddable":true,"href":"https:\/\/www.huntersfriend.eu\/sv\/wp-json\/wp\/v2\/media\/224968"}],"wp:attachment":[{"href":"https:\/\/www.huntersfriend.eu\/sv\/wp-json\/wp\/v2\/media?parent=288209"}],"wp:term":[{"taxonomy":"product_brand","embeddable":true,"href":"https:\/\/www.huntersfriend.eu\/sv\/wp-json\/wp\/v2\/product_brand?post=288209"},{"taxonomy":"product_cat","embeddable":true,"href":"https:\/\/www.huntersfriend.eu\/sv\/wp-json\/wp\/v2\/product_cat?post=288209"},{"taxonomy":"product_tag","embeddable":true,"href":"https:\/\/www.huntersfriend.eu\/sv\/wp-json\/wp\/v2\/product_tag?post=288209"}],"curies":[{"name":"wp","href":"https:\/\/api.w.org\/{rel}","templated":true}]}}