{"id":288208,"date":"2022-03-03T15:20:28","date_gmt":"2022-03-03T13:20:28","guid":{"rendered":"https:\/\/www.huntersfriend.eu\/product\/srt-3d-hare-sittande\/"},"modified":"2025-08-27T11:11:47","modified_gmt":"2025-08-27T09:11:47","slug":"srt-3d-hare-sittande","status":"publish","type":"product","link":"https:\/\/www.huntersfriend.eu\/sv\/produkt\/srt-3d-hare-sittande\/","title":{"rendered":"SRT 3D-hare &#8211; sittande"},"content":{"rendered":"<p><span class=\"product-detail-dimensions-desc\">Antal ringar: <\/span><span class=\"product-detail-dimensions-value\">3<\/span><br \/>\n<span class=\"product-detail-dimensions-desc\">L\u00e4ngd: <\/span><span class=\"product-detail-dimensions-value\">37 cm<\/span><br \/>\n<span class=\"product-detail-dimensions-desc\">H\u00f6jd: <\/span><span class=\"product-detail-dimensions-value\">78 cm<\/span><\/p>\n<p>Tillverkad av SRT-material av h\u00f6gsta kvalitet.<\/p>\n","protected":false},"excerpt":{"rendered":"<p>Antal ringar: 3 L\u00e4ngd: 37 cm H\u00f6jd: 78 cm Tillverkad av SRT-material av h\u00f6gsta kvalitet.<\/p>\n","protected":false},"featured_media":225062,"comment_status":"open","ping_status":"closed","template":"","meta":[],"product_brand":[],"product_cat":[2907,2906],"product_tag":[],"class_list":{"0":"post-288208","1":"product","2":"type-product","3":"status-publish","4":"has-post-thumbnail","6":"product_cat-liten-3d","7":"product_cat-medium-3d-sv","8":"product_shipping_class-medium-sv","10":"first","11":"instock","12":"taxable","13":"shipping-taxable","14":"purchasable","15":"product-type-simple"},"composite_virtual":false,"composite_layout":"","composite_add_to_cart_form_location":"","composite_editable_in_cart":false,"composite_sold_individually_context":"","composite_shop_price_calc":"","composite_components":[],"composite_scenarios":[],"group_of_quantity":0,"min_quantity":0,"max_quantity":"","exclude_order_quantity_value_rules":"no","exclude_category_quantity_rules":"no","combine_variations":"no","exclude_global_add_ons":[],"addons":[],"_links":{"self":[{"href":"https:\/\/www.huntersfriend.eu\/sv\/wp-json\/wp\/v2\/product\/288208","targetHints":{"allow":["GET"]}}],"collection":[{"href":"https:\/\/www.huntersfriend.eu\/sv\/wp-json\/wp\/v2\/product"}],"about":[{"href":"https:\/\/www.huntersfriend.eu\/sv\/wp-json\/wp\/v2\/types\/product"}],"replies":[{"embeddable":true,"href":"https:\/\/www.huntersfriend.eu\/sv\/wp-json\/wp\/v2\/comments?post=288208"}],"wp:featuredmedia":[{"embeddable":true,"href":"https:\/\/www.huntersfriend.eu\/sv\/wp-json\/wp\/v2\/media\/225062"}],"wp:attachment":[{"href":"https:\/\/www.huntersfriend.eu\/sv\/wp-json\/wp\/v2\/media?parent=288208"}],"wp:term":[{"taxonomy":"product_brand","embeddable":true,"href":"https:\/\/www.huntersfriend.eu\/sv\/wp-json\/wp\/v2\/product_brand?post=288208"},{"taxonomy":"product_cat","embeddable":true,"href":"https:\/\/www.huntersfriend.eu\/sv\/wp-json\/wp\/v2\/product_cat?post=288208"},{"taxonomy":"product_tag","embeddable":true,"href":"https:\/\/www.huntersfriend.eu\/sv\/wp-json\/wp\/v2\/product_tag?post=288208"}],"curies":[{"name":"wp","href":"https:\/\/api.w.org\/{rel}","templated":true}]}}