{"id":288207,"date":"2022-03-03T15:20:29","date_gmt":"2022-03-03T13:20:29","guid":{"rendered":"https:\/\/www.huntersfriend.eu\/product\/srt-3d-mardhund\/"},"modified":"2025-08-27T11:11:47","modified_gmt":"2025-08-27T09:11:47","slug":"srt-3d-mardhund","status":"publish","type":"product","link":"https:\/\/www.huntersfriend.eu\/sv\/produkt\/srt-3d-mardhund\/","title":{"rendered":"SRT 3D m\u00e5rdhund"},"content":{"rendered":"<p><span class=\"product-detail-dimensions-desc\">M\u00e5rdhund 3D-m\u00e5l \u2013 3D-m\u00e5l i mellanstorlek<\/span><\/p>\n<p><span class=\"product-detail-dimensions-desc\">Antal ringar: <\/span><span class=\"product-detail-dimensions-value\">5<\/span><br \/>\n<span class=\"product-detail-dimensions-desc\">L\u00e4ngd: <\/span><span class=\"product-detail-dimensions-value\">64 cm<\/span><br \/>\n<span class=\"product-detail-dimensions-desc\">H\u00f6jd: <\/span><span class=\"product-detail-dimensions-value\">52 cm<\/span><\/p>\n","protected":false},"excerpt":{"rendered":"<p>M\u00e5rdhund 3D-m\u00e5l \u2013 3D-m\u00e5l i mellanstorlek Antal ringar: 5 L\u00e4ngd: 64 cm H\u00f6jd: 52 cm<\/p>\n","protected":false},"featured_media":224973,"comment_status":"open","ping_status":"closed","template":"","meta":[],"product_brand":[],"product_cat":[2907,2906],"product_tag":[],"class_list":{"0":"post-288207","1":"product","2":"type-product","3":"status-publish","4":"has-post-thumbnail","6":"product_cat-liten-3d","7":"product_cat-medium-3d-sv","8":"product_shipping_class-medium-sv","10":"first","11":"outofstock","12":"taxable","13":"shipping-taxable","14":"purchasable","15":"product-type-simple"},"composite_virtual":false,"composite_layout":"","composite_add_to_cart_form_location":"","composite_editable_in_cart":false,"composite_sold_individually_context":"","composite_shop_price_calc":"","composite_components":[],"composite_scenarios":[],"group_of_quantity":0,"min_quantity":0,"max_quantity":"","exclude_order_quantity_value_rules":"no","exclude_category_quantity_rules":"no","combine_variations":"no","exclude_global_add_ons":[],"addons":[],"_links":{"self":[{"href":"https:\/\/www.huntersfriend.eu\/sv\/wp-json\/wp\/v2\/product\/288207","targetHints":{"allow":["GET"]}}],"collection":[{"href":"https:\/\/www.huntersfriend.eu\/sv\/wp-json\/wp\/v2\/product"}],"about":[{"href":"https:\/\/www.huntersfriend.eu\/sv\/wp-json\/wp\/v2\/types\/product"}],"replies":[{"embeddable":true,"href":"https:\/\/www.huntersfriend.eu\/sv\/wp-json\/wp\/v2\/comments?post=288207"}],"wp:featuredmedia":[{"embeddable":true,"href":"https:\/\/www.huntersfriend.eu\/sv\/wp-json\/wp\/v2\/media\/224973"}],"wp:attachment":[{"href":"https:\/\/www.huntersfriend.eu\/sv\/wp-json\/wp\/v2\/media?parent=288207"}],"wp:term":[{"taxonomy":"product_brand","embeddable":true,"href":"https:\/\/www.huntersfriend.eu\/sv\/wp-json\/wp\/v2\/product_brand?post=288207"},{"taxonomy":"product_cat","embeddable":true,"href":"https:\/\/www.huntersfriend.eu\/sv\/wp-json\/wp\/v2\/product_cat?post=288207"},{"taxonomy":"product_tag","embeddable":true,"href":"https:\/\/www.huntersfriend.eu\/sv\/wp-json\/wp\/v2\/product_tag?post=288207"}],"curies":[{"name":"wp","href":"https:\/\/api.w.org\/{rel}","templated":true}]}}