{"id":288206,"date":"2022-03-23T18:20:33","date_gmt":"2022-03-23T16:20:33","guid":{"rendered":"https:\/\/www.huntersfriend.eu\/product\/treehugger-trubark-hd-foderautomat\/"},"modified":"2025-08-27T11:11:41","modified_gmt":"2025-08-27T09:11:41","slug":"treehugger-trubark-hd-foderautomat","status":"publish","type":"product","link":"https:\/\/www.huntersfriend.eu\/sv\/produkt\/treehugger-trubark-hd-foderautomat\/","title":{"rendered":"Treehugger TRUBark HD-foderautomat"},"content":{"rendered":"<p>Treehugger\u2122 \u00e4r en foderl\u00f6sning med l\u00e5gt underh\u00e5ll som dukar bordet helt av sig sj\u00e4lv. Vi har anv\u00e4nt slitstarkt PVC-material f\u00f6r att konstruera en h\u00e5llbar gravitationsmatare som f\u00e4sts p\u00e5 valfritt tr\u00e4d p\u00e5 under fem minuter. Linda helt enkelt de integrerade remmarna runt en tr\u00e4dstam och f\u00e4st med det kraftiga sp\u00e4nnet. Treehugger tar hand om resten och fyller naturligt p\u00e5 foder n\u00e4r viltet konsumerar det. Och du kan fylla den med n\u00e4stan vilket foder du vill: majs, lockmedel, protein, mineraler eller en kombination.    <\/p>\n<p>Enkel installation och en l\u00e4tt design g\u00f6r Treehugger perfekt f\u00f6r sv\u00e5r\u00e5tkomliga omr\u00e5den som inte har mycket utrymme, som vildmark eller tr\u00e4sk. Anv\u00e4nd denna enkla, str\u00f6mlinjeformade foderautomat f\u00f6r att testa en potentiell utfodringsplats och flytta den s\u00e5 ofta du vill tills du hittar r\u00e4tt plats. Med en slickv\u00e4nlig matk\u00e4lla som fl\u00f6dar \u00f6ver hela marken kommer hjortar s\u00e4kert att hitta den var du \u00e4n v\u00e4ljer.  <\/p>\n<ul>\n<li>Gravitationsp\u00e5sen fyller naturligt p\u00e5 foder n\u00e4r det konsumeras<\/li>\n<li>Fyll med majs, lockmedel eller mineraler<\/li>\n<li>Inga verktyg eller batterier kr\u00e4vs<\/li>\n<li>Slitstarkt v\u00e4derbest\u00e4ndigt material<\/li>\n<li>Rulltopp med f\u00f6rseglad st\u00e4ngning<\/li>\n<li>Integrerade remmar med kraftigt sp\u00e4nne f\u00f6r s\u00e4ker fasts\u00e4ttning<\/li>\n<li>L\u00e4tt design som enkelt kan flyttas till nya platser<\/li>\n<li>Perfekt f\u00f6r sv\u00e5r\u00e5tkomliga omr\u00e5den som vildmark eller tr\u00e4sk<\/li>\n<li>Patents\u00f6kt design<\/li>\n<li>Kapacitet: 45 kg<\/li>\n<\/ul>\n","protected":false},"excerpt":{"rendered":"<p>Kapacitet 45 kg<\/p>\n","protected":false},"featured_media":231437,"comment_status":"open","ping_status":"closed","template":"","meta":[],"product_brand":[],"product_cat":[2719],"product_tag":[],"class_list":{"0":"post-288206","1":"product","2":"type-product","3":"status-publish","4":"has-post-thumbnail","6":"product_cat-matare","8":"first","9":"instock","10":"taxable","11":"shipping-taxable","12":"purchasable","13":"product-type-simple"},"composite_virtual":false,"composite_layout":"","composite_add_to_cart_form_location":"","composite_editable_in_cart":false,"composite_sold_individually_context":"","composite_shop_price_calc":"","composite_components":[],"composite_scenarios":[],"group_of_quantity":0,"min_quantity":0,"max_quantity":"","exclude_order_quantity_value_rules":"no","exclude_category_quantity_rules":"no","combine_variations":"no","exclude_global_add_ons":[],"addons":[],"_links":{"self":[{"href":"https:\/\/www.huntersfriend.eu\/sv\/wp-json\/wp\/v2\/product\/288206","targetHints":{"allow":["GET"]}}],"collection":[{"href":"https:\/\/www.huntersfriend.eu\/sv\/wp-json\/wp\/v2\/product"}],"about":[{"href":"https:\/\/www.huntersfriend.eu\/sv\/wp-json\/wp\/v2\/types\/product"}],"replies":[{"embeddable":true,"href":"https:\/\/www.huntersfriend.eu\/sv\/wp-json\/wp\/v2\/comments?post=288206"}],"wp:featuredmedia":[{"embeddable":true,"href":"https:\/\/www.huntersfriend.eu\/sv\/wp-json\/wp\/v2\/media\/231437"}],"wp:attachment":[{"href":"https:\/\/www.huntersfriend.eu\/sv\/wp-json\/wp\/v2\/media?parent=288206"}],"wp:term":[{"taxonomy":"product_brand","embeddable":true,"href":"https:\/\/www.huntersfriend.eu\/sv\/wp-json\/wp\/v2\/product_brand?post=288206"},{"taxonomy":"product_cat","embeddable":true,"href":"https:\/\/www.huntersfriend.eu\/sv\/wp-json\/wp\/v2\/product_cat?post=288206"},{"taxonomy":"product_tag","embeddable":true,"href":"https:\/\/www.huntersfriend.eu\/sv\/wp-json\/wp\/v2\/product_tag?post=288206"}],"curies":[{"name":"wp","href":"https:\/\/api.w.org\/{rel}","templated":true}]}}