{"id":288205,"date":"2022-03-07T15:20:25","date_gmt":"2022-03-07T13:20:25","guid":{"rendered":"https:\/\/www.huntersfriend.eu\/product\/primos-the-lil-can-2\/"},"modified":"2025-08-27T11:11:41","modified_gmt":"2025-08-27T09:11:41","slug":"primos-the-lil-can-2","status":"publish","type":"product","link":"https:\/\/www.huntersfriend.eu\/sv\/produkt\/primos-the-lil-can-2\/","title":{"rendered":"Primos the lil&#8217; can"},"content":{"rendered":"<p>\u201cTHE Lil&#8217; CAN\u00ae\u201d \u00e4r perfekt f\u00f6r lockjakt tidigt p\u00e5 s\u00e4songen. Du kan inte misslyckas med \u201cTHE Lil&#8217; CAN\u00ae\u201d under tidig s\u00e4song. Vitsvanshjort, svartsvanshjort och mulhjort kan alla reagera snabbt och dramatiskt p\u00e5 de &#8221;darrande&#8221; getbrunstl\u00e4tena\u2122 som produceras av \u201cTHE Lil&#8217; CAN\u00ae\u201d. Du kommer inte att bli besviken.   <\/p>\n<ul>\n<li>Mindre f\u00f6r h\u00f6gre l\u00e4ten fr\u00e5n unga getter<\/li>\n<li>Perfekt f\u00f6r jakt tidigt p\u00e5 s\u00e4songen<\/li>\n<\/ul>\n","protected":false},"excerpt":{"rendered":"<p>\u201cTHE Lil&#8217; CAN\u00ae\u201d \u00e4r perfekt f\u00f6r lockjakt tidigt p\u00e5 s\u00e4songen. Du kan inte misslyckas med \u201cTHE Lil&#8217; CAN\u00ae\u201d under tidig s\u00e4song. Vitsvanshjort, svartsvanshjort och mulhjort kan alla reagera snabbt och dramatiskt p\u00e5 de &#8221;darrande&#8221; getbrunstl\u00e4tena\u2122 som produceras av \u201cTHE Lil&#8217; CAN\u00ae\u201d. Du kommer inte att bli besviken. Mindre f\u00f6r h\u00f6gre l\u00e4ten fr\u00e5n unga getter Perfekt [&#8230;]\n","protected":false},"featured_media":224989,"comment_status":"open","ping_status":"closed","template":"","meta":[],"product_brand":[],"product_cat":[2878],"product_tag":[],"class_list":{"0":"post-288205","1":"product","2":"type-product","3":"status-publish","4":"has-post-thumbnail","6":"product_cat-lockpipor-for-storvilt","8":"first","9":"instock","10":"taxable","11":"shipping-taxable","12":"purchasable","13":"product-type-simple"},"composite_virtual":false,"composite_layout":"","composite_add_to_cart_form_location":"","composite_editable_in_cart":false,"composite_sold_individually_context":"","composite_shop_price_calc":"","composite_components":[],"composite_scenarios":[],"group_of_quantity":0,"min_quantity":0,"max_quantity":"","exclude_order_quantity_value_rules":"no","exclude_category_quantity_rules":"no","combine_variations":"no","exclude_global_add_ons":[],"addons":[],"_links":{"self":[{"href":"https:\/\/www.huntersfriend.eu\/sv\/wp-json\/wp\/v2\/product\/288205","targetHints":{"allow":["GET"]}}],"collection":[{"href":"https:\/\/www.huntersfriend.eu\/sv\/wp-json\/wp\/v2\/product"}],"about":[{"href":"https:\/\/www.huntersfriend.eu\/sv\/wp-json\/wp\/v2\/types\/product"}],"replies":[{"embeddable":true,"href":"https:\/\/www.huntersfriend.eu\/sv\/wp-json\/wp\/v2\/comments?post=288205"}],"wp:featuredmedia":[{"embeddable":true,"href":"https:\/\/www.huntersfriend.eu\/sv\/wp-json\/wp\/v2\/media\/224989"}],"wp:attachment":[{"href":"https:\/\/www.huntersfriend.eu\/sv\/wp-json\/wp\/v2\/media?parent=288205"}],"wp:term":[{"taxonomy":"product_brand","embeddable":true,"href":"https:\/\/www.huntersfriend.eu\/sv\/wp-json\/wp\/v2\/product_brand?post=288205"},{"taxonomy":"product_cat","embeddable":true,"href":"https:\/\/www.huntersfriend.eu\/sv\/wp-json\/wp\/v2\/product_cat?post=288205"},{"taxonomy":"product_tag","embeddable":true,"href":"https:\/\/www.huntersfriend.eu\/sv\/wp-json\/wp\/v2\/product_tag?post=288205"}],"curies":[{"name":"wp","href":"https:\/\/api.w.org\/{rel}","templated":true}]}}