{"id":288204,"date":"2021-12-30T12:20:40","date_gmt":"2021-12-30T10:20:40","guid":{"rendered":"https:\/\/www.huntersfriend.eu\/product\/meopta-optika6-3-18x56rd-sfp-4c\/"},"modified":"2025-08-27T11:11:36","modified_gmt":"2025-08-27T09:11:36","slug":"meopta-optika6-3-18x56rd-sfp-4c","status":"publish","type":"product","link":"https:\/\/www.huntersfriend.eu\/sv\/produkt\/meopta-optika6-3-18x56rd-sfp-4c\/","title":{"rendered":"Meopta Optika6 3-18x56RD SFP, 4C"},"content":{"rendered":"<p>Meopta Optika6 3-18x56RD SFP-modellen har skyddade sid- och h\u00f6jdjusteringar. Det \u00e4r ett utm\u00e4rkt kikarsikte f\u00f6r j\u00e4gare och m\u00e5lskyttar. 3-18&#215;56 finns i flera riktmedelskonfigurationer inklusive valfri belysning och DichroTech, och \u00e4r designad med j\u00e4gare och skyttar i \u00e5tanke.  <\/p>\n<ul>\n<li>MeoBright-bel\u00e4ggningar<\/li>\n<li>MeoShield-bel\u00e4ggningar<\/li>\n<li>Hydrofobisk bel\u00e4ggning<\/li>\n<li>Nollst\u00e4llning av sid- och h\u00f6jdjustering<\/li>\n<li>Nollstopp p\u00e5 utvalda modeller<\/li>\n<li>Inkluderar justerbar och avtagbar effektkastspak<\/li>\n<li>4C riktmedel<\/li>\n<\/ul>\n<h3><strong>Specifikationer<\/strong>:<\/h3>\n<table width=\"530\">\n<tbody>\n<tr>\n<td width=\"466\">F\u00f6rstoring<\/td>\n<td width=\"64\">3 &#8211; 18 x<\/td>\n<\/tr>\n<tr>\n<td>Objektivlins<\/td>\n<td>56 mm<\/td>\n<\/tr>\n<tr>\n<td>Objektivfilterg\u00e4nga<\/td>\n<td>M61x0.75<\/td>\n<\/tr>\n<tr>\n<td>Huvudtubstorlek<\/td>\n<td>30 mm<\/td>\n<\/tr>\n<tr>\n<td>\u00d6gonavst\u00e5nd, mm<\/td>\n<td>100 mm<\/td>\n<\/tr>\n<tr>\n<td>Synf\u00e4lt, m\/100m<\/td>\n<td>11.1-1.9<\/td>\n<\/tr>\n<tr>\n<td>Synf\u00e4lt<\/td>\n<td>6.34 &#8211; 1.1 \u00b0<\/td>\n<\/tr>\n<tr>\n<td>Fokalplansposition<\/td>\n<td>2<\/td>\n<\/tr>\n<tr>\n<td>Dioptrikompensation<\/td>\n<td>-2 \/ 2 D<\/td>\n<\/tr>\n<tr>\n<td>Dagsljustransmission<\/td>\n<td>91 %<\/td>\n<\/tr>\n<tr>\n<td>Tr\u00e4ffl\u00e4gesjustering per klick, cm\/100m<\/td>\n<td>0.7<\/td>\n<\/tr>\n<tr>\n<td>Justeringsomf\u00e5ng f\u00f6r vind- och h\u00f6jdjustering, cm\/100m<\/td>\n<td>262<\/td>\n<\/tr>\n<tr>\n<td>Parallaxjustering<\/td>\n<td>10 yd &#8211; infinity y\/n<\/td>\n<\/tr>\n<tr>\n<td>L\u00e4ngd, mm<\/td>\n<td>368 mm<\/td>\n<\/tr>\n<tr>\n<td>Vikt, g<\/td>\n<td>865<\/td>\n<\/tr>\n<\/tbody>\n<\/table>\n<p>10 \u00e5rs garanti vid registrering.<\/p>\n","protected":false},"excerpt":{"rendered":"<p>Belyst riktmedel, 30 mm huvudtub<\/p>\n","protected":false},"featured_media":220724,"comment_status":"open","ping_status":"closed","template":"","meta":[],"product_brand":[],"product_cat":[878],"product_tag":[],"class_list":{"0":"post-288204","1":"product","2":"type-product","3":"status-publish","4":"has-post-thumbnail","6":"product_cat-uncategorized-sv","8":"first","9":"outofstock","10":"taxable","11":"shipping-taxable","12":"purchasable","13":"product-type-simple"},"composite_virtual":false,"composite_layout":"","composite_add_to_cart_form_location":"","composite_editable_in_cart":false,"composite_sold_individually_context":"","composite_shop_price_calc":"","composite_components":[],"composite_scenarios":[],"group_of_quantity":0,"min_quantity":0,"max_quantity":"","exclude_order_quantity_value_rules":"no","exclude_category_quantity_rules":"no","combine_variations":"no","exclude_global_add_ons":[],"addons":[],"_links":{"self":[{"href":"https:\/\/www.huntersfriend.eu\/sv\/wp-json\/wp\/v2\/product\/288204","targetHints":{"allow":["GET"]}}],"collection":[{"href":"https:\/\/www.huntersfriend.eu\/sv\/wp-json\/wp\/v2\/product"}],"about":[{"href":"https:\/\/www.huntersfriend.eu\/sv\/wp-json\/wp\/v2\/types\/product"}],"replies":[{"embeddable":true,"href":"https:\/\/www.huntersfriend.eu\/sv\/wp-json\/wp\/v2\/comments?post=288204"}],"wp:featuredmedia":[{"embeddable":true,"href":"https:\/\/www.huntersfriend.eu\/sv\/wp-json\/wp\/v2\/media\/220724"}],"wp:attachment":[{"href":"https:\/\/www.huntersfriend.eu\/sv\/wp-json\/wp\/v2\/media?parent=288204"}],"wp:term":[{"taxonomy":"product_brand","embeddable":true,"href":"https:\/\/www.huntersfriend.eu\/sv\/wp-json\/wp\/v2\/product_brand?post=288204"},{"taxonomy":"product_cat","embeddable":true,"href":"https:\/\/www.huntersfriend.eu\/sv\/wp-json\/wp\/v2\/product_cat?post=288204"},{"taxonomy":"product_tag","embeddable":true,"href":"https:\/\/www.huntersfriend.eu\/sv\/wp-json\/wp\/v2\/product_tag?post=288204"}],"curies":[{"name":"wp","href":"https:\/\/api.w.org\/{rel}","templated":true}]}}