{"id":288198,"date":"2022-03-24T10:05:30","date_gmt":"2022-03-24T08:05:30","guid":{"rendered":"https:\/\/www.huntersfriend.eu\/product\/hme-maxx-hisslina\/"},"modified":"2025-08-27T11:11:28","modified_gmt":"2025-08-27T09:11:28","slug":"hme-maxx-hisslina","status":"publish","type":"product","link":"https:\/\/www.huntersfriend.eu\/sv\/produkt\/hme-maxx-hisslina\/","title":{"rendered":"HME Maxx hisslina"},"content":{"rendered":"<p>Utm\u00e4rkt hisslina f\u00f6r att lyfta tyngre f\u00f6rem\u00e5l som ditt vapen, din pilb\u00e5ge, ryggs\u00e4ck, etc.<\/p>\n<ul>\n<li>7,6 meter l\u00e5ng med HD-karbinhakskrok<\/li>\n<li>3,8 cm orange reflextejp f\u00f6r enklare lokalisering<\/li>\n<li>PVC-belagd krok f\u00f6r tyst anv\u00e4ndning och inget slitage p\u00e5 pilb\u00e5gen<\/li>\n<\/ul>\n","protected":false},"excerpt":{"rendered":"<p>F\u00f6r att lyfta tyngre f\u00f6rem\u00e5l till din tr\u00e4dstam<\/p>\n","protected":false},"featured_media":231400,"comment_status":"open","ping_status":"closed","template":"","meta":[],"product_brand":[],"product_cat":[2563],"product_tag":[],"class_list":{"0":"post-288198","1":"product","2":"type-product","3":"status-publish","4":"has-post-thumbnail","6":"product_cat-tillbehor-for-jakt-torn-och-gomslen","8":"first","9":"outofstock","10":"taxable","11":"shipping-taxable","12":"purchasable","13":"product-type-simple"},"composite_virtual":false,"composite_layout":"","composite_add_to_cart_form_location":"","composite_editable_in_cart":false,"composite_sold_individually_context":"","composite_shop_price_calc":"","composite_components":[],"composite_scenarios":[],"group_of_quantity":0,"min_quantity":0,"max_quantity":"","exclude_order_quantity_value_rules":"no","exclude_category_quantity_rules":"no","combine_variations":"no","exclude_global_add_ons":[],"addons":[],"_links":{"self":[{"href":"https:\/\/www.huntersfriend.eu\/sv\/wp-json\/wp\/v2\/product\/288198","targetHints":{"allow":["GET"]}}],"collection":[{"href":"https:\/\/www.huntersfriend.eu\/sv\/wp-json\/wp\/v2\/product"}],"about":[{"href":"https:\/\/www.huntersfriend.eu\/sv\/wp-json\/wp\/v2\/types\/product"}],"replies":[{"embeddable":true,"href":"https:\/\/www.huntersfriend.eu\/sv\/wp-json\/wp\/v2\/comments?post=288198"}],"wp:featuredmedia":[{"embeddable":true,"href":"https:\/\/www.huntersfriend.eu\/sv\/wp-json\/wp\/v2\/media\/231400"}],"wp:attachment":[{"href":"https:\/\/www.huntersfriend.eu\/sv\/wp-json\/wp\/v2\/media?parent=288198"}],"wp:term":[{"taxonomy":"product_brand","embeddable":true,"href":"https:\/\/www.huntersfriend.eu\/sv\/wp-json\/wp\/v2\/product_brand?post=288198"},{"taxonomy":"product_cat","embeddable":true,"href":"https:\/\/www.huntersfriend.eu\/sv\/wp-json\/wp\/v2\/product_cat?post=288198"},{"taxonomy":"product_tag","embeddable":true,"href":"https:\/\/www.huntersfriend.eu\/sv\/wp-json\/wp\/v2\/product_tag?post=288198"}],"curies":[{"name":"wp","href":"https:\/\/api.w.org\/{rel}","templated":true}]}}