{"id":288194,"date":"2022-03-24T10:05:32","date_gmt":"2022-03-24T08:05:32","guid":{"rendered":"https:\/\/www.huntersfriend.eu\/product\/sme-bipod-med-fjader\/"},"modified":"2025-08-27T11:11:21","modified_gmt":"2025-08-27T09:11:21","slug":"sme-bipod-med-fjader","status":"publish","type":"product","link":"https:\/\/www.huntersfriend.eu\/sv\/produkt\/sme-bipod-med-fjader\/","title":{"rendered":"SME BiPod med fj\u00e4der"},"content":{"rendered":"<p>Viktiga funktioner:<\/p>\n<ul>\n<li>Kl\u00e4mf\u00e4ste f\u00f6r enkel montering p\u00e5 skjutvapen med picatinny\/weaver-stil<\/li>\n<li>Kolvst\u00f6dadapter f\u00f6r montering p\u00e5 skjutvapen med ett standardkolvst\u00f6d<\/li>\n<li>Ytterligare kolvst\u00f6d p\u00e5 adaptern f\u00f6r f\u00e4ste av rembygel<\/li>\n<li>Justerbara fj\u00e4derbelastade ben underl\u00e4ttar snabb utplacering<\/li>\n<li>Runda, hopf\u00e4llbara ben med stark fj\u00e4der<\/li>\n<li>Utdragbara ben f\u00f6r justerbar skjutposition, dra helt enkelt f\u00f6r att f\u00f6rl\u00e4nga benet i position, tryck p\u00e5 knappen f\u00f6r att dra in benen<\/li>\n<li>15 cm &#8211; 23 cm<\/li>\n<li>Premium 6061-T6 aluminium<\/li>\n<\/ul>\n","protected":false},"excerpt":{"rendered":"<p>Jousitettu, s\u00e4\u00e4tyy v\u00e4lill\u00e4 6&#8243;-9&#8243;<\/p>\n","protected":false},"featured_media":288195,"comment_status":"open","ping_status":"closed","template":"","meta":[],"product_brand":[],"product_cat":[2570],"product_tag":[],"class_list":{"0":"post-288194","1":"product","2":"type-product","3":"status-publish","4":"has-post-thumbnail","6":"product_cat-stodpinnar-och-skjutstod","8":"first","9":"instock","10":"taxable","11":"shipping-taxable","12":"purchasable","13":"product-type-simple"},"composite_virtual":false,"composite_layout":"","composite_add_to_cart_form_location":"","composite_editable_in_cart":false,"composite_sold_individually_context":"","composite_shop_price_calc":"","composite_components":[],"composite_scenarios":[],"group_of_quantity":0,"min_quantity":0,"max_quantity":"","exclude_order_quantity_value_rules":"no","exclude_category_quantity_rules":"no","combine_variations":"no","exclude_global_add_ons":[],"addons":[],"_links":{"self":[{"href":"https:\/\/www.huntersfriend.eu\/sv\/wp-json\/wp\/v2\/product\/288194","targetHints":{"allow":["GET"]}}],"collection":[{"href":"https:\/\/www.huntersfriend.eu\/sv\/wp-json\/wp\/v2\/product"}],"about":[{"href":"https:\/\/www.huntersfriend.eu\/sv\/wp-json\/wp\/v2\/types\/product"}],"replies":[{"embeddable":true,"href":"https:\/\/www.huntersfriend.eu\/sv\/wp-json\/wp\/v2\/comments?post=288194"}],"wp:featuredmedia":[{"embeddable":true,"href":"https:\/\/www.huntersfriend.eu\/sv\/wp-json\/wp\/v2\/media\/288195"}],"wp:attachment":[{"href":"https:\/\/www.huntersfriend.eu\/sv\/wp-json\/wp\/v2\/media?parent=288194"}],"wp:term":[{"taxonomy":"product_brand","embeddable":true,"href":"https:\/\/www.huntersfriend.eu\/sv\/wp-json\/wp\/v2\/product_brand?post=288194"},{"taxonomy":"product_cat","embeddable":true,"href":"https:\/\/www.huntersfriend.eu\/sv\/wp-json\/wp\/v2\/product_cat?post=288194"},{"taxonomy":"product_tag","embeddable":true,"href":"https:\/\/www.huntersfriend.eu\/sv\/wp-json\/wp\/v2\/product_tag?post=288194"}],"curies":[{"name":"wp","href":"https:\/\/api.w.org\/{rel}","templated":true}]}}