{"id":288193,"date":"2022-02-07T15:20:24","date_gmt":"2022-02-07T13:20:24","guid":{"rendered":"https:\/\/www.huntersfriend.eu\/product\/sista-inflygning-sista-passering-mindre-lockbete\/"},"modified":"2026-04-15T11:39:18","modified_gmt":"2026-04-15T09:39:18","slug":"sista-inflygning-sista-passering-mindre-lockbete","status":"publish","type":"product","link":"https:\/\/www.huntersfriend.eu\/sv\/produkt\/sista-inflygning-sista-passering-mindre-lockbete\/","title":{"rendered":"Final Approach Last Pass bulvan f\u00f6r mindre kanadag\u00e5s"},"content":{"rendered":"<p id=\"tw-target-text\" class=\"tw-data-text tw-text-large tw-ta\" dir=\"ltr\" data-placeholder=\"K\u00e4\u00e4nn\u00f6s\">Last Pass Full Body Lessers (kanadag\u00e5s) \u00e4r fullpackade med alla funktioner som sj\u00f6f\u00e5gelj\u00e4gare vill ha i en bulvan. Den mest utm\u00e4rkande funktionen \u00e4r Zero Gravity Motion-systemet som ger r\u00f6relse i alla axlar med v\u00e4ldigt lite vind. Tillsammans med bulvanens realistiska utseende g\u00f6r det att f\u00e5glarna tar sin sista sv\u00e4ng i tron att bulvanerna \u00e4r levande f\u00e5glar.  <\/p>\n<ul>\n<li class=\"tw-data-text tw-text-large tw-ta\" dir=\"ltr\" data-placeholder=\"K\u00e4\u00e4nn\u00f6s\">Zero Gravity Motion-system<\/li>\n<li class=\"tw-data-text tw-text-large tw-ta\" dir=\"ltr\" data-placeholder=\"K\u00e4\u00e4nn\u00f6s\">Dubbell\u00e5sande huvudf\u00e4ste<\/li>\n<li class=\"tw-data-text tw-text-large tw-ta\" dir=\"ltr\" data-placeholder=\"K\u00e4\u00e4nn\u00f6s\">Flokkade huvuden<\/li>\n<li class=\"tw-data-text tw-text-large tw-ta\" dir=\"ltr\" data-placeholder=\"K\u00e4\u00e4nn\u00f6s\">48 cm fiberpinnar med grepphandtag f\u00f6r enkel i- och urtagning ur marken<\/li>\n<li class=\"tw-data-text tw-text-large tw-ta\" dir=\"ltr\" data-placeholder=\"K\u00e4\u00e4nn\u00f6s\">Inneh\u00e5ller: 1 vaktpost, 1 vilande och 4 betande (2 raka betare och 2 sidobetare)<\/li>\n<\/ul>\n<p><strong>Best\u00e4llningar \u00e4r begr\u00e4nsade till en kartong p\u00e5 grund av storleken. \u00c4r du intresserad av fler, kontakta oss direkt s\u00e5 tittar vi p\u00e5 fraktkostnaden. <\/strong><\/p>\n","protected":false},"excerpt":{"rendered":"<p><strong>Observera: Onlinebest\u00e4llningar \u00e4r begr\u00e4nsade till en l\u00e5da per best\u00e4llning. F\u00f6r st\u00f6rre m\u00e4ngder, v\u00e4nligen kontakta kundtj\u00e4nst direkt f\u00f6r att se \u00f6ver leveranskostnaderna <\/strong><\/p>\n","protected":false},"featured_media":235338,"comment_status":"open","ping_status":"closed","template":"","meta":[],"product_brand":[],"product_cat":[2830],"product_tag":[],"class_list":{"0":"post-288193","1":"product","2":"type-product","3":"status-publish","4":"has-post-thumbnail","6":"product_cat-gasbeten","7":"product_shipping_class-big-sv","9":"first","10":"outofstock","11":"taxable","12":"shipping-taxable","13":"purchasable","14":"product-type-simple"},"composite_virtual":false,"composite_layout":"","composite_add_to_cart_form_location":"","composite_editable_in_cart":false,"composite_sold_individually_context":"","composite_shop_price_calc":"","composite_components":[],"composite_scenarios":[],"group_of_quantity":0,"min_quantity":0,"max_quantity":"","exclude_order_quantity_value_rules":"no","exclude_category_quantity_rules":"no","combine_variations":"no","exclude_global_add_ons":[],"addons":[],"_links":{"self":[{"href":"https:\/\/www.huntersfriend.eu\/sv\/wp-json\/wp\/v2\/product\/288193","targetHints":{"allow":["GET"]}}],"collection":[{"href":"https:\/\/www.huntersfriend.eu\/sv\/wp-json\/wp\/v2\/product"}],"about":[{"href":"https:\/\/www.huntersfriend.eu\/sv\/wp-json\/wp\/v2\/types\/product"}],"replies":[{"embeddable":true,"href":"https:\/\/www.huntersfriend.eu\/sv\/wp-json\/wp\/v2\/comments?post=288193"}],"wp:featuredmedia":[{"embeddable":true,"href":"https:\/\/www.huntersfriend.eu\/sv\/wp-json\/wp\/v2\/media\/235338"}],"wp:attachment":[{"href":"https:\/\/www.huntersfriend.eu\/sv\/wp-json\/wp\/v2\/media?parent=288193"}],"wp:term":[{"taxonomy":"product_brand","embeddable":true,"href":"https:\/\/www.huntersfriend.eu\/sv\/wp-json\/wp\/v2\/product_brand?post=288193"},{"taxonomy":"product_cat","embeddable":true,"href":"https:\/\/www.huntersfriend.eu\/sv\/wp-json\/wp\/v2\/product_cat?post=288193"},{"taxonomy":"product_tag","embeddable":true,"href":"https:\/\/www.huntersfriend.eu\/sv\/wp-json\/wp\/v2\/product_tag?post=288193"}],"curies":[{"name":"wp","href":"https:\/\/api.w.org\/{rel}","templated":true}]}}