{"id":288183,"date":"2022-02-07T15:20:24","date_gmt":"2022-02-07T13:20:24","guid":{"rendered":"https:\/\/www.huntersfriend.eu\/product\/final-approach-12-facks-vaska-forander\/"},"modified":"2025-08-27T11:11:16","modified_gmt":"2025-08-27T09:11:16","slug":"final-approach-12-facks-vaska-forander","status":"publish","type":"product","link":"https:\/\/www.huntersfriend.eu\/sv\/produkt\/final-approach-12-facks-vaska-forander\/","title":{"rendered":"Final Approach 12-facks v\u00e4ska f\u00f6r\u00e4nder."},"content":{"rendered":"<p>Final Approach 12-facks v\u00e4ska f\u00f6r \u00e4nder \u00e4r mycket l\u00e4tt och kan b\u00e4ra 12 medelstora flytande andlockf\u00e5glar. Den \u00e4r ocks\u00e5 l\u00e4mplig f\u00f6r andra medelstora till sm\u00e5 lockf\u00e5glar som duvor och kr\u00e5kor. <\/p>\n<p>I en fackindelad lockf\u00e5gelsv\u00e4ska \u00e4r dina lockf\u00e5glar alltid i bra skick och det f\u00f6rhindrar att f\u00e4rgen repas och slits. Den \u00e4r mycket portabel och l\u00e4tt att f\u00f6rvara n\u00e4r den inte anv\u00e4nds f\u00f6r jakt. Fackv\u00e4skan inkluderar en axelrem f\u00f6r att g\u00f6ra det mycket enkelt att b\u00e4ra v\u00e4skan.  <\/p>\n<p>Storlek p\u00e5 ett fack: 17,8 cm * 17,8 cm * 40,6 cm<\/p>\n","protected":false},"excerpt":{"rendered":"<p>Sorsakaaveille,12-lokeroinen<\/p>\n","protected":false},"featured_media":238081,"comment_status":"open","ping_status":"closed","template":"","meta":[],"product_brand":[],"product_cat":[2818],"product_tag":[],"class_list":{"0":"post-288183","1":"product","2":"type-product","3":"status-publish","4":"has-post-thumbnail","6":"product_cat-lockfagelsvaskor","8":"first","9":"outofstock","10":"taxable","11":"shipping-taxable","12":"purchasable","13":"product-type-simple"},"composite_virtual":false,"composite_layout":"","composite_add_to_cart_form_location":"","composite_editable_in_cart":false,"composite_sold_individually_context":"","composite_shop_price_calc":"","composite_components":[],"composite_scenarios":[],"group_of_quantity":0,"min_quantity":0,"max_quantity":"","exclude_order_quantity_value_rules":"no","exclude_category_quantity_rules":"no","combine_variations":"no","exclude_global_add_ons":[],"addons":[],"_links":{"self":[{"href":"https:\/\/www.huntersfriend.eu\/sv\/wp-json\/wp\/v2\/product\/288183","targetHints":{"allow":["GET"]}}],"collection":[{"href":"https:\/\/www.huntersfriend.eu\/sv\/wp-json\/wp\/v2\/product"}],"about":[{"href":"https:\/\/www.huntersfriend.eu\/sv\/wp-json\/wp\/v2\/types\/product"}],"replies":[{"embeddable":true,"href":"https:\/\/www.huntersfriend.eu\/sv\/wp-json\/wp\/v2\/comments?post=288183"}],"wp:featuredmedia":[{"embeddable":true,"href":"https:\/\/www.huntersfriend.eu\/sv\/wp-json\/wp\/v2\/media\/238081"}],"wp:attachment":[{"href":"https:\/\/www.huntersfriend.eu\/sv\/wp-json\/wp\/v2\/media?parent=288183"}],"wp:term":[{"taxonomy":"product_brand","embeddable":true,"href":"https:\/\/www.huntersfriend.eu\/sv\/wp-json\/wp\/v2\/product_brand?post=288183"},{"taxonomy":"product_cat","embeddable":true,"href":"https:\/\/www.huntersfriend.eu\/sv\/wp-json\/wp\/v2\/product_cat?post=288183"},{"taxonomy":"product_tag","embeddable":true,"href":"https:\/\/www.huntersfriend.eu\/sv\/wp-json\/wp\/v2\/product_tag?post=288183"}],"curies":[{"name":"wp","href":"https:\/\/api.w.org\/{rel}","templated":true}]}}