{"id":288182,"date":"2022-02-09T15:20:19","date_gmt":"2022-02-09T13:20:19","guid":{"rendered":"https:\/\/www.huntersfriend.eu\/product\/scentlok-be1-fortress-handskar-mossy-oak-terra-gila\/"},"modified":"2025-12-15T08:39:25","modified_gmt":"2025-12-15T06:39:25","slug":"scentlok-be1-fortress-handskar-mossy-oak-terra-gila","status":"publish","type":"product","link":"https:\/\/www.huntersfriend.eu\/sv\/produkt\/scentlok-be1-fortress-handskar-mossy-oak-terra-gila\/","title":{"rendered":"Scentlok BE:1 fortress handskar &#8211; mossy oak Terra Gila"},"content":{"rendered":"<ul>\n<li><strong>Carbon Alloy\u2122-teknik<\/strong><br \/>\nF\u00f6r maximal luktabsorption och doftkontroll<\/li>\n<li><strong>Vattent\u00e4t &amp; vindt\u00e4t<\/strong><br \/>\nH\u00e5ller dig torr och varm med skydd som andas<\/li>\n<li><strong>Thinsulate\u2122-isolering<\/strong><br \/>\nF\u00f6r v\u00e4rme<\/li>\n<li><strong>Slitstarkt yttertyg i nylon<\/strong><br \/>\nMed ett varmt microfleecefoder<\/li>\n<li><strong>L\u00e4derhandflata<\/strong><br \/>\nF\u00f6r b\u00e4ttre grepp<\/li>\n<li><strong>F\u00f6rl\u00e4ngd mudd med elastisk handled<\/strong><br \/>\nGer en s\u00e4ker passform<\/li>\n<li><strong>Cam lock handledsjustering<\/strong><br \/>\nH\u00e5ller handskarna p\u00e5 plats<\/li>\n<\/ul>\n<p>F\u00f6r den tuffa sena s\u00e4songen n\u00e4r det \u00e4r viktigt att h\u00e5lla sig varm \u00e4r Bowhunter Elite:1 Fortress Glove det enda valet. B\u00f6jda fingrar f\u00f6rb\u00e4ttrar passform och grepp medan Carbon Alloy\u2122-tekniken absorberar lukt. <\/p>\n","protected":false},"excerpt":{"rendered":"<p>Extremt varma handskar f\u00f6r sen s\u00e4song<\/p>\n","protected":false},"featured_media":223446,"comment_status":"open","ping_status":"closed","template":"","meta":[],"product_brand":[],"product_cat":[2765,2809],"product_tag":[],"class_list":{"0":"post-288182","1":"product","2":"type-product","3":"status-publish","4":"has-post-thumbnail","6":"product_cat-fyndlada-slutrea","7":"product_cat-handskar","9":"first","10":"instock","11":"sale","12":"taxable","13":"shipping-taxable","14":"purchasable","15":"product-type-variable"},"composite_virtual":false,"composite_layout":"","composite_add_to_cart_form_location":"","composite_editable_in_cart":false,"composite_sold_individually_context":"","composite_shop_price_calc":"","composite_components":[],"composite_scenarios":[],"group_of_quantity":0,"min_quantity":0,"max_quantity":"","exclude_order_quantity_value_rules":"no","exclude_category_quantity_rules":"no","combine_variations":"no","exclude_global_add_ons":[],"addons":[],"_links":{"self":[{"href":"https:\/\/www.huntersfriend.eu\/sv\/wp-json\/wp\/v2\/product\/288182","targetHints":{"allow":["GET"]}}],"collection":[{"href":"https:\/\/www.huntersfriend.eu\/sv\/wp-json\/wp\/v2\/product"}],"about":[{"href":"https:\/\/www.huntersfriend.eu\/sv\/wp-json\/wp\/v2\/types\/product"}],"replies":[{"embeddable":true,"href":"https:\/\/www.huntersfriend.eu\/sv\/wp-json\/wp\/v2\/comments?post=288182"}],"wp:featuredmedia":[{"embeddable":true,"href":"https:\/\/www.huntersfriend.eu\/sv\/wp-json\/wp\/v2\/media\/223446"}],"wp:attachment":[{"href":"https:\/\/www.huntersfriend.eu\/sv\/wp-json\/wp\/v2\/media?parent=288182"}],"wp:term":[{"taxonomy":"product_brand","embeddable":true,"href":"https:\/\/www.huntersfriend.eu\/sv\/wp-json\/wp\/v2\/product_brand?post=288182"},{"taxonomy":"product_cat","embeddable":true,"href":"https:\/\/www.huntersfriend.eu\/sv\/wp-json\/wp\/v2\/product_cat?post=288182"},{"taxonomy":"product_tag","embeddable":true,"href":"https:\/\/www.huntersfriend.eu\/sv\/wp-json\/wp\/v2\/product_tag?post=288182"}],"curies":[{"name":"wp","href":"https:\/\/api.w.org\/{rel}","templated":true}]}}