{"id":288181,"date":"2022-02-15T09:20:15","date_gmt":"2022-02-15T07:20:15","guid":{"rendered":"https:\/\/www.huntersfriend.eu\/product\/vpa-2-blads-1-1-8-kolstal-150-gr\/"},"modified":"2025-08-27T11:11:03","modified_gmt":"2025-08-27T09:11:03","slug":"vpa-2-blads-1-1-8-kolstal-150-gr","status":"publish","type":"product","link":"https:\/\/www.huntersfriend.eu\/sv\/produkt\/vpa-2-blads-1-1-8-kolstal-150-gr\/","title":{"rendered":"VPA 2-blads 1 1\/8&#8243; kolst\u00e5l 150 gr"},"content":{"rendered":"<h2 class=\"Text1565404569__root Text1565404569---typography-11-runningText Text1565404569---priority-7-primary s8gg2 _2UIKs InfoSectionTitle3095652555__root\" aria-hidden=\"false\" data-hook=\"info-section-title\">150 grains, icke-ventilerad \u2013 1 1\/8\u2033 sk\u00e4rbredd<\/h2>\n<div class=\"rah-static rah-static--height-auto\" aria-hidden=\"false\">\n<div>\n<div class=\"_1yvxJ fggS- cell\">\n<div class=\"WncCi\" data-hook=\"info-section-description\">\n<p>VPA:s Premium single bevel VPA 2-blads jaktspetsar lever verkligen upp till hypen! De \u00e4r CNC-maskinbearbetade i ett stycke fr\u00e5n Premium Grade Tool Steel (PTS) och \u00e4r v\u00e4rmebehandlade upp till 58 Rockwell. Ferrulen st\u00f6der spetsen hela v\u00e4gen till den benkrossande spetsen.  <\/p>\n<p>VPA single bevel-serien av jaktspetsar har idealisk bladtjocklek, omfattande single bevel (35 graders bladvinklar) och kan uppn\u00e5 en rakbladsvass egg som \u00e4r perfekt f\u00f6r alla typer av jakt.<\/p>\n<p>Baserat p\u00e5 rekommendationerna fr\u00e5n Ashby Foundation har deras raka, vinklade form en f\u00f6rdel gentemot b\u00f6jda huvuden och ger \u00e4ven ett enkelt l\u00e5ngsiktigt underh\u00e5ll av produkten med avseende p\u00e5 slipning och bryning av produkten.<\/p>\n<p>Dra nytta av single bevel-eggen som hj\u00e4lper till med fortsatt r\u00f6relsemomentum och penetration.<\/p>\n<p>Endast h\u00f6ger bevel.<\/p>\n<\/div>\n<\/div>\n<\/div>\n<\/div>\n","protected":false},"excerpt":{"rendered":"<p>Single Bevel Premium Tool Steel, 3-pack<\/p>\n","protected":false},"featured_media":225095,"comment_status":"open","ping_status":"closed","template":"","meta":[],"product_brand":[],"product_cat":[2647],"product_tag":[],"class_list":{"0":"post-288181","1":"product","2":"type-product","3":"status-publish","4":"has-post-thumbnail","6":"product_cat-broadheads-jakt","8":"first","9":"instock","10":"taxable","11":"shipping-taxable","12":"purchasable","13":"product-type-simple"},"composite_virtual":false,"composite_layout":"","composite_add_to_cart_form_location":"","composite_editable_in_cart":false,"composite_sold_individually_context":"","composite_shop_price_calc":"","composite_components":[],"composite_scenarios":[],"group_of_quantity":0,"min_quantity":0,"max_quantity":"","exclude_order_quantity_value_rules":"no","exclude_category_quantity_rules":"no","combine_variations":"no","exclude_global_add_ons":[],"addons":[],"_links":{"self":[{"href":"https:\/\/www.huntersfriend.eu\/sv\/wp-json\/wp\/v2\/product\/288181","targetHints":{"allow":["GET"]}}],"collection":[{"href":"https:\/\/www.huntersfriend.eu\/sv\/wp-json\/wp\/v2\/product"}],"about":[{"href":"https:\/\/www.huntersfriend.eu\/sv\/wp-json\/wp\/v2\/types\/product"}],"replies":[{"embeddable":true,"href":"https:\/\/www.huntersfriend.eu\/sv\/wp-json\/wp\/v2\/comments?post=288181"}],"wp:featuredmedia":[{"embeddable":true,"href":"https:\/\/www.huntersfriend.eu\/sv\/wp-json\/wp\/v2\/media\/225095"}],"wp:attachment":[{"href":"https:\/\/www.huntersfriend.eu\/sv\/wp-json\/wp\/v2\/media?parent=288181"}],"wp:term":[{"taxonomy":"product_brand","embeddable":true,"href":"https:\/\/www.huntersfriend.eu\/sv\/wp-json\/wp\/v2\/product_brand?post=288181"},{"taxonomy":"product_cat","embeddable":true,"href":"https:\/\/www.huntersfriend.eu\/sv\/wp-json\/wp\/v2\/product_cat?post=288181"},{"taxonomy":"product_tag","embeddable":true,"href":"https:\/\/www.huntersfriend.eu\/sv\/wp-json\/wp\/v2\/product_tag?post=288181"}],"curies":[{"name":"wp","href":"https:\/\/api.w.org\/{rel}","templated":true}]}}