{"id":288180,"date":"2022-02-07T15:20:27","date_gmt":"2022-02-07T13:20:27","guid":{"rendered":"https:\/\/www.huntersfriend.eu\/product\/slutlig-inflygning-live-berguv\/"},"modified":"2025-08-27T11:10:56","modified_gmt":"2025-08-27T09:10:56","slug":"slutlig-inflygning-live-berguv","status":"publish","type":"product","link":"https:\/\/www.huntersfriend.eu\/sv\/produkt\/slutlig-inflygning-live-berguv\/","title":{"rendered":"Slutlig inflygning live berguv"},"content":{"rendered":"<p>Final Approach Live Great Horned Owl h\u00e5ller f\u00e5glar borta fr\u00e5n din tr\u00e4dg\u00e5rd eller anv\u00e4nds bara f\u00f6r effektivare kr\u00e5kjakt. Kr\u00e5kjakt med uvattrapp \u00e4r en traditionell metod i Skandinavien och Finland. I den metoden placeras uvattrappen med en st\u00e5ng p\u00e5 toppen av ett tr\u00e4d och kr\u00e5korna kommer aggressivt f\u00f6r att jaga uven, vilket ger skytten m\u00f6jlighet att skjuta ner dem.  <\/p>\n<p>Final Approach Live Great Horned Owl \u00e4r tillverkad av slitstark HDPE-plast med realistiska f\u00e4rgscheman. Denna lockf\u00e5gel har tv\u00e5 ansikten som kan vridas. <\/p>\n","protected":false},"excerpt":{"rendered":"<p>Tv\u00e5sidig<\/p>\n","protected":false},"featured_media":246896,"comment_status":"open","ping_status":"closed","template":"","meta":[],"product_brand":[],"product_cat":[878],"product_tag":[],"class_list":{"0":"post-288180","1":"product","2":"type-product","3":"status-publish","4":"has-post-thumbnail","6":"product_cat-uncategorized-sv","7":"product_shipping_class-big-sv","9":"first","10":"outofstock","11":"taxable","12":"shipping-taxable","13":"purchasable","14":"product-type-simple"},"composite_virtual":false,"composite_layout":"","composite_add_to_cart_form_location":"","composite_editable_in_cart":false,"composite_sold_individually_context":"","composite_shop_price_calc":"","composite_components":[],"composite_scenarios":[],"group_of_quantity":0,"min_quantity":0,"max_quantity":"","exclude_order_quantity_value_rules":"no","exclude_category_quantity_rules":"no","combine_variations":"no","exclude_global_add_ons":[],"addons":[],"_links":{"self":[{"href":"https:\/\/www.huntersfriend.eu\/sv\/wp-json\/wp\/v2\/product\/288180","targetHints":{"allow":["GET"]}}],"collection":[{"href":"https:\/\/www.huntersfriend.eu\/sv\/wp-json\/wp\/v2\/product"}],"about":[{"href":"https:\/\/www.huntersfriend.eu\/sv\/wp-json\/wp\/v2\/types\/product"}],"replies":[{"embeddable":true,"href":"https:\/\/www.huntersfriend.eu\/sv\/wp-json\/wp\/v2\/comments?post=288180"}],"wp:featuredmedia":[{"embeddable":true,"href":"https:\/\/www.huntersfriend.eu\/sv\/wp-json\/wp\/v2\/media\/246896"}],"wp:attachment":[{"href":"https:\/\/www.huntersfriend.eu\/sv\/wp-json\/wp\/v2\/media?parent=288180"}],"wp:term":[{"taxonomy":"product_brand","embeddable":true,"href":"https:\/\/www.huntersfriend.eu\/sv\/wp-json\/wp\/v2\/product_brand?post=288180"},{"taxonomy":"product_cat","embeddable":true,"href":"https:\/\/www.huntersfriend.eu\/sv\/wp-json\/wp\/v2\/product_cat?post=288180"},{"taxonomy":"product_tag","embeddable":true,"href":"https:\/\/www.huntersfriend.eu\/sv\/wp-json\/wp\/v2\/product_tag?post=288180"}],"curies":[{"name":"wp","href":"https:\/\/api.w.org\/{rel}","templated":true}]}}