{"id":288179,"date":"2022-02-17T12:20:13","date_gmt":"2022-02-17T10:20:13","guid":{"rendered":"https:\/\/www.huntersfriend.eu\/product\/foxpro-foxjack-5-fagelattrapp\/"},"modified":"2026-03-18T22:00:17","modified_gmt":"2026-03-18T20:00:17","slug":"foxpro-foxjack-5-fagelattrapp","status":"publish","type":"product","link":"https:\/\/www.huntersfriend.eu\/sv\/produkt\/foxpro-foxjack-5-fagelattrapp\/","title":{"rendered":"FoxPro FoxJack 5 F\u00e5gelattrapp"},"content":{"rendered":"<p>Nu kan du f\u00f6rvandla din nuvarande digitala FOXPRO-lockjakt till en komplett och portabel maskin f\u00f6r predatorjakt. Byt helt enkelt ut ditt befintliga batterilock mot FoxJack 5, anslut batterierna och 3,5 mm mono-patchkabeln fr\u00e5n attrappen till din digitala FOXPRO-lockjakt, och du \u00e4r redo att k\u00f6ra. FoxJack 5 levererar en of\u00f6ruts\u00e4gbar r\u00f6relse med en viskande tyst motor. FoxJack 5 ger rovdjur den visuella bekr\u00e4ftelsen de letar efter, och den kan fj\u00e4rrstyras med din digitala FOXPRO-lockjakt. FoxJack 5 \u00e4r kompatibel med INFERNO, PATRIOT, SPITFIRE och WILDFIRE 1 och 2. FoxJack 5 levereras som standard med en 90-dagars begr\u00e4nsad garanti.     <\/p>\n<h2>Funktionsh\u00f6jdpunkter<\/h2>\n<ul>\n<li>F\u00e4sts direkt p\u00e5 din FOXPRO-lockjakt!<\/li>\n<li>Viskande tyst motor<\/li>\n<li>F\u00f6rb\u00e4ttrad r\u00f6relse f\u00f6r fantastisk action och realism<\/li>\n<li>LED f\u00f6r anv\u00e4ndning nattetid<\/li>\n<li>Kan fj\u00e4rrstyras med din digitala FOXPRO-lockjakt<\/li>\n<li>Ger rovdjur den visuella bekr\u00e4ftelsen de letar efter<\/li>\n<li>Levereras som standard med bluebird-topper<\/li>\n<\/ul>\n","protected":false},"excerpt":{"rendered":"<p>Nu kan du f\u00f6rvandla din nuvarande digitala FOXPRO-lockjakt till en komplett och portabel maskin f\u00f6r predatorjakt. Byt helt enkelt ut ditt befintliga batterilock mot FoxJack 5, anslut batterierna och 3,5 mm mono-patchkabeln fr\u00e5n attrappen till din digitala FOXPRO-lockjakt, och du \u00e4r redo att k\u00f6ra. FoxJack 5 levererar en of\u00f6ruts\u00e4gbar r\u00f6relse med en viskande tyst motor. [&#8230;]\n","protected":false},"featured_media":225440,"comment_status":"open","ping_status":"closed","template":"","meta":[],"product_brand":[],"product_cat":[2855,2530],"product_tag":[],"class_list":{"0":"post-288179","1":"product","2":"type-product","3":"status-publish","4":"has-post-thumbnail","6":"product_cat-elektroniska-lockjakter","7":"product_cat-rovdjursattrapper","9":"first","10":"instock","11":"taxable","12":"shipping-taxable","13":"purchasable","14":"product-type-simple"},"composite_virtual":false,"composite_layout":"","composite_add_to_cart_form_location":"","composite_editable_in_cart":false,"composite_sold_individually_context":"","composite_shop_price_calc":"","composite_components":[],"composite_scenarios":[],"group_of_quantity":0,"min_quantity":0,"max_quantity":"","exclude_order_quantity_value_rules":"no","exclude_category_quantity_rules":"no","combine_variations":"no","exclude_global_add_ons":[],"addons":[],"_links":{"self":[{"href":"https:\/\/www.huntersfriend.eu\/sv\/wp-json\/wp\/v2\/product\/288179","targetHints":{"allow":["GET"]}}],"collection":[{"href":"https:\/\/www.huntersfriend.eu\/sv\/wp-json\/wp\/v2\/product"}],"about":[{"href":"https:\/\/www.huntersfriend.eu\/sv\/wp-json\/wp\/v2\/types\/product"}],"replies":[{"embeddable":true,"href":"https:\/\/www.huntersfriend.eu\/sv\/wp-json\/wp\/v2\/comments?post=288179"}],"wp:featuredmedia":[{"embeddable":true,"href":"https:\/\/www.huntersfriend.eu\/sv\/wp-json\/wp\/v2\/media\/225440"}],"wp:attachment":[{"href":"https:\/\/www.huntersfriend.eu\/sv\/wp-json\/wp\/v2\/media?parent=288179"}],"wp:term":[{"taxonomy":"product_brand","embeddable":true,"href":"https:\/\/www.huntersfriend.eu\/sv\/wp-json\/wp\/v2\/product_brand?post=288179"},{"taxonomy":"product_cat","embeddable":true,"href":"https:\/\/www.huntersfriend.eu\/sv\/wp-json\/wp\/v2\/product_cat?post=288179"},{"taxonomy":"product_tag","embeddable":true,"href":"https:\/\/www.huntersfriend.eu\/sv\/wp-json\/wp\/v2\/product_tag?post=288179"}],"curies":[{"name":"wp","href":"https:\/\/api.w.org\/{rel}","templated":true}]}}