{"id":288178,"date":"2022-02-10T12:20:21","date_gmt":"2022-02-10T10:20:21","guid":{"rendered":"https:\/\/www.huntersfriend.eu\/product\/buck-gardner-big-water\/"},"modified":"2025-08-27T11:10:36","modified_gmt":"2025-08-27T09:10:36","slug":"buck-gardner-big-water","status":"publish","type":"product","link":"https:\/\/www.huntersfriend.eu\/sv\/produkt\/buck-gardner-big-water\/","title":{"rendered":"Buck Gardner Big Water"},"content":{"rendered":"<div class=\"description bottom\">\n<p>Vidstr\u00e4ckta ytor och starka vindar kan inte h\u00e5lla tillbaka det extremt h\u00f6gljudda enkelr\u00f6rsinstrumentet Big Water. Denna lockpipa \u00e4r idealisk f\u00f6r sj\u00f6ar, floder och \u00f6versv\u00e4mmade jordbruksf\u00e4lt n\u00e4r du beh\u00f6ver locka \u00e4nder fr\u00e5n l\u00e5nga avst\u00e5nd. Varje Big Water-lockpipa \u00e4r individuellt st\u00e4md med en handslipad tonplatta och ett specialtrimmat r\u00f6rblad.  <\/p>\n<\/div>\n","protected":false},"excerpt":{"rendered":"<p>Enkel r\u00f6rblad, klar<\/p>\n","protected":false},"featured_media":276375,"comment_status":"open","ping_status":"closed","template":"","meta":[],"product_brand":[],"product_cat":[2804],"product_tag":[],"class_list":{"0":"post-288178","1":"product","2":"type-product","3":"status-publish","4":"has-post-thumbnail","6":"product_cat-andlockbeten","8":"first","9":"instock","10":"taxable","11":"shipping-taxable","12":"purchasable","13":"product-type-simple"},"composite_virtual":false,"composite_layout":"","composite_add_to_cart_form_location":"","composite_editable_in_cart":false,"composite_sold_individually_context":"","composite_shop_price_calc":"","composite_components":[],"composite_scenarios":[],"group_of_quantity":0,"min_quantity":0,"max_quantity":"","exclude_order_quantity_value_rules":"no","exclude_category_quantity_rules":"no","combine_variations":"no","exclude_global_add_ons":[],"addons":[],"_links":{"self":[{"href":"https:\/\/www.huntersfriend.eu\/sv\/wp-json\/wp\/v2\/product\/288178","targetHints":{"allow":["GET"]}}],"collection":[{"href":"https:\/\/www.huntersfriend.eu\/sv\/wp-json\/wp\/v2\/product"}],"about":[{"href":"https:\/\/www.huntersfriend.eu\/sv\/wp-json\/wp\/v2\/types\/product"}],"replies":[{"embeddable":true,"href":"https:\/\/www.huntersfriend.eu\/sv\/wp-json\/wp\/v2\/comments?post=288178"}],"wp:featuredmedia":[{"embeddable":true,"href":"https:\/\/www.huntersfriend.eu\/sv\/wp-json\/wp\/v2\/media\/276375"}],"wp:attachment":[{"href":"https:\/\/www.huntersfriend.eu\/sv\/wp-json\/wp\/v2\/media?parent=288178"}],"wp:term":[{"taxonomy":"product_brand","embeddable":true,"href":"https:\/\/www.huntersfriend.eu\/sv\/wp-json\/wp\/v2\/product_brand?post=288178"},{"taxonomy":"product_cat","embeddable":true,"href":"https:\/\/www.huntersfriend.eu\/sv\/wp-json\/wp\/v2\/product_cat?post=288178"},{"taxonomy":"product_tag","embeddable":true,"href":"https:\/\/www.huntersfriend.eu\/sv\/wp-json\/wp\/v2\/product_tag?post=288178"}],"curies":[{"name":"wp","href":"https:\/\/api.w.org\/{rel}","templated":true}]}}