{"id":288176,"date":"2022-03-07T15:20:23","date_gmt":"2022-03-07T13:20:23","guid":{"rendered":"https:\/\/www.huntersfriend.eu\/product\/primos-skallande-stridshorn\/"},"modified":"2025-08-27T11:10:25","modified_gmt":"2025-08-27T09:10:25","slug":"primos-skallande-stridshorn","status":"publish","type":"product","link":"https:\/\/www.huntersfriend.eu\/sv\/produkt\/primos-skallande-stridshorn\/","title":{"rendered":"Primos skallande stridshorn"},"content":{"rendered":"<p>Tillverkad med h\u00f6gteknologisk polymer f\u00f6r att leverera samma konsistens och struktur som riktiga horn. De 14 kontaktpunkterna \u00e5terger ljud av bockar som sl\u00e5ss, fr\u00e5n en l\u00e4tt sparring till en extra h\u00f6gljudd strid. Den f\u00f6rl\u00e4ngda handtagsdesignen ger j\u00e4gare utrymme att skramla utan att skada h\u00e4nderna.  <\/p>\n<ul>\n<li>14 kontaktpunkter<\/li>\n<li>Samma konsistens och struktur som riktiga horn<\/li>\n<li>F\u00f6rl\u00e4ngda handtag<\/li>\n<\/ul>\n","protected":false},"excerpt":{"rendered":"<p>Tillverkad med h\u00f6gteknologisk polymer f\u00f6r att leverera samma konsistens och struktur som riktiga horn. De 14 kontaktpunkterna \u00e5terger ljud av bockar som sl\u00e5ss, fr\u00e5n en l\u00e4tt sparring till en extra h\u00f6gljudd strid. Den f\u00f6rl\u00e4ngda handtagsdesignen ger j\u00e4gare utrymme att skramla utan att skada h\u00e4nderna. 14 kontaktpunkter Samma konsistens och struktur som riktiga horn F\u00f6rl\u00e4ngda handtag<\/p>\n","protected":false},"featured_media":225705,"comment_status":"open","ping_status":"closed","template":"","meta":[],"product_brand":[],"product_cat":[2878],"product_tag":[],"class_list":{"0":"post-288176","1":"product","2":"type-product","3":"status-publish","4":"has-post-thumbnail","6":"product_cat-lockpipor-for-storvilt","8":"first","9":"instock","10":"taxable","11":"shipping-taxable","12":"purchasable","13":"product-type-simple"},"composite_virtual":false,"composite_layout":"","composite_add_to_cart_form_location":"","composite_editable_in_cart":false,"composite_sold_individually_context":"","composite_shop_price_calc":"","composite_components":[],"composite_scenarios":[],"group_of_quantity":0,"min_quantity":0,"max_quantity":"","exclude_order_quantity_value_rules":"no","exclude_category_quantity_rules":"no","combine_variations":"no","exclude_global_add_ons":[],"addons":[],"_links":{"self":[{"href":"https:\/\/www.huntersfriend.eu\/sv\/wp-json\/wp\/v2\/product\/288176","targetHints":{"allow":["GET"]}}],"collection":[{"href":"https:\/\/www.huntersfriend.eu\/sv\/wp-json\/wp\/v2\/product"}],"about":[{"href":"https:\/\/www.huntersfriend.eu\/sv\/wp-json\/wp\/v2\/types\/product"}],"replies":[{"embeddable":true,"href":"https:\/\/www.huntersfriend.eu\/sv\/wp-json\/wp\/v2\/comments?post=288176"}],"wp:featuredmedia":[{"embeddable":true,"href":"https:\/\/www.huntersfriend.eu\/sv\/wp-json\/wp\/v2\/media\/225705"}],"wp:attachment":[{"href":"https:\/\/www.huntersfriend.eu\/sv\/wp-json\/wp\/v2\/media?parent=288176"}],"wp:term":[{"taxonomy":"product_brand","embeddable":true,"href":"https:\/\/www.huntersfriend.eu\/sv\/wp-json\/wp\/v2\/product_brand?post=288176"},{"taxonomy":"product_cat","embeddable":true,"href":"https:\/\/www.huntersfriend.eu\/sv\/wp-json\/wp\/v2\/product_cat?post=288176"},{"taxonomy":"product_tag","embeddable":true,"href":"https:\/\/www.huntersfriend.eu\/sv\/wp-json\/wp\/v2\/product_tag?post=288176"}],"curies":[{"name":"wp","href":"https:\/\/api.w.org\/{rel}","templated":true}]}}