{"id":288175,"date":"2022-03-07T15:20:22","date_gmt":"2022-03-07T13:20:22","guid":{"rendered":"https:\/\/www.huntersfriend.eu\/product\/primos-buck-roar-ii-lockrop-for-hjortar\/"},"modified":"2025-09-05T06:47:46","modified_gmt":"2025-09-05T04:47:46","slug":"primos-buck-roar-ii-lockrop-for-hjortar","status":"publish","type":"product","link":"https:\/\/www.huntersfriend.eu\/sv\/produkt\/primos-buck-roar-ii-lockrop-for-hjortar\/","title":{"rendered":"Primos Buck roar II lockrop f\u00f6r hjortar"},"content":{"rendered":"<p>Med skarpa och tydliga grymtningar och det mest anstr\u00e4ngningsl\u00f6sa och exakta v\u00e4sandet kommer Buck Roar\u00ae II att bli alla vitstj\u00e4rtj\u00e4gares favoritlockpipa. Vi har f\u00f6rb\u00e4ttrat den legendariska Buck Roar genom att ompositionera pipan, bladet och f\u00f6rst\u00e4rkaren samt anpassa luftfl\u00f6det f\u00f6r att enkelt m\u00f6jligg\u00f6ra skarpa och responsiva grymtningar. Genom att s\u00e4tta in en baffel i v\u00e4sandet och trumpetera utg\u00e5ngen kan det exakta v\u00e4sandet fr\u00e5n en utmanande bock enkelt \u00e5terskapas. Den roterande handledsremmen s\u00e4kerst\u00e4ller att lockpipan \u00e4r i ett l\u00e4ge som \u00e4r redo att anv\u00e4ndas, oavsett om du har full dragning eller lockar till dig en bock p\u00e5 avst\u00e5nd. Den \u00e4r fullmatad med alla funktioner du beh\u00f6ver i en lockpipa f\u00f6r att f\u00e5 in den d\u00e4r trof\u00e9bocken p\u00e5 n\u00e4ra h\u00e5ll.    <\/p>\n<ul>\n<li>Skarpa och responsiva grymtningar<\/li>\n<li>Duplicerar den utmanande v\u00e4sningen fr\u00e5n en mogen bock<\/li>\n<li>Roterande handledsrem f\u00f6r att h\u00e5lla lockpipan redo, i alla l\u00e4gen<\/li>\n<\/ul>\n<p>F\u00f6r vitstj\u00e4rtad hjort<\/p>\n","protected":false},"excerpt":{"rendered":"<p>Med skarpa och tydliga grymtningar och det mest anstr\u00e4ngningsl\u00f6sa och exakta v\u00e4sandet kommer Buck Roar\u00ae II att bli alla vitstj\u00e4rtj\u00e4gares favoritlockpipa. Vi har f\u00f6rb\u00e4ttrat den legendariska Buck Roar genom att ompositionera pipan, bladet och f\u00f6rst\u00e4rkaren samt anpassa luftfl\u00f6det f\u00f6r att enkelt m\u00f6jligg\u00f6ra skarpa och responsiva grymtningar. Genom att s\u00e4tta in en baffel i v\u00e4sandet och [&#8230;]\n","protected":false},"featured_media":225449,"comment_status":"open","ping_status":"closed","template":"","meta":[],"product_brand":[],"product_cat":[878],"product_tag":[],"class_list":{"0":"post-288175","1":"product","2":"type-product","3":"status-publish","4":"has-post-thumbnail","6":"product_cat-uncategorized-sv","8":"first","9":"outofstock","10":"taxable","11":"shipping-taxable","12":"purchasable","13":"product-type-simple"},"composite_virtual":false,"composite_layout":"","composite_add_to_cart_form_location":"","composite_editable_in_cart":false,"composite_sold_individually_context":"","composite_shop_price_calc":"","composite_components":[],"composite_scenarios":[],"group_of_quantity":0,"min_quantity":0,"max_quantity":"","exclude_order_quantity_value_rules":"no","exclude_category_quantity_rules":"no","combine_variations":"no","exclude_global_add_ons":[],"addons":[],"_links":{"self":[{"href":"https:\/\/www.huntersfriend.eu\/sv\/wp-json\/wp\/v2\/product\/288175","targetHints":{"allow":["GET"]}}],"collection":[{"href":"https:\/\/www.huntersfriend.eu\/sv\/wp-json\/wp\/v2\/product"}],"about":[{"href":"https:\/\/www.huntersfriend.eu\/sv\/wp-json\/wp\/v2\/types\/product"}],"replies":[{"embeddable":true,"href":"https:\/\/www.huntersfriend.eu\/sv\/wp-json\/wp\/v2\/comments?post=288175"}],"wp:featuredmedia":[{"embeddable":true,"href":"https:\/\/www.huntersfriend.eu\/sv\/wp-json\/wp\/v2\/media\/225449"}],"wp:attachment":[{"href":"https:\/\/www.huntersfriend.eu\/sv\/wp-json\/wp\/v2\/media?parent=288175"}],"wp:term":[{"taxonomy":"product_brand","embeddable":true,"href":"https:\/\/www.huntersfriend.eu\/sv\/wp-json\/wp\/v2\/product_brand?post=288175"},{"taxonomy":"product_cat","embeddable":true,"href":"https:\/\/www.huntersfriend.eu\/sv\/wp-json\/wp\/v2\/product_cat?post=288175"},{"taxonomy":"product_tag","embeddable":true,"href":"https:\/\/www.huntersfriend.eu\/sv\/wp-json\/wp\/v2\/product_tag?post=288175"}],"curies":[{"name":"wp","href":"https:\/\/api.w.org\/{rel}","templated":true}]}}