{"id":288174,"date":"2022-03-07T15:20:22","date_gmt":"2022-03-07T13:20:22","guid":{"rendered":"https:\/\/www.huntersfriend.eu\/product\/primos-triggerstick-gen3-kamerafasteplatta\/"},"modified":"2025-11-12T13:28:06","modified_gmt":"2025-11-12T11:28:06","slug":"primos-triggerstick-gen3-kamerafasteplatta","status":"publish","type":"product","link":"https:\/\/www.huntersfriend.eu\/sv\/produkt\/primos-triggerstick-gen3-kamerafasteplatta\/","title":{"rendered":"Primos TriggerStick Gen3 kameraf\u00e4steplatta"},"content":{"rendered":"<p>TriggerStick Gen 3-tillbeh\u00f6rsf\u00e4stet \u00e4r ett av de m\u00e5nga tillbeh\u00f6r vi har designat f\u00f6r att hj\u00e4lpa dig att f\u00e5 ut mesta m\u00f6jliga av din TriggerStick Gen 3.<\/p>\n<ul>\n<li>Designad f\u00f6r att fungera med alla Trigger Stick Gen 3-modeller<\/li>\n<li>Standard \u00bc&#8221; -20 g\u00e4ngad stolpe passar de flesta optiker\/kameror<\/li>\n<li>Snabbkopplingsdesign<\/li>\n<\/ul>\n","protected":false},"excerpt":{"rendered":"<p>Sopii kaikkiin Gen3 TriggerStick ampumatukiin<\/p>\n","protected":false},"featured_media":226607,"comment_status":"open","ping_status":"closed","template":"","meta":[],"product_brand":[],"product_cat":[2570],"product_tag":[],"class_list":{"0":"post-288174","1":"product","2":"type-product","3":"status-publish","4":"has-post-thumbnail","6":"product_cat-stodpinnar-och-skjutstod","8":"first","9":"outofstock","10":"taxable","11":"shipping-taxable","12":"purchasable","13":"product-type-simple"},"composite_virtual":false,"composite_layout":"","composite_add_to_cart_form_location":"","composite_editable_in_cart":false,"composite_sold_individually_context":"","composite_shop_price_calc":"","composite_components":[],"composite_scenarios":[],"group_of_quantity":0,"min_quantity":0,"max_quantity":"","exclude_order_quantity_value_rules":"no","exclude_category_quantity_rules":"no","combine_variations":"no","exclude_global_add_ons":[],"addons":[],"_links":{"self":[{"href":"https:\/\/www.huntersfriend.eu\/sv\/wp-json\/wp\/v2\/product\/288174","targetHints":{"allow":["GET"]}}],"collection":[{"href":"https:\/\/www.huntersfriend.eu\/sv\/wp-json\/wp\/v2\/product"}],"about":[{"href":"https:\/\/www.huntersfriend.eu\/sv\/wp-json\/wp\/v2\/types\/product"}],"replies":[{"embeddable":true,"href":"https:\/\/www.huntersfriend.eu\/sv\/wp-json\/wp\/v2\/comments?post=288174"}],"wp:featuredmedia":[{"embeddable":true,"href":"https:\/\/www.huntersfriend.eu\/sv\/wp-json\/wp\/v2\/media\/226607"}],"wp:attachment":[{"href":"https:\/\/www.huntersfriend.eu\/sv\/wp-json\/wp\/v2\/media?parent=288174"}],"wp:term":[{"taxonomy":"product_brand","embeddable":true,"href":"https:\/\/www.huntersfriend.eu\/sv\/wp-json\/wp\/v2\/product_brand?post=288174"},{"taxonomy":"product_cat","embeddable":true,"href":"https:\/\/www.huntersfriend.eu\/sv\/wp-json\/wp\/v2\/product_cat?post=288174"},{"taxonomy":"product_tag","embeddable":true,"href":"https:\/\/www.huntersfriend.eu\/sv\/wp-json\/wp\/v2\/product_tag?post=288174"}],"curies":[{"name":"wp","href":"https:\/\/api.w.org\/{rel}","templated":true}]}}