{"id":288173,"date":"2022-02-25T12:20:18","date_gmt":"2022-02-25T10:20:18","guid":{"rendered":"https:\/\/www.huntersfriend.eu\/product\/gold-tip-insats-acculite-246\/"},"modified":"2025-08-27T11:09:57","modified_gmt":"2025-08-27T09:09:57","slug":"gold-tip-insats-acculite-246","status":"publish","type":"product","link":"https:\/\/www.huntersfriend.eu\/sv\/produkt\/gold-tip-insats-acculite-246\/","title":{"rendered":"Gold Tip-insats Acculite .246"},"content":{"rendered":"<div class=\"flex flex-wrap justify-center flex-align-center\">\n<div class=\"column whole medium-half product-information--purchase\">\n<div id=\"js-product-info-hdr\" class=\"bg-darklightgreen hide medium-show\"><\/div>\n<\/div>\n<\/div>\n<div class=\"column whole product-information--description mt2 np\">\n<div id=\"js-prod-tabs\" class=\"r-tabs\">\n<p>Gold Tip Accu-Lite-spetsinsatser \u00e4r tillverkade av de finaste materialen och med fokus p\u00e5 precision f\u00f6r att s\u00e4kerst\u00e4lla den precisa tr\u00e4ffs\u00e4kerheten hos dina Gold Tip-kolfiberpilar. Accu-Lite-insatserna \u00e4r kompatibla med alla Gold Tip-kolfiberpilar med .246&#8243; ID (innerdiameter). Detta inkluderar Gold Tip Hunter, Hunter XT, Traditional och Falcon.  <\/p>\n<div id=\"tab-descrip\" class=\"r-tabs-panel r-tabs-state-active\">\n<div class=\"prod-descrip-content\">\n<p>De \u00e4r kompatibla med Gold Tips skruvbara viktsystem. V\u00e4ger cirka 12,1 grains styck. <\/p>\n<\/div>\n<\/div>\n<\/div>\n<\/div>\n","protected":false},"excerpt":{"rendered":"<p>12,1 grains 1 st<\/p>\n","protected":false},"featured_media":224960,"comment_status":"open","ping_status":"closed","template":"","meta":[],"product_brand":[],"product_cat":[2880],"product_tag":[],"class_list":{"0":"post-288173","1":"product","2":"type-product","3":"status-publish","4":"has-post-thumbnail","6":"product_cat-nockar-och-insatser","8":"first","9":"instock","10":"taxable","11":"shipping-taxable","12":"purchasable","13":"product-type-simple"},"composite_virtual":false,"composite_layout":"","composite_add_to_cart_form_location":"","composite_editable_in_cart":false,"composite_sold_individually_context":"","composite_shop_price_calc":"","composite_components":[],"composite_scenarios":[],"group_of_quantity":0,"min_quantity":0,"max_quantity":"","exclude_order_quantity_value_rules":"no","exclude_category_quantity_rules":"no","combine_variations":"no","exclude_global_add_ons":[],"addons":[],"_links":{"self":[{"href":"https:\/\/www.huntersfriend.eu\/sv\/wp-json\/wp\/v2\/product\/288173","targetHints":{"allow":["GET"]}}],"collection":[{"href":"https:\/\/www.huntersfriend.eu\/sv\/wp-json\/wp\/v2\/product"}],"about":[{"href":"https:\/\/www.huntersfriend.eu\/sv\/wp-json\/wp\/v2\/types\/product"}],"replies":[{"embeddable":true,"href":"https:\/\/www.huntersfriend.eu\/sv\/wp-json\/wp\/v2\/comments?post=288173"}],"wp:featuredmedia":[{"embeddable":true,"href":"https:\/\/www.huntersfriend.eu\/sv\/wp-json\/wp\/v2\/media\/224960"}],"wp:attachment":[{"href":"https:\/\/www.huntersfriend.eu\/sv\/wp-json\/wp\/v2\/media?parent=288173"}],"wp:term":[{"taxonomy":"product_brand","embeddable":true,"href":"https:\/\/www.huntersfriend.eu\/sv\/wp-json\/wp\/v2\/product_brand?post=288173"},{"taxonomy":"product_cat","embeddable":true,"href":"https:\/\/www.huntersfriend.eu\/sv\/wp-json\/wp\/v2\/product_cat?post=288173"},{"taxonomy":"product_tag","embeddable":true,"href":"https:\/\/www.huntersfriend.eu\/sv\/wp-json\/wp\/v2\/product_tag?post=288173"}],"curies":[{"name":"wp","href":"https:\/\/api.w.org\/{rel}","templated":true}]}}