{"id":288172,"date":"2022-03-03T15:20:23","date_gmt":"2022-03-03T13:20:23","guid":{"rendered":"https:\/\/www.huntersfriend.eu\/product\/alps-outdoorz-high-caliber-duffel-stor\/"},"modified":"2025-08-27T11:09:50","modified_gmt":"2025-08-27T09:09:50","slug":"alps-outdoorz-high-caliber-duffel-stor","status":"publish","type":"product","link":"https:\/\/www.huntersfriend.eu\/sv\/produkt\/alps-outdoorz-high-caliber-duffel-stor\/","title":{"rendered":"Alps Outdoorz High Caliber Duffel (stor)"},"content":{"rendered":"<p>Alps Outdoorz High Caliber Duffelv\u00e4ska \u00e4r perfekt f\u00f6r camping och f\u00f6r att packa dina personliga f\u00f6rn\u00f6denheter n\u00e4r du ska iv\u00e4g p\u00e5 jakt. <span class=\"Y2IQFc\" lang=\"en\">F\u00f6rutom huvudfacket har denna slitstarka v\u00e4ska tv\u00e5 \u00e4ndfickor och en sidoficka med dragkedja f\u00f6r sm\u00e5 tillbeh\u00f6r. Robusta U-formade dragkedjor \u00e4r mycket slitstarka och l\u00e4tta att anv\u00e4nda. Alps Outdoorz High Caliber Duffelv\u00e4ska har avtagbar axelrem och vadderade b\u00e4rhandtag, och det finns extra b\u00e4rhandtag i b\u00e5da \u00e4ndar.  <\/span><\/p>\n<ul>\n<li>Fickor: huvudfack, tv\u00e5 sidofickor och framficka<\/li>\n<li>U-format huvudfack har kraftig #10-dragkedja<\/li>\n<li>Justerbar, avtagbar vadderad axelrem<\/li>\n<li>Vadderat handtag<\/li>\n<li>Extra handtag i varje \u00e4nde<\/li>\n<li>600D Realtree\u00ae Edge\u2122-tyg<\/li>\n<\/ul>\n<p>&nbsp;<\/p>\n","protected":false},"excerpt":{"rendered":"<p>Mossy Oak Edge Camo, 76 x 35,5 x 38 cm<\/p>\n","protected":false},"featured_media":226200,"comment_status":"open","ping_status":"closed","template":"","meta":[],"product_brand":[],"product_cat":[878],"product_tag":[],"class_list":{"0":"post-288172","1":"product","2":"type-product","3":"status-publish","4":"has-post-thumbnail","6":"product_cat-uncategorized-sv","8":"first","9":"outofstock","10":"taxable","11":"shipping-taxable","12":"purchasable","13":"product-type-simple"},"composite_virtual":false,"composite_layout":"","composite_add_to_cart_form_location":"","composite_editable_in_cart":false,"composite_sold_individually_context":"","composite_shop_price_calc":"","composite_components":[],"composite_scenarios":[],"group_of_quantity":0,"min_quantity":0,"max_quantity":"","exclude_order_quantity_value_rules":"no","exclude_category_quantity_rules":"no","combine_variations":"no","exclude_global_add_ons":[],"addons":[],"_links":{"self":[{"href":"https:\/\/www.huntersfriend.eu\/sv\/wp-json\/wp\/v2\/product\/288172","targetHints":{"allow":["GET"]}}],"collection":[{"href":"https:\/\/www.huntersfriend.eu\/sv\/wp-json\/wp\/v2\/product"}],"about":[{"href":"https:\/\/www.huntersfriend.eu\/sv\/wp-json\/wp\/v2\/types\/product"}],"replies":[{"embeddable":true,"href":"https:\/\/www.huntersfriend.eu\/sv\/wp-json\/wp\/v2\/comments?post=288172"}],"wp:featuredmedia":[{"embeddable":true,"href":"https:\/\/www.huntersfriend.eu\/sv\/wp-json\/wp\/v2\/media\/226200"}],"wp:attachment":[{"href":"https:\/\/www.huntersfriend.eu\/sv\/wp-json\/wp\/v2\/media?parent=288172"}],"wp:term":[{"taxonomy":"product_brand","embeddable":true,"href":"https:\/\/www.huntersfriend.eu\/sv\/wp-json\/wp\/v2\/product_brand?post=288172"},{"taxonomy":"product_cat","embeddable":true,"href":"https:\/\/www.huntersfriend.eu\/sv\/wp-json\/wp\/v2\/product_cat?post=288172"},{"taxonomy":"product_tag","embeddable":true,"href":"https:\/\/www.huntersfriend.eu\/sv\/wp-json\/wp\/v2\/product_tag?post=288172"}],"curies":[{"name":"wp","href":"https:\/\/api.w.org\/{rel}","templated":true}]}}