{"id":288171,"date":"2022-03-03T12:20:20","date_gmt":"2022-03-03T10:20:20","guid":{"rendered":"https:\/\/www.huntersfriend.eu\/product\/wasp-mortem-100-gr-2\/"},"modified":"2025-08-27T11:09:50","modified_gmt":"2025-08-27T09:09:50","slug":"wasp-mortem-100-gr-2","status":"publish","type":"product","link":"https:\/\/www.huntersfriend.eu\/sv\/produkt\/wasp-mortem-100-gr-2\/","title":{"rendered":"Wasp mortem 100 gr"},"content":{"rendered":"<p>Wasp Mortem (100 grain) har utformats f\u00f6r att f\u00f6rst\u00e4rka den ov\u00e4rderliga enskilda upplevelsen och personliga touchen som bara Wasp kan erbjuda. Mortem har en ferrule i ett stycke rostfritt st\u00e5l med en solid, h\u00e4rdad spets i ett stycke rostfritt st\u00e5l. Tre blad i rostfritt st\u00e5l ger en rakbladsvass sk\u00e4rdiameter p\u00e5 1-1\/8&#8243;. Aerodynamiska flygegenskaper, precision, styrka och h\u00e5llbarhet, allt inbyggt i ett enda broadhead. 3 per f\u00f6rpackning.    <\/p>\n<p>N\u00e5gra av dess funktioner inkluderar:<br \/>\n\u2013 100 % h\u00e4rdad spets i rostfritt st\u00e5l: Precisionsbearbetad och perfekt anpassad till bladen f\u00f6r att \u00f6ka penetrationen i alla skottvinklar.<br \/>\n\u2013 3 kirurgiskt skarpa blad i rostfritt st\u00e5l: H\u00e5llbara, skarpa och l\u00e4tta att byta ut.<br \/>\n\u2013 100 % ferrule i rostfritt st\u00e5l: Solid konstruktion i ett stycke f\u00f6r styrka och penetration.<\/p>\n","protected":false},"excerpt":{"rendered":"<p>100 gr 3-pack<\/p>\n","protected":false},"featured_media":224954,"comment_status":"open","ping_status":"closed","template":"","meta":[],"product_brand":[],"product_cat":[2647],"product_tag":[],"class_list":{"0":"post-288171","1":"product","2":"type-product","3":"status-publish","4":"has-post-thumbnail","6":"product_cat-broadheads-jakt","8":"first","9":"instock","10":"taxable","11":"shipping-taxable","12":"purchasable","13":"product-type-simple"},"composite_virtual":false,"composite_layout":"","composite_add_to_cart_form_location":"","composite_editable_in_cart":false,"composite_sold_individually_context":"","composite_shop_price_calc":"","composite_components":[],"composite_scenarios":[],"group_of_quantity":0,"min_quantity":0,"max_quantity":"","exclude_order_quantity_value_rules":"no","exclude_category_quantity_rules":"no","combine_variations":"no","exclude_global_add_ons":[],"addons":[],"_links":{"self":[{"href":"https:\/\/www.huntersfriend.eu\/sv\/wp-json\/wp\/v2\/product\/288171","targetHints":{"allow":["GET"]}}],"collection":[{"href":"https:\/\/www.huntersfriend.eu\/sv\/wp-json\/wp\/v2\/product"}],"about":[{"href":"https:\/\/www.huntersfriend.eu\/sv\/wp-json\/wp\/v2\/types\/product"}],"replies":[{"embeddable":true,"href":"https:\/\/www.huntersfriend.eu\/sv\/wp-json\/wp\/v2\/comments?post=288171"}],"wp:featuredmedia":[{"embeddable":true,"href":"https:\/\/www.huntersfriend.eu\/sv\/wp-json\/wp\/v2\/media\/224954"}],"wp:attachment":[{"href":"https:\/\/www.huntersfriend.eu\/sv\/wp-json\/wp\/v2\/media?parent=288171"}],"wp:term":[{"taxonomy":"product_brand","embeddable":true,"href":"https:\/\/www.huntersfriend.eu\/sv\/wp-json\/wp\/v2\/product_brand?post=288171"},{"taxonomy":"product_cat","embeddable":true,"href":"https:\/\/www.huntersfriend.eu\/sv\/wp-json\/wp\/v2\/product_cat?post=288171"},{"taxonomy":"product_tag","embeddable":true,"href":"https:\/\/www.huntersfriend.eu\/sv\/wp-json\/wp\/v2\/product_tag?post=288171"}],"curies":[{"name":"wp","href":"https:\/\/api.w.org\/{rel}","templated":true}]}}