{"id":288170,"date":"2022-03-03T15:20:25","date_gmt":"2022-03-03T13:20:25","guid":{"rendered":"https:\/\/www.huntersfriend.eu\/product\/alps-outdoorz-swift-isolerat-luftmadrass\/"},"modified":"2025-08-27T11:09:45","modified_gmt":"2025-08-27T09:09:45","slug":"alps-outdoorz-swift-isolerat-luftmadrass","status":"publish","type":"product","link":"https:\/\/www.huntersfriend.eu\/sv\/produkt\/alps-outdoorz-swift-isolerat-luftmadrass\/","title":{"rendered":"Alps outdoorz swift isolerat luftmadrass"},"content":{"rendered":"<p>ALPS Mountaineering Swift Insulated \u00e4r en extremt l\u00e4tt isolerad luftmadrass som v\u00e4ger 595 g. Med den extra f\u00f6rdelen av premiumisolering ger Swift Insulated ett R-v\u00e4rde: 2. Den kompakta packstorleken och den l\u00e4tta, men \u00e4nd\u00e5 slitstarka konstruktionen g\u00f6r den till den perfekta luftmadrassen f\u00f6r dina backpacking\u00e4ventyr i kallt v\u00e4der! De sm\u00e5, kuddliknande luftkamrarna ger extra st\u00f6d och komfort f\u00f6r en vilsam natts\u00f6mn. En platt ventil m\u00f6jligg\u00f6r enkel och snabb uppbl\u00e5sning och t\u00f6mning. En praktisk packp\u00e5se och reparationssats ing\u00e5r.     <\/p>\n<ul>\n<li>Extremt l\u00e4tt<\/li>\n<li>Liten packstorlek<\/li>\n<li>R-v\u00e4rde: 2<\/li>\n<li>Sm\u00e5, kuddliknande luftkamrar ger extra st\u00f6d och komfort<\/li>\n<li>Platt ventil m\u00f6jligg\u00f6r enkel uppbl\u00e5sning och t\u00f6mning<\/li>\n<li>40D nylon ripstop-tyg<\/li>\n<li>Packs\u00e4ck och reparationssats ing\u00e5r specifikationer<\/li>\n<li>Antibakteriell behandling f\u00f6rhindrar skadlig bakterietillv\u00e4xt<\/li>\n<\/ul>\n<p><b>M\u00e5tt: <\/b>190 cm x 56 cm x 5 cm<\/p>\n<p><b>Packad storlek: <\/b>26,6 cm x 12,7 cm<\/p>\n<p><b>Vikt: <\/b>595 g<\/p>\n","protected":false},"excerpt":{"rendered":"<p>ALPS Mountaineering Swift Insulated \u00e4r en extremt l\u00e4tt isolerad luftmadrass som v\u00e4ger 595 g. Med den extra f\u00f6rdelen av premiumisolering ger Swift Insulated ett R-v\u00e4rde: 2. Den kompakta packstorleken och den l\u00e4tta, men \u00e4nd\u00e5 slitstarka konstruktionen g\u00f6r den till den perfekta luftmadrassen f\u00f6r dina backpacking\u00e4ventyr i kallt v\u00e4der! De sm\u00e5, kuddliknande luftkamrarna ger extra st\u00f6d [&#8230;]\n","protected":false},"featured_media":226239,"comment_status":"open","ping_status":"closed","template":"","meta":[],"product_brand":[],"product_cat":[2572],"product_tag":[],"class_list":{"0":"post-288170","1":"product","2":"type-product","3":"status-publish","4":"has-post-thumbnail","6":"product_cat-faltsangar-och-liggunderlag","8":"first","9":"outofstock","10":"taxable","11":"shipping-taxable","12":"purchasable","13":"product-type-simple"},"composite_virtual":false,"composite_layout":"","composite_add_to_cart_form_location":"","composite_editable_in_cart":false,"composite_sold_individually_context":"","composite_shop_price_calc":"","composite_components":[],"composite_scenarios":[],"group_of_quantity":0,"min_quantity":0,"max_quantity":"","exclude_order_quantity_value_rules":"no","exclude_category_quantity_rules":"no","combine_variations":"no","exclude_global_add_ons":[],"addons":[],"_links":{"self":[{"href":"https:\/\/www.huntersfriend.eu\/sv\/wp-json\/wp\/v2\/product\/288170","targetHints":{"allow":["GET"]}}],"collection":[{"href":"https:\/\/www.huntersfriend.eu\/sv\/wp-json\/wp\/v2\/product"}],"about":[{"href":"https:\/\/www.huntersfriend.eu\/sv\/wp-json\/wp\/v2\/types\/product"}],"replies":[{"embeddable":true,"href":"https:\/\/www.huntersfriend.eu\/sv\/wp-json\/wp\/v2\/comments?post=288170"}],"wp:featuredmedia":[{"embeddable":true,"href":"https:\/\/www.huntersfriend.eu\/sv\/wp-json\/wp\/v2\/media\/226239"}],"wp:attachment":[{"href":"https:\/\/www.huntersfriend.eu\/sv\/wp-json\/wp\/v2\/media?parent=288170"}],"wp:term":[{"taxonomy":"product_brand","embeddable":true,"href":"https:\/\/www.huntersfriend.eu\/sv\/wp-json\/wp\/v2\/product_brand?post=288170"},{"taxonomy":"product_cat","embeddable":true,"href":"https:\/\/www.huntersfriend.eu\/sv\/wp-json\/wp\/v2\/product_cat?post=288170"},{"taxonomy":"product_tag","embeddable":true,"href":"https:\/\/www.huntersfriend.eu\/sv\/wp-json\/wp\/v2\/product_tag?post=288170"}],"curies":[{"name":"wp","href":"https:\/\/api.w.org\/{rel}","templated":true}]}}