{"id":288169,"date":"2022-03-03T15:20:26","date_gmt":"2022-03-03T13:20:26","guid":{"rendered":"https:\/\/www.huntersfriend.eu\/product\/alpinism-bruks-presenning\/"},"modified":"2025-08-27T11:09:45","modified_gmt":"2025-08-27T09:09:45","slug":"alpinism-bruks-presenning","status":"publish","type":"product","link":"https:\/\/www.huntersfriend.eu\/sv\/produkt\/alpinism-bruks-presenning\/","title":{"rendered":"Alpinism bruks presenning"},"content":{"rendered":"<p>Bruks presenningen har o\u00e4ndliga m\u00f6jligheter med 16 f\u00f6rst\u00e4rkta f\u00e4stpunkter. Du kan anv\u00e4nda den som ett primitivt skydd eller en extra samlingsplats f\u00f6r en grupp. Det slitstarka 68D polyester ripstop-tyget \u00e4r l\u00e4tt och vattent\u00e4tt och v\u00e4ger mindre \u00e4n 1 kg. Den ljusa f\u00e4rgen sl\u00e4pper igenom mer omgivande ljus samtidigt som den skyddar mot solen.   <\/p>\n<ul>\n<li>68D 210T polyester ripstop med 1500 mm PU-bel\u00e4ggning motst\u00e5r UV-skador och h\u00e5ller sig sp\u00e4nd<\/li>\n<li>Helt tejpade s\u00f6mmar<\/li>\n<li>16 f\u00f6rst\u00e4rkta f\u00e4stpunkter m\u00f6jligg\u00f6r maximal m\u00e5ngsidighet<\/li>\n<li>Fyra 7075 aluminiumpinnar och fyra staglinor ing\u00e5r<\/li>\n<li>Ljusare f\u00e4rg m\u00f6jligg\u00f6r mer omgivande ljusgenomsl\u00e4pp<\/li>\n<\/ul>\n<p><b>M\u00e5tt <\/b>2,95 m x 2,95 m<\/p>\n<p><b>Minsta vikt <\/b>700 g<\/p>\n<p><b>Total vikt <\/b>875 g<\/p>\n<p><b>Packad storlek <\/b>12,5 cm x 25 cm<\/p>\n<p><b>Tri-pinnar <\/b>15 cm vardera<\/p>\n<p><b>Staglinor <\/b>3 m vardera<\/p>\n","protected":false},"excerpt":{"rendered":"<p>Bruks presenningen har o\u00e4ndliga m\u00f6jligheter med 16 f\u00f6rst\u00e4rkta f\u00e4stpunkter. Du kan anv\u00e4nda den som ett primitivt skydd eller en extra samlingsplats f\u00f6r en grupp. Det slitstarka 68D polyester ripstop-tyget \u00e4r l\u00e4tt och vattent\u00e4tt och v\u00e4ger mindre \u00e4n 1 kg. Den ljusa f\u00e4rgen sl\u00e4pper igenom mer omgivande ljus samtidigt som den skyddar mot solen. 68D 210T [&#8230;]\n","protected":false},"featured_media":226263,"comment_status":"open","ping_status":"closed","template":"","meta":[],"product_brand":[],"product_cat":[2614],"product_tag":[],"class_list":{"0":"post-288169","1":"product","2":"type-product","3":"status-publish","4":"has-post-thumbnail","6":"product_cat-presenningar","8":"first","9":"instock","10":"taxable","11":"shipping-taxable","12":"purchasable","13":"product-type-simple"},"composite_virtual":false,"composite_layout":"","composite_add_to_cart_form_location":"","composite_editable_in_cart":false,"composite_sold_individually_context":"","composite_shop_price_calc":"","composite_components":[],"composite_scenarios":[],"group_of_quantity":0,"min_quantity":0,"max_quantity":"","exclude_order_quantity_value_rules":"no","exclude_category_quantity_rules":"no","combine_variations":"no","exclude_global_add_ons":[],"addons":[],"_links":{"self":[{"href":"https:\/\/www.huntersfriend.eu\/sv\/wp-json\/wp\/v2\/product\/288169","targetHints":{"allow":["GET"]}}],"collection":[{"href":"https:\/\/www.huntersfriend.eu\/sv\/wp-json\/wp\/v2\/product"}],"about":[{"href":"https:\/\/www.huntersfriend.eu\/sv\/wp-json\/wp\/v2\/types\/product"}],"replies":[{"embeddable":true,"href":"https:\/\/www.huntersfriend.eu\/sv\/wp-json\/wp\/v2\/comments?post=288169"}],"wp:featuredmedia":[{"embeddable":true,"href":"https:\/\/www.huntersfriend.eu\/sv\/wp-json\/wp\/v2\/media\/226263"}],"wp:attachment":[{"href":"https:\/\/www.huntersfriend.eu\/sv\/wp-json\/wp\/v2\/media?parent=288169"}],"wp:term":[{"taxonomy":"product_brand","embeddable":true,"href":"https:\/\/www.huntersfriend.eu\/sv\/wp-json\/wp\/v2\/product_brand?post=288169"},{"taxonomy":"product_cat","embeddable":true,"href":"https:\/\/www.huntersfriend.eu\/sv\/wp-json\/wp\/v2\/product_cat?post=288169"},{"taxonomy":"product_tag","embeddable":true,"href":"https:\/\/www.huntersfriend.eu\/sv\/wp-json\/wp\/v2\/product_tag?post=288169"}],"curies":[{"name":"wp","href":"https:\/\/api.w.org\/{rel}","templated":true}]}}