{"id":288168,"date":"2022-03-03T15:20:23","date_gmt":"2022-03-03T13:20:23","guid":{"rendered":"https:\/\/www.huntersfriend.eu\/product\/alps-outdoorz-terrangsits\/"},"modified":"2026-03-18T22:00:20","modified_gmt":"2026-03-18T20:00:20","slug":"alps-outdoorz-terrangsits","status":"publish","type":"product","link":"https:\/\/www.huntersfriend.eu\/sv\/produkt\/alps-outdoorz-terrangsits\/","title":{"rendered":"Alps outdoorz terr\u00e4ngsits"},"content":{"rendered":"<p>Terr\u00e4ngsitsen \u00e4r idealisk oavsett om du \u00e4r p\u00e5 v\u00e4g till din pass eller beh\u00f6ver skydd fr\u00e5n den kalla, h\u00e5rda marken. Du kan ocks\u00e5 l\u00e4gga till den p\u00e5 din pall f\u00f6r extra komfort. Det finns ett handtag s\u00e5 att du enkelt kan b\u00e4ra den eller f\u00e4sta den p\u00e5 din packning. Det \u00e4r ett bra till\u00e4gg att ta med dig n\u00e4r du ska sitta under en l\u00e4ngre tid.   <\/p>\n<ul>\n<li>Har ett l\u00e4ttburet handtag<\/li>\n<li>Ger extra d\u00e4mpning till din stol, pall eller pass<\/li>\n<li>Perfekt f\u00f6r att h\u00e5lla dig fr\u00e5n marken<\/li>\n<li>Brandorange bottenmaterial<\/li>\n<\/ul>\n<p><b>M\u00e5tt: <\/b>39 cm bred x 30 cm l\u00e5ng x 2 cm tjock<\/p>\n<p><b>Vikt: <\/b>198 g<\/p>\n","protected":false},"excerpt":{"rendered":"<p>Next G-2 camo, 2 cm tjock<\/p>\n","protected":false},"featured_media":226212,"comment_status":"open","ping_status":"closed","template":"","meta":[],"product_brand":[],"product_cat":[2568],"product_tag":[],"class_list":{"0":"post-288168","1":"product","2":"type-product","3":"status-publish","4":"has-post-thumbnail","6":"product_cat-jakt-tillbehor","8":"first","9":"instock","10":"taxable","11":"shipping-taxable","12":"purchasable","13":"product-type-simple"},"composite_virtual":false,"composite_layout":"","composite_add_to_cart_form_location":"","composite_editable_in_cart":false,"composite_sold_individually_context":"","composite_shop_price_calc":"","composite_components":[],"composite_scenarios":[],"group_of_quantity":0,"min_quantity":0,"max_quantity":"","exclude_order_quantity_value_rules":"no","exclude_category_quantity_rules":"no","combine_variations":"no","exclude_global_add_ons":[],"addons":[],"_links":{"self":[{"href":"https:\/\/www.huntersfriend.eu\/sv\/wp-json\/wp\/v2\/product\/288168","targetHints":{"allow":["GET"]}}],"collection":[{"href":"https:\/\/www.huntersfriend.eu\/sv\/wp-json\/wp\/v2\/product"}],"about":[{"href":"https:\/\/www.huntersfriend.eu\/sv\/wp-json\/wp\/v2\/types\/product"}],"replies":[{"embeddable":true,"href":"https:\/\/www.huntersfriend.eu\/sv\/wp-json\/wp\/v2\/comments?post=288168"}],"wp:featuredmedia":[{"embeddable":true,"href":"https:\/\/www.huntersfriend.eu\/sv\/wp-json\/wp\/v2\/media\/226212"}],"wp:attachment":[{"href":"https:\/\/www.huntersfriend.eu\/sv\/wp-json\/wp\/v2\/media?parent=288168"}],"wp:term":[{"taxonomy":"product_brand","embeddable":true,"href":"https:\/\/www.huntersfriend.eu\/sv\/wp-json\/wp\/v2\/product_brand?post=288168"},{"taxonomy":"product_cat","embeddable":true,"href":"https:\/\/www.huntersfriend.eu\/sv\/wp-json\/wp\/v2\/product_cat?post=288168"},{"taxonomy":"product_tag","embeddable":true,"href":"https:\/\/www.huntersfriend.eu\/sv\/wp-json\/wp\/v2\/product_tag?post=288168"}],"curies":[{"name":"wp","href":"https:\/\/api.w.org\/{rel}","templated":true}]}}