{"id":288167,"date":"2022-03-03T15:20:26","date_gmt":"2022-03-03T13:20:26","guid":{"rendered":"https:\/\/www.huntersfriend.eu\/product\/srt-3d-radjursbock\/"},"modified":"2025-08-27T11:09:26","modified_gmt":"2025-08-27T09:09:26","slug":"srt-3d-radjursbock","status":"publish","type":"product","link":"https:\/\/www.huntersfriend.eu\/sv\/produkt\/srt-3d-radjursbock\/","title":{"rendered":"SRT 3D R\u00e5djursbock"},"content":{"rendered":"<p><span class=\"product-detail-dimensions-desc\">M\u00e5lomr\u00e5den: <\/span><span class=\"product-detail-dimensions-value\">3<\/span><br \/>\n<span class=\"product-detail-dimensions-desc\">Antal ringar: <\/span><span class=\"product-detail-dimensions-value\">2<\/span><br \/>\n<span class=\"product-detail-dimensions-desc\">L\u00e4ngd: <\/span><span class=\"product-detail-dimensions-value\">87 cm<\/span><br \/>\n<span class=\"product-detail-dimensions-desc\">H\u00f6jd: <\/span><span class=\"product-detail-dimensions-value\">66 cm<\/span><\/p>\n<p>R\u00e5djursbocken var det f\u00f6rsta tredelade m\u00e5let &#8221;Made in Italy&#8221; p\u00e5 nittiotalet. En pionj\u00e4r inom 3D-b\u00e5gskytte i Europa och fortfarande en av b\u00e4sts\u00e4ljarna. <\/p>\n","protected":false},"excerpt":{"rendered":"<p>M\u00e5lomr\u00e5den: 3 Antal ringar: 2 L\u00e4ngd: 87 cm H\u00f6jd: 66 cm R\u00e5djursbocken var det f\u00f6rsta tredelade m\u00e5let &#8221;Made in Italy&#8221; p\u00e5 nittiotalet. En pionj\u00e4r inom 3D-b\u00e5gskytte i Europa och fortfarande en av b\u00e4sts\u00e4ljarna.<\/p>\n","protected":false},"featured_media":225078,"comment_status":"open","ping_status":"closed","template":"","meta":[],"product_brand":[],"product_cat":[2906,2896],"product_tag":[],"class_list":{"0":"post-288167","1":"product","2":"type-product","3":"status-publish","4":"has-post-thumbnail","6":"product_cat-medium-3d-sv","7":"product_cat-stor-3d","8":"product_shipping_class-big-sv","10":"first","11":"outofstock","12":"taxable","13":"shipping-taxable","14":"purchasable","15":"product-type-simple"},"composite_virtual":false,"composite_layout":"","composite_add_to_cart_form_location":"","composite_editable_in_cart":false,"composite_sold_individually_context":"","composite_shop_price_calc":"","composite_components":[],"composite_scenarios":[],"group_of_quantity":0,"min_quantity":0,"max_quantity":"","exclude_order_quantity_value_rules":"no","exclude_category_quantity_rules":"no","combine_variations":"no","exclude_global_add_ons":[],"addons":[],"_links":{"self":[{"href":"https:\/\/www.huntersfriend.eu\/sv\/wp-json\/wp\/v2\/product\/288167","targetHints":{"allow":["GET"]}}],"collection":[{"href":"https:\/\/www.huntersfriend.eu\/sv\/wp-json\/wp\/v2\/product"}],"about":[{"href":"https:\/\/www.huntersfriend.eu\/sv\/wp-json\/wp\/v2\/types\/product"}],"replies":[{"embeddable":true,"href":"https:\/\/www.huntersfriend.eu\/sv\/wp-json\/wp\/v2\/comments?post=288167"}],"wp:featuredmedia":[{"embeddable":true,"href":"https:\/\/www.huntersfriend.eu\/sv\/wp-json\/wp\/v2\/media\/225078"}],"wp:attachment":[{"href":"https:\/\/www.huntersfriend.eu\/sv\/wp-json\/wp\/v2\/media?parent=288167"}],"wp:term":[{"taxonomy":"product_brand","embeddable":true,"href":"https:\/\/www.huntersfriend.eu\/sv\/wp-json\/wp\/v2\/product_brand?post=288167"},{"taxonomy":"product_cat","embeddable":true,"href":"https:\/\/www.huntersfriend.eu\/sv\/wp-json\/wp\/v2\/product_cat?post=288167"},{"taxonomy":"product_tag","embeddable":true,"href":"https:\/\/www.huntersfriend.eu\/sv\/wp-json\/wp\/v2\/product_tag?post=288167"}],"curies":[{"name":"wp","href":"https:\/\/api.w.org\/{rel}","templated":true}]}}