{"id":288159,"date":"2022-03-09T12:16:06","date_gmt":"2022-03-09T10:16:06","guid":{"rendered":"https:\/\/www.huntersfriend.eu\/product\/srt-3d-vildsvin\/"},"modified":"2025-08-27T11:08:37","modified_gmt":"2025-08-27T09:08:37","slug":"srt-3d-vildsvin","status":"publish","type":"product","link":"https:\/\/www.huntersfriend.eu\/sv\/produkt\/srt-3d-vildsvin\/","title":{"rendered":"SRT 3D vildsvin"},"content":{"rendered":"<p><span class=\"product-detail-dimensions-desc\">M\u00e5lomr\u00e5den: <\/span><span class=\"product-detail-dimensions-value\">1<\/span><br \/>\n<span class=\"product-detail-dimensions-desc\">Antal ringar: <\/span><span class=\"product-detail-dimensions-value\">2<\/span><br \/>\n<span class=\"product-detail-dimensions-desc\">L\u00e4ngd: <\/span><span class=\"product-detail-dimensions-value\">110 cm<\/span><br \/>\n<span class=\"product-detail-dimensions-desc\">H\u00f6jd: <\/span><span class=\"product-detail-dimensions-value\">62 cm<\/span><\/p>\n<p>Tillverkad av h\u00f6gkvalitativt SRT-material<\/p>\n","protected":false},"excerpt":{"rendered":"<p>M\u00e5lomr\u00e5den: 1 Antal ringar: 2 L\u00e4ngd: 110 cm H\u00f6jd: 62 cm Tillverkad av h\u00f6gkvalitativt SRT-material<\/p>\n","protected":false},"featured_media":225162,"comment_status":"open","ping_status":"closed","template":"","meta":[],"product_brand":[],"product_cat":[2906,2896],"product_tag":[],"class_list":{"0":"post-288159","1":"product","2":"type-product","3":"status-publish","4":"has-post-thumbnail","6":"product_cat-medium-3d-sv","7":"product_cat-stor-3d","8":"product_shipping_class-big-sv","10":"first","11":"outofstock","12":"taxable","13":"shipping-taxable","14":"purchasable","15":"product-type-simple"},"composite_virtual":false,"composite_layout":"","composite_add_to_cart_form_location":"","composite_editable_in_cart":false,"composite_sold_individually_context":"","composite_shop_price_calc":"","composite_components":[],"composite_scenarios":[],"group_of_quantity":0,"min_quantity":0,"max_quantity":"","exclude_order_quantity_value_rules":"no","exclude_category_quantity_rules":"no","combine_variations":"no","exclude_global_add_ons":[],"addons":[],"_links":{"self":[{"href":"https:\/\/www.huntersfriend.eu\/sv\/wp-json\/wp\/v2\/product\/288159","targetHints":{"allow":["GET"]}}],"collection":[{"href":"https:\/\/www.huntersfriend.eu\/sv\/wp-json\/wp\/v2\/product"}],"about":[{"href":"https:\/\/www.huntersfriend.eu\/sv\/wp-json\/wp\/v2\/types\/product"}],"replies":[{"embeddable":true,"href":"https:\/\/www.huntersfriend.eu\/sv\/wp-json\/wp\/v2\/comments?post=288159"}],"wp:featuredmedia":[{"embeddable":true,"href":"https:\/\/www.huntersfriend.eu\/sv\/wp-json\/wp\/v2\/media\/225162"}],"wp:attachment":[{"href":"https:\/\/www.huntersfriend.eu\/sv\/wp-json\/wp\/v2\/media?parent=288159"}],"wp:term":[{"taxonomy":"product_brand","embeddable":true,"href":"https:\/\/www.huntersfriend.eu\/sv\/wp-json\/wp\/v2\/product_brand?post=288159"},{"taxonomy":"product_cat","embeddable":true,"href":"https:\/\/www.huntersfriend.eu\/sv\/wp-json\/wp\/v2\/product_cat?post=288159"},{"taxonomy":"product_tag","embeddable":true,"href":"https:\/\/www.huntersfriend.eu\/sv\/wp-json\/wp\/v2\/product_tag?post=288159"}],"curies":[{"name":"wp","href":"https:\/\/api.w.org\/{rel}","templated":true}]}}