{"id":288152,"date":"2022-03-14T18:20:35","date_gmt":"2022-03-14T16:20:35","guid":{"rendered":"https:\/\/www.huntersfriend.eu\/product\/tooth-of-the-arrows-s-serie-solida-jaktspetsar\/"},"modified":"2026-03-26T13:45:07","modified_gmt":"2026-03-26T11:45:07","slug":"tooth-of-the-arrows-s-serie-solida-jaktspetsar","status":"publish","type":"product","link":"https:\/\/www.huntersfriend.eu\/sv\/produkt\/tooth-of-the-arrows-s-serie-solida-jaktspetsar\/","title":{"rendered":"Tooth of the Arrows s-serie solida jaktspetsar"},"content":{"rendered":"<div><em>*Klassad f\u00f6r 470+ fps*<\/em><\/div>\n<div>Liksom alla Tooth of the Arrow-jaktspetsar \u00e4r v\u00e5r 1-tums s-serie helt maskinbearbetad och tillverkad i USA.<\/div>\n<div><\/div>\n<div>V\u00e5r design med 4-bladiga, fasta jaktspetsar inkluderar en kortare hylsa f\u00f6r o\u00f6vertr\u00e4ffad flygning, v\u00e4rmebehandlad f\u00f6r ultimat h\u00e5llbarhet och slipad i 45 grader f\u00f6r maximal sk\u00e4rpa.<\/div>\n<div><\/div>\n<div>Den 1-tums s-seriens jaktspets \u00e4r speciellt utformad f\u00f6r otrolig noggrannhet p\u00e5 alla avst\u00e5nd.<\/div>\n<div>Den solida bladdesignen \u00f6kar h\u00e5llbarheten och eliminerar allt ljud under flygning.<\/div>\n<div>Perfekt f\u00f6r maximal penetration eller stora vilt som \u00e4lg.<\/div>\n<div>P\u00e5 Tooth of the Arrow har vi utformat varje aspekt av v\u00e5ra jaktspetsar f\u00f6r ett specifikt syfte. Resultatet \u00e4r en \u00e4kta jaktspets med fast blad som ger dig mer sj\u00e4lvf\u00f6rtroende i f\u00e4lt n\u00e4r det g\u00e4ller som mest. <\/div>\n<div><\/div>\n<div>\n<div>\n<table width=\"551\">\n<tbody>\n<tr>\n<td><strong>Vikter<\/strong><\/td>\n<td>100 grain, 125 grain<\/td>\n<\/tr>\n<tr>\n<td><strong>Sk\u00e4rdiameter<\/strong><\/td>\n<td>1 tum<\/td>\n<\/tr>\n<tr>\n<td><strong>Antal blad<\/strong><\/td>\n<td>4 blad fasta<\/td>\n<\/tr>\n<tr>\n<td><strong>Material<\/strong><\/td>\n<td>11L41<\/td>\n<\/tr>\n<tr>\n<td><strong>V\u00e4rmebehandling<\/strong><\/td>\n<td>Genomh\u00e4rdad till Rc45<\/td>\n<\/tr>\n<tr>\n<td><strong>Pl\u00e4tering<\/strong><\/td>\n<td>svart oxid<\/td>\n<\/tr>\n<tr>\n<td><strong>Vinkel p\u00e5 sk\u00e4reggen<\/strong><\/td>\n<td>45 grader (ing\u00e5r)<\/td>\n<\/tr>\n<tr>\n<td><strong>Penetrerande spets<\/strong><\/td>\n<td>Mejselspetsdesign<\/td>\n<\/tr>\n<tr>\n<td><strong>Viktplacering<\/strong><\/td>\n<td>\u00d6ver 80 % inom diametern<br \/>\np\u00e5 pilens skaft<\/td>\n<\/tr>\n<tr>\n<td><strong>Profil<\/strong><\/td>\n<td>L\u00e5gprofildesign (mer aerodynamisk)<\/td>\n<\/tr>\n<tr>\n<td><strong>Unika funktioner<\/strong><\/td>\n<td>Konstruktion i ett stycke (Blad och kropp \u00e4r maskinbearbetade fr\u00e5n en solid st\u00e5lst\u00e5ng)<\/td>\n<\/tr>\n<tr>\n<td><strong>Ursprungsland<\/strong><\/td>\n<td>100 % tillverkad i USA i v\u00e5r anl\u00e4ggning<\/td>\n<\/tr>\n<\/tbody>\n<\/table>\n<\/div>\n<\/div>\n","protected":false},"excerpt":{"rendered":"<p>4-bladiga solida &#8211; 3-pack<\/p>\n","protected":false},"featured_media":225947,"comment_status":"open","ping_status":"closed","template":"","meta":[],"product_brand":[],"product_cat":[2647,2765],"product_tag":[],"class_list":{"0":"post-288152","1":"product","2":"type-product","3":"status-publish","4":"has-post-thumbnail","6":"product_cat-broadheads-jakt","7":"product_cat-fyndlada-slutrea","9":"first","10":"instock","11":"sale","12":"taxable","13":"shipping-taxable","14":"purchasable","15":"product-type-variable"},"composite_virtual":false,"composite_layout":"","composite_add_to_cart_form_location":"","composite_editable_in_cart":false,"composite_sold_individually_context":"","composite_shop_price_calc":"","composite_components":[],"composite_scenarios":[],"group_of_quantity":0,"min_quantity":0,"max_quantity":"","exclude_order_quantity_value_rules":"no","exclude_category_quantity_rules":"no","combine_variations":"no","exclude_global_add_ons":[],"addons":[],"_links":{"self":[{"href":"https:\/\/www.huntersfriend.eu\/sv\/wp-json\/wp\/v2\/product\/288152","targetHints":{"allow":["GET"]}}],"collection":[{"href":"https:\/\/www.huntersfriend.eu\/sv\/wp-json\/wp\/v2\/product"}],"about":[{"href":"https:\/\/www.huntersfriend.eu\/sv\/wp-json\/wp\/v2\/types\/product"}],"replies":[{"embeddable":true,"href":"https:\/\/www.huntersfriend.eu\/sv\/wp-json\/wp\/v2\/comments?post=288152"}],"wp:featuredmedia":[{"embeddable":true,"href":"https:\/\/www.huntersfriend.eu\/sv\/wp-json\/wp\/v2\/media\/225947"}],"wp:attachment":[{"href":"https:\/\/www.huntersfriend.eu\/sv\/wp-json\/wp\/v2\/media?parent=288152"}],"wp:term":[{"taxonomy":"product_brand","embeddable":true,"href":"https:\/\/www.huntersfriend.eu\/sv\/wp-json\/wp\/v2\/product_brand?post=288152"},{"taxonomy":"product_cat","embeddable":true,"href":"https:\/\/www.huntersfriend.eu\/sv\/wp-json\/wp\/v2\/product_cat?post=288152"},{"taxonomy":"product_tag","embeddable":true,"href":"https:\/\/www.huntersfriend.eu\/sv\/wp-json\/wp\/v2\/product_tag?post=288152"}],"curies":[{"name":"wp","href":"https:\/\/api.w.org\/{rel}","templated":true}]}}