{"id":288150,"date":"2022-03-14T15:20:19","date_gmt":"2022-03-14T13:20:19","guid":{"rendered":"https:\/\/www.huntersfriend.eu\/product\/hamskea-epsilon-pilhylla\/"},"modified":"2026-04-24T06:38:53","modified_gmt":"2026-04-24T04:38:53","slug":"hamskea-epsilon-pilhylla","status":"publish","type":"product","link":"https:\/\/www.huntersfriend.eu\/sv\/produkt\/hamskea-epsilon-pilhylla\/","title":{"rendered":"Hamskea epsilon pilhylla"},"content":{"rendered":"<p>Epsilon pilhylla utvecklades f\u00f6r att omdefiniera industristandarden f\u00f6r en pilhylla med C.O.R. Mount Technology.<\/p>\n<p>Den h\u00e4r produkten har ett universalf\u00e4ste f\u00f6r alla standardb\u00e5gar.<\/p>\n<p>Funktioner:<\/p>\n<ul>\n<li>C.O.R. Mount Technology som placerar pilen i centruml\u00e4ge genom design<\/li>\n<li>En av Hamskeas mest kompakta plattformar hittills<\/li>\n<li>Hyllan \u00e4r placerad i linje bakom upph\u00f6jningen, vilket eliminerar st\u00f6rningar fr\u00e5n kogret<\/li>\n<li>Detent mikrojustering f\u00f6r ytterligare vind- och vertikaljusteringar<\/li>\n<li>Mycket s\u00e4kert och exakt picatinny-kl\u00e4msystem<\/li>\n<li>Konfigurerbar f\u00f6r aktivering via \u00f6vre lem, nedre lem eller vajer<\/li>\n<li>Eliminerar lateral axelr\u00f6relse med Zero Tolerance Technology (ZTT)<\/li>\n<li>Tre kullager i rostfritt st\u00e5l f\u00f6r maximal plattformstabilitet<\/li>\n<li>Ljudeliminerande elastomerisk Rebound Dampener (patents\u00f6kt)<\/li>\n<li>Sladdkl\u00e4msp\u00e4nnare<\/li>\n<li>Launcher torsionsfj\u00e4der och justering av launcher-vinkel<\/li>\n<li>Delta V pilguide och upph\u00f6jningsmonterad pilguide ing\u00e5r<\/li>\n<\/ul>\n<p>Epsilon pilhylla designades f\u00f6r att f\u00f6r\u00e4ndra k\u00e4rnan i b\u00e5gskytte genom att g\u00f6ra en centruml\u00e4ge-optimerad hylla och monteringssystem tillg\u00e4ngligt f\u00f6r alla. Hyllan kan monteras i linje med upph\u00f6jningen f\u00f6r en super l\u00e5gprofilpassform. Denna mindre, l\u00e4ttare hylla ger en tightare passform i f\u00f6rh\u00e5llande till kogrets frig\u00e5ng och centreringsmassa. Epsilon har nya detent mikro-klick vind- och h\u00f6jdjusteringar (0,003 tum per klick) vilket ger ultimat precision vid justering av din hylla. Den \u00f6vergjutna inneslutningsf\u00e4stet \u00e4r ett nytt tv\u00e5delat system som m\u00f6jligg\u00f6r enkel pilis\u00e4ttning. Launchern med \u00f6vergjuten st\u00e5lk\u00e4rna har en ny b\u00f6jd design f\u00f6r ultimat passform och funktion. Rebound Dampener System \u00e4r standard p\u00e5 Epsilon, vilket hj\u00e4lper till att mildra chocken som \u00f6verf\u00f6rs fr\u00e5n lemmen till hyllan under skottet och f\u00f6rhindrar slitage som s\u00e5 sm\u00e5ningom kan leda till fel. Epsilon pilhylla kommer med antingen Universal L-Bracket eller Mathews Approved C.O.R. Mount Bracket, vilket skapar den perfekta monteringsl\u00f6sningen \u2013 oavsett vilken b\u00e5ge du skjuter med. Dessutom finns ett m\u00e5lkonverteringskit tillg\u00e4ngligt f\u00f6r att ta din hylla fr\u00e5n jakt i f\u00e4lt till t\u00e4vlingsbanan.        <\/p>\n","protected":false},"excerpt":{"rendered":"<p>Drop away, svart<\/p>\n","protected":false},"featured_media":226002,"comment_status":"open","ping_status":"closed","template":"","meta":[],"product_brand":[],"product_cat":[878],"product_tag":[],"class_list":{"0":"post-288150","1":"product","2":"type-product","3":"status-publish","4":"has-post-thumbnail","6":"product_cat-uncategorized-sv","8":"first","9":"outofstock","10":"sale","11":"taxable","12":"shipping-taxable","13":"purchasable","14":"product-type-variable"},"composite_virtual":false,"composite_layout":"","composite_add_to_cart_form_location":"","composite_editable_in_cart":false,"composite_sold_individually_context":"","composite_shop_price_calc":"","composite_components":[],"composite_scenarios":[],"group_of_quantity":0,"min_quantity":0,"max_quantity":"","exclude_order_quantity_value_rules":"no","exclude_category_quantity_rules":"no","combine_variations":"no","exclude_global_add_ons":[],"addons":[],"_links":{"self":[{"href":"https:\/\/www.huntersfriend.eu\/sv\/wp-json\/wp\/v2\/product\/288150","targetHints":{"allow":["GET"]}}],"collection":[{"href":"https:\/\/www.huntersfriend.eu\/sv\/wp-json\/wp\/v2\/product"}],"about":[{"href":"https:\/\/www.huntersfriend.eu\/sv\/wp-json\/wp\/v2\/types\/product"}],"replies":[{"embeddable":true,"href":"https:\/\/www.huntersfriend.eu\/sv\/wp-json\/wp\/v2\/comments?post=288150"}],"wp:featuredmedia":[{"embeddable":true,"href":"https:\/\/www.huntersfriend.eu\/sv\/wp-json\/wp\/v2\/media\/226002"}],"wp:attachment":[{"href":"https:\/\/www.huntersfriend.eu\/sv\/wp-json\/wp\/v2\/media?parent=288150"}],"wp:term":[{"taxonomy":"product_brand","embeddable":true,"href":"https:\/\/www.huntersfriend.eu\/sv\/wp-json\/wp\/v2\/product_brand?post=288150"},{"taxonomy":"product_cat","embeddable":true,"href":"https:\/\/www.huntersfriend.eu\/sv\/wp-json\/wp\/v2\/product_cat?post=288150"},{"taxonomy":"product_tag","embeddable":true,"href":"https:\/\/www.huntersfriend.eu\/sv\/wp-json\/wp\/v2\/product_tag?post=288150"}],"curies":[{"name":"wp","href":"https:\/\/api.w.org\/{rel}","templated":true}]}}