{"id":288148,"date":"2022-03-14T18:20:36","date_gmt":"2022-03-14T16:20:36","guid":{"rendered":"https:\/\/www.huntersfriend.eu\/product\/tandspetsslipare-standard\/"},"modified":"2026-03-26T10:14:41","modified_gmt":"2026-03-26T08:14:41","slug":"tandspetsslipare-standard","status":"publish","type":"product","link":"https:\/\/www.huntersfriend.eu\/sv\/produkt\/tandspetsslipare-standard\/","title":{"rendered":"Tandspetsslipare \u2013 standard"},"content":{"rendered":"<p>Tooth of the Arrow-slipare \u00e4r specifikt utformad f\u00f6r bladvinkeln p\u00e5 Tooth of the Arrow-spetsar.<\/p>\n<p>Standardsliparen fungerar med b\u00e5de 1-tums och 1-3\/16-tums diameter Tooth of the Arrow-spetsar.<\/p>\n<p>Sliparna best\u00e5r av en plastinsprutad bas med tv\u00e5 6-tums f\u00f6rskjutna stenar med mediumkornighet.<\/p>\n<p>Tooth of the Arrow-slipare rekommenderas att anv\u00e4ndas med bryningsolja.<\/p>\n","protected":false},"excerpt":{"rendered":"<p>Tooth of the Arrow-slipare \u00e4r specifikt utformad f\u00f6r bladvinkeln p\u00e5 Tooth of the Arrow-spetsar. Standardsliparen fungerar med b\u00e5de 1-tums och 1-3\/16-tums diameter Tooth of the Arrow-spetsar. Sliparna best\u00e5r av en plastinsprutad bas med tv\u00e5 6-tums f\u00f6rskjutna stenar med mediumkornighet. Tooth of the Arrow-slipare rekommenderas att anv\u00e4ndas med bryningsolja.<\/p>\n","protected":false},"featured_media":225943,"comment_status":"open","ping_status":"closed","template":"","meta":[],"product_brand":[],"product_cat":[878],"product_tag":[],"class_list":{"0":"post-288148","1":"product","2":"type-product","3":"status-publish","4":"has-post-thumbnail","6":"product_cat-uncategorized-sv","8":"first","9":"outofstock","10":"taxable","11":"shipping-taxable","12":"purchasable","13":"product-type-simple"},"composite_virtual":false,"composite_layout":"","composite_add_to_cart_form_location":"","composite_editable_in_cart":false,"composite_sold_individually_context":"","composite_shop_price_calc":"","composite_components":[],"composite_scenarios":[],"group_of_quantity":0,"min_quantity":0,"max_quantity":"","exclude_order_quantity_value_rules":"no","exclude_category_quantity_rules":"no","combine_variations":"no","exclude_global_add_ons":[],"addons":[],"_links":{"self":[{"href":"https:\/\/www.huntersfriend.eu\/sv\/wp-json\/wp\/v2\/product\/288148","targetHints":{"allow":["GET"]}}],"collection":[{"href":"https:\/\/www.huntersfriend.eu\/sv\/wp-json\/wp\/v2\/product"}],"about":[{"href":"https:\/\/www.huntersfriend.eu\/sv\/wp-json\/wp\/v2\/types\/product"}],"replies":[{"embeddable":true,"href":"https:\/\/www.huntersfriend.eu\/sv\/wp-json\/wp\/v2\/comments?post=288148"}],"wp:featuredmedia":[{"embeddable":true,"href":"https:\/\/www.huntersfriend.eu\/sv\/wp-json\/wp\/v2\/media\/225943"}],"wp:attachment":[{"href":"https:\/\/www.huntersfriend.eu\/sv\/wp-json\/wp\/v2\/media?parent=288148"}],"wp:term":[{"taxonomy":"product_brand","embeddable":true,"href":"https:\/\/www.huntersfriend.eu\/sv\/wp-json\/wp\/v2\/product_brand?post=288148"},{"taxonomy":"product_cat","embeddable":true,"href":"https:\/\/www.huntersfriend.eu\/sv\/wp-json\/wp\/v2\/product_cat?post=288148"},{"taxonomy":"product_tag","embeddable":true,"href":"https:\/\/www.huntersfriend.eu\/sv\/wp-json\/wp\/v2\/product_tag?post=288148"}],"curies":[{"name":"wp","href":"https:\/\/api.w.org\/{rel}","templated":true}]}}