{"id":288141,"date":"2022-03-24T10:05:33","date_gmt":"2022-03-24T08:05:33","guid":{"rendered":"https:\/\/www.huntersfriend.eu\/product\/hs-hagelgevars-patronhallare-med-ficka\/"},"modified":"2025-11-11T11:10:56","modified_gmt":"2025-11-11T09:10:56","slug":"hs-hagelgevars-patronhallare-med-ficka","status":"publish","type":"product","link":"https:\/\/www.huntersfriend.eu\/sv\/produkt\/hs-hagelgevars-patronhallare-med-ficka\/","title":{"rendered":"HS hagelgev\u00e4rs patronh\u00e5llare med ficka"},"content":{"rendered":"<p>Den h\u00e4r praktiska hagelgev\u00e4rs patronh\u00e5llaren \u00e4r tillverkad av slitstark polyester och har justerbara kardborreband f\u00f6r att f\u00e4sta den p\u00e5 hagelgev\u00e4rets kolv. Dess kindst\u00f6d i mocka ger komfort och skyddar vapnets kolv. Detta jakttillbeh\u00f6r ger enkel \u00e5tkomst till 3 hagelpatroner och inkluderar en ficka med dragkedja f\u00f6r ytterligare ammunition och andra tillbeh\u00f6r.  <\/p>\n","protected":false},"excerpt":{"rendered":"<p>Ammunitionsh\u00e5llare med verktygsficka<\/p>\n","protected":false},"featured_media":231542,"comment_status":"open","ping_status":"closed","template":"","meta":[],"product_brand":[],"product_cat":[2564],"product_tag":[],"class_list":{"0":"post-288141","1":"product","2":"type-product","3":"status-publish","4":"has-post-thumbnail","6":"product_cat-remmar-tillbehor","8":"first","9":"instock","10":"taxable","11":"shipping-taxable","12":"purchasable","13":"product-type-simple"},"composite_virtual":false,"composite_layout":"","composite_add_to_cart_form_location":"","composite_editable_in_cart":false,"composite_sold_individually_context":"","composite_shop_price_calc":"","composite_components":[],"composite_scenarios":[],"group_of_quantity":0,"min_quantity":0,"max_quantity":"","exclude_order_quantity_value_rules":"no","exclude_category_quantity_rules":"no","combine_variations":"no","exclude_global_add_ons":[],"addons":[],"_links":{"self":[{"href":"https:\/\/www.huntersfriend.eu\/sv\/wp-json\/wp\/v2\/product\/288141","targetHints":{"allow":["GET"]}}],"collection":[{"href":"https:\/\/www.huntersfriend.eu\/sv\/wp-json\/wp\/v2\/product"}],"about":[{"href":"https:\/\/www.huntersfriend.eu\/sv\/wp-json\/wp\/v2\/types\/product"}],"replies":[{"embeddable":true,"href":"https:\/\/www.huntersfriend.eu\/sv\/wp-json\/wp\/v2\/comments?post=288141"}],"wp:featuredmedia":[{"embeddable":true,"href":"https:\/\/www.huntersfriend.eu\/sv\/wp-json\/wp\/v2\/media\/231542"}],"wp:attachment":[{"href":"https:\/\/www.huntersfriend.eu\/sv\/wp-json\/wp\/v2\/media?parent=288141"}],"wp:term":[{"taxonomy":"product_brand","embeddable":true,"href":"https:\/\/www.huntersfriend.eu\/sv\/wp-json\/wp\/v2\/product_brand?post=288141"},{"taxonomy":"product_cat","embeddable":true,"href":"https:\/\/www.huntersfriend.eu\/sv\/wp-json\/wp\/v2\/product_cat?post=288141"},{"taxonomy":"product_tag","embeddable":true,"href":"https:\/\/www.huntersfriend.eu\/sv\/wp-json\/wp\/v2\/product_tag?post=288141"}],"curies":[{"name":"wp","href":"https:\/\/api.w.org\/{rel}","templated":true}]}}