{"id":288140,"date":"2022-03-24T10:05:32","date_gmt":"2022-03-24T08:05:32","guid":{"rendered":"https:\/\/www.huntersfriend.eu\/product\/hme-tradstativ-paraply\/"},"modified":"2025-08-27T11:07:59","modified_gmt":"2025-08-27T09:07:59","slug":"hme-tradstativ-paraply","status":"publish","type":"product","link":"https:\/\/www.huntersfriend.eu\/sv\/produkt\/hme-tradstativ-paraply\/","title":{"rendered":"HME tr\u00e4dstativ paraply"},"content":{"rendered":"<p>HME tr\u00e4dstativ paraply \u00e4r l\u00e4ttviktigt, enkelt att b\u00e4ra och l\u00e4tt att s\u00e4tta upp. L\u00e5ter dig h\u00e5lla dig torr i v\u00e5tt v\u00e4der eller ger skugga en solig dag. <\/p>\n<p>&nbsp;<\/p>\n<p>Viktiga funktioner:<\/p>\n<ul>\n<li>2,54 m bred<\/li>\n<li>Monteringen passar n\u00e4stan alla tr\u00e4d med de medf\u00f6ljande f\u00e4stena<\/li>\n<li>Inkluderar f\u00f6rvaringss\u00e4ck f\u00f6r enkel transport<\/li>\n<\/ul>\n<p>&nbsp;<\/p>\n","protected":false},"excerpt":{"rendered":"<p>Sadesuoja puust\u00e4ndeille<\/p>\n","protected":false},"featured_media":288147,"comment_status":"open","ping_status":"closed","template":"","meta":[],"product_brand":[],"product_cat":[2563],"product_tag":[],"class_list":{"0":"post-288140","1":"product","2":"type-product","3":"status-publish","4":"has-post-thumbnail","6":"product_cat-tillbehor-for-jakt-torn-och-gomslen","8":"first","9":"outofstock","10":"taxable","11":"shipping-taxable","12":"purchasable","13":"product-type-simple"},"composite_virtual":false,"composite_layout":"","composite_add_to_cart_form_location":"","composite_editable_in_cart":false,"composite_sold_individually_context":"","composite_shop_price_calc":"","composite_components":[],"composite_scenarios":[],"group_of_quantity":0,"min_quantity":0,"max_quantity":"","exclude_order_quantity_value_rules":"no","exclude_category_quantity_rules":"no","combine_variations":"no","exclude_global_add_ons":[],"addons":[],"_links":{"self":[{"href":"https:\/\/www.huntersfriend.eu\/sv\/wp-json\/wp\/v2\/product\/288140","targetHints":{"allow":["GET"]}}],"collection":[{"href":"https:\/\/www.huntersfriend.eu\/sv\/wp-json\/wp\/v2\/product"}],"about":[{"href":"https:\/\/www.huntersfriend.eu\/sv\/wp-json\/wp\/v2\/types\/product"}],"replies":[{"embeddable":true,"href":"https:\/\/www.huntersfriend.eu\/sv\/wp-json\/wp\/v2\/comments?post=288140"}],"wp:featuredmedia":[{"embeddable":true,"href":"https:\/\/www.huntersfriend.eu\/sv\/wp-json\/wp\/v2\/media\/288147"}],"wp:attachment":[{"href":"https:\/\/www.huntersfriend.eu\/sv\/wp-json\/wp\/v2\/media?parent=288140"}],"wp:term":[{"taxonomy":"product_brand","embeddable":true,"href":"https:\/\/www.huntersfriend.eu\/sv\/wp-json\/wp\/v2\/product_brand?post=288140"},{"taxonomy":"product_cat","embeddable":true,"href":"https:\/\/www.huntersfriend.eu\/sv\/wp-json\/wp\/v2\/product_cat?post=288140"},{"taxonomy":"product_tag","embeddable":true,"href":"https:\/\/www.huntersfriend.eu\/sv\/wp-json\/wp\/v2\/product_tag?post=288140"}],"curies":[{"name":"wp","href":"https:\/\/api.w.org\/{rel}","templated":true}]}}