{"id":288139,"date":"2022-03-24T12:00:50","date_gmt":"2022-03-24T10:00:50","guid":{"rendered":"https:\/\/www.huntersfriend.eu\/product\/hme-mega-game-hangande-spelgalge\/"},"modified":"2025-08-27T11:07:35","modified_gmt":"2025-08-27T09:07:35","slug":"hme-mega-game-hangande-spelgalge","status":"publish","type":"product","link":"https:\/\/www.huntersfriend.eu\/sv\/produkt\/hme-mega-game-hangande-spelgalge\/","title":{"rendered":"HME Mega game h\u00e4ngande spelgalge"},"content":{"rendered":"<p>HME Products Mega Game h\u00e4ngande spelgalge \u00e4r perfekt f\u00f6r att h\u00e4nga upp hjort, bj\u00f6rn, \u00e4lg eller annat stort vilt. Klarar upp till 540 kg! <\/p>\n<ul>\n<li>Kraftig pulverlackerad st\u00e5l<\/li>\n<li>Byggd av 8 mm och 12,7 mm st\u00e5lr\u00f6r<\/li>\n<li>Klassad 180 kg till 540 kg.<\/li>\n<\/ul>\n","protected":false},"excerpt":{"rendered":"<p>HME Products Mega Game h\u00e4ngande spelgalge \u00e4r perfekt f\u00f6r att h\u00e4nga upp hjort, bj\u00f6rn, \u00e4lg eller annat stort vilt. Klarar upp till 540 kg! Kraftig pulverlackerad st\u00e5l Byggd av 8 mm och 12,7 mm st\u00e5lr\u00f6r Klassad 180 kg till 540 kg.<\/p>\n","protected":false},"featured_media":226281,"comment_status":"open","ping_status":"closed","template":"","meta":[],"product_brand":[],"product_cat":[2620],"product_tag":[],"class_list":{"0":"post-288139","1":"product","2":"type-product","3":"status-publish","4":"has-post-thumbnail","6":"product_cat-viltbearbetning","8":"first","9":"instock","10":"taxable","11":"shipping-taxable","12":"purchasable","13":"product-type-simple"},"composite_virtual":false,"composite_layout":"","composite_add_to_cart_form_location":"","composite_editable_in_cart":false,"composite_sold_individually_context":"","composite_shop_price_calc":"","composite_components":[],"composite_scenarios":[],"group_of_quantity":0,"min_quantity":0,"max_quantity":"","exclude_order_quantity_value_rules":"no","exclude_category_quantity_rules":"no","combine_variations":"no","exclude_global_add_ons":[],"addons":[],"_links":{"self":[{"href":"https:\/\/www.huntersfriend.eu\/sv\/wp-json\/wp\/v2\/product\/288139","targetHints":{"allow":["GET"]}}],"collection":[{"href":"https:\/\/www.huntersfriend.eu\/sv\/wp-json\/wp\/v2\/product"}],"about":[{"href":"https:\/\/www.huntersfriend.eu\/sv\/wp-json\/wp\/v2\/types\/product"}],"replies":[{"embeddable":true,"href":"https:\/\/www.huntersfriend.eu\/sv\/wp-json\/wp\/v2\/comments?post=288139"}],"wp:featuredmedia":[{"embeddable":true,"href":"https:\/\/www.huntersfriend.eu\/sv\/wp-json\/wp\/v2\/media\/226281"}],"wp:attachment":[{"href":"https:\/\/www.huntersfriend.eu\/sv\/wp-json\/wp\/v2\/media?parent=288139"}],"wp:term":[{"taxonomy":"product_brand","embeddable":true,"href":"https:\/\/www.huntersfriend.eu\/sv\/wp-json\/wp\/v2\/product_brand?post=288139"},{"taxonomy":"product_cat","embeddable":true,"href":"https:\/\/www.huntersfriend.eu\/sv\/wp-json\/wp\/v2\/product_cat?post=288139"},{"taxonomy":"product_tag","embeddable":true,"href":"https:\/\/www.huntersfriend.eu\/sv\/wp-json\/wp\/v2\/product_tag?post=288139"}],"curies":[{"name":"wp","href":"https:\/\/api.w.org\/{rel}","templated":true}]}}