{"id":288138,"date":"2022-03-24T13:40:57","date_gmt":"2022-03-24T11:40:57","guid":{"rendered":"https:\/\/www.huntersfriend.eu\/product\/scentlok-be1-huvudbonad-mossy-oak\/"},"modified":"2025-08-27T11:07:32","modified_gmt":"2025-08-27T09:07:32","slug":"scentlok-be1-huvudbonad-mossy-oak","status":"publish","type":"product","link":"https:\/\/www.huntersfriend.eu\/sv\/produkt\/scentlok-be1-huvudbonad-mossy-oak\/","title":{"rendered":"Scentlok BE:1 huvudbonad \u2013 mossy oak"},"content":{"rendered":"<p>Bowhunter Elite:1-huvudbonaden \u00e4r tillr\u00e4ckligt m\u00e5ngsidig f\u00f6r att fungera under svala tidiga s\u00e4songsdagar till milda sena s\u00e4songers jakter. Den stora \u00f6ppningen ger maximal synlighet, h\u00f6rsel och komfort. <\/p>\n<ul>\n<li><strong>Carbon Alloy\u2122-teknik<\/strong><br \/>\nF\u00f6r maximal luktabsorption och doftkontroll<\/li>\n<li><strong>Fukttransporterande<\/strong><br \/>\nH\u00e5ller dig sval och torr<\/li>\n<li><strong>Premium sl\u00e4tt polyesterstickat tyg<\/strong><br \/>\nF\u00f6r ultimat komfort<\/li>\n<li><strong>Konturformad ansiktsmaskpanel<\/strong><br \/>\nGer en naturlig passform<\/li>\n<li><strong>Ledad ansiktsmask<\/strong><br \/>\nGer enkel r\u00f6relse<\/li>\n<li><strong>Inbyggd m\u00f6ssa<\/strong><br \/>\nF\u00f6r bekv\u00e4mlighet<\/li>\n<\/ul>\n","protected":false},"excerpt":{"rendered":"<p>Bowhunter Elite huvudbonad. Mossy Oak Terra Gila <\/p>\n","protected":false},"featured_media":229904,"comment_status":"open","ping_status":"closed","template":"","meta":[],"product_brand":[],"product_cat":[878],"product_tag":[],"class_list":{"0":"post-288138","1":"product","2":"type-product","3":"status-publish","4":"has-post-thumbnail","6":"product_cat-uncategorized-sv","8":"first","9":"outofstock","10":"sale","11":"taxable","12":"shipping-taxable","13":"purchasable","14":"product-type-simple"},"composite_virtual":false,"composite_layout":"","composite_add_to_cart_form_location":"","composite_editable_in_cart":false,"composite_sold_individually_context":"","composite_shop_price_calc":"","composite_components":[],"composite_scenarios":[],"group_of_quantity":0,"min_quantity":0,"max_quantity":"","exclude_order_quantity_value_rules":"no","exclude_category_quantity_rules":"no","combine_variations":"no","exclude_global_add_ons":[],"addons":[],"_links":{"self":[{"href":"https:\/\/www.huntersfriend.eu\/sv\/wp-json\/wp\/v2\/product\/288138","targetHints":{"allow":["GET"]}}],"collection":[{"href":"https:\/\/www.huntersfriend.eu\/sv\/wp-json\/wp\/v2\/product"}],"about":[{"href":"https:\/\/www.huntersfriend.eu\/sv\/wp-json\/wp\/v2\/types\/product"}],"replies":[{"embeddable":true,"href":"https:\/\/www.huntersfriend.eu\/sv\/wp-json\/wp\/v2\/comments?post=288138"}],"wp:featuredmedia":[{"embeddable":true,"href":"https:\/\/www.huntersfriend.eu\/sv\/wp-json\/wp\/v2\/media\/229904"}],"wp:attachment":[{"href":"https:\/\/www.huntersfriend.eu\/sv\/wp-json\/wp\/v2\/media?parent=288138"}],"wp:term":[{"taxonomy":"product_brand","embeddable":true,"href":"https:\/\/www.huntersfriend.eu\/sv\/wp-json\/wp\/v2\/product_brand?post=288138"},{"taxonomy":"product_cat","embeddable":true,"href":"https:\/\/www.huntersfriend.eu\/sv\/wp-json\/wp\/v2\/product_cat?post=288138"},{"taxonomy":"product_tag","embeddable":true,"href":"https:\/\/www.huntersfriend.eu\/sv\/wp-json\/wp\/v2\/product_tag?post=288138"}],"curies":[{"name":"wp","href":"https:\/\/api.w.org\/{rel}","templated":true}]}}