{"id":288137,"date":"2022-03-24T10:05:34","date_gmt":"2022-03-24T08:05:34","guid":{"rendered":"https:\/\/www.huntersfriend.eu\/product\/hs-gevar-patronhallare-med-ficka\/"},"modified":"2025-08-27T11:07:27","modified_gmt":"2025-08-27T09:07:27","slug":"hs-gevar-patronhallare-med-ficka","status":"publish","type":"product","link":"https:\/\/www.huntersfriend.eu\/sv\/produkt\/hs-gevar-patronhallare-med-ficka\/","title":{"rendered":"HS Gev\u00e4r Patronh\u00e5llare med ficka"},"content":{"rendered":"<p>Denna praktiska gev\u00e4rspatronh\u00e5llare \u00e4r tillverkad av slitstark polyester och har justerbara Velcro\u00ae-remmar f\u00f6r att f\u00e4sta den p\u00e5 gev\u00e4rskolven. Kindst\u00f6det i mocka ger komfort och skyddar vapnets kolv. Detta jaktillbeh\u00f6r ger enkel \u00e5tkomst till 5 gev\u00e4rspatroner och inkluderar en ficka med dragkedja f\u00f6r ytterligare ammunition och andra tillbeh\u00f6r.  <\/p>\n","protected":false},"excerpt":{"rendered":"<p>Ammunitionsh\u00e5llare med verktygsficka<\/p>\n","protected":false},"featured_media":231550,"comment_status":"open","ping_status":"closed","template":"","meta":[],"product_brand":[],"product_cat":[2564],"product_tag":[],"class_list":{"0":"post-288137","1":"product","2":"type-product","3":"status-publish","4":"has-post-thumbnail","6":"product_cat-remmar-tillbehor","8":"first","9":"outofstock","10":"taxable","11":"shipping-taxable","12":"purchasable","13":"product-type-simple"},"composite_virtual":false,"composite_layout":"","composite_add_to_cart_form_location":"","composite_editable_in_cart":false,"composite_sold_individually_context":"","composite_shop_price_calc":"","composite_components":[],"composite_scenarios":[],"group_of_quantity":0,"min_quantity":0,"max_quantity":"","exclude_order_quantity_value_rules":"no","exclude_category_quantity_rules":"no","combine_variations":"no","exclude_global_add_ons":[],"addons":[],"_links":{"self":[{"href":"https:\/\/www.huntersfriend.eu\/sv\/wp-json\/wp\/v2\/product\/288137","targetHints":{"allow":["GET"]}}],"collection":[{"href":"https:\/\/www.huntersfriend.eu\/sv\/wp-json\/wp\/v2\/product"}],"about":[{"href":"https:\/\/www.huntersfriend.eu\/sv\/wp-json\/wp\/v2\/types\/product"}],"replies":[{"embeddable":true,"href":"https:\/\/www.huntersfriend.eu\/sv\/wp-json\/wp\/v2\/comments?post=288137"}],"wp:featuredmedia":[{"embeddable":true,"href":"https:\/\/www.huntersfriend.eu\/sv\/wp-json\/wp\/v2\/media\/231550"}],"wp:attachment":[{"href":"https:\/\/www.huntersfriend.eu\/sv\/wp-json\/wp\/v2\/media?parent=288137"}],"wp:term":[{"taxonomy":"product_brand","embeddable":true,"href":"https:\/\/www.huntersfriend.eu\/sv\/wp-json\/wp\/v2\/product_brand?post=288137"},{"taxonomy":"product_cat","embeddable":true,"href":"https:\/\/www.huntersfriend.eu\/sv\/wp-json\/wp\/v2\/product_cat?post=288137"},{"taxonomy":"product_tag","embeddable":true,"href":"https:\/\/www.huntersfriend.eu\/sv\/wp-json\/wp\/v2\/product_tag?post=288137"}],"curies":[{"name":"wp","href":"https:\/\/api.w.org\/{rel}","templated":true}]}}