{"id":288136,"date":"2022-04-28T15:02:13","date_gmt":"2022-04-28T13:02:13","guid":{"rendered":"https:\/\/www.huntersfriend.eu\/product\/reese-outdoors-blue-vixen-2\/"},"modified":"2026-02-09T14:13:42","modified_gmt":"2026-02-09T12:13:42","slug":"reese-outdoors-blue-vixen-2","status":"publish","type":"product","link":"https:\/\/www.huntersfriend.eu\/sv\/produkt\/reese-outdoors-blue-vixen-2\/","title":{"rendered":"Reese outdoors blue vixen"},"content":{"rendered":"<p id=\"tw-target-text\" class=\"tw-data-text tw-text-large tw-ta\" dir=\"ltr\" data-placeholder=\"K\u00e4\u00e4nn\u00f6s\"><span class=\"Y2IQFc\" lang=\"en\">Reese Outdoors Blue Vixen \u00e4r en visselpipa som \u00e4r l\u00e4mplig f\u00f6r att locka till sig sm\u00e5 rovdjur. Visselpipan Vixen \u00e4r enkel att anv\u00e4nda och du kan locka med den utan att anv\u00e4nda h\u00e4nderna. Ett h\u00f6gt, brummande ljud efterliknar gr\u00e5ten fr\u00e5n en r\u00e5tta\/mus. Du kan ocks\u00e5 enkelt \u00e4ndra f\u00e5gelns n\u00f6danrop fr\u00e5n Blue Vixen genom att \u00e4ndra bl\u00e5stekniken. \u00c4ven l\u00e4mplig f\u00f6r b\u00e5gskyttar!    <\/span><\/p>\n","protected":false},"excerpt":{"rendered":"<p>Reese Outdoors Blue Vixen \u00e4r en visselpipa som \u00e4r l\u00e4mplig f\u00f6r att locka till sig sm\u00e5 rovdjur. Visselpipan Vixen \u00e4r enkel att anv\u00e4nda och du kan locka med den utan att anv\u00e4nda h\u00e4nderna. Ett h\u00f6gt, brummande ljud efterliknar gr\u00e5ten fr\u00e5n en r\u00e5tta\/mus. Du kan ocks\u00e5 enkelt \u00e4ndra f\u00e5gelns n\u00f6danrop fr\u00e5n Blue Vixen genom att \u00e4ndra [&#8230;]\n","protected":false},"featured_media":231417,"comment_status":"open","ping_status":"closed","template":"","meta":[],"product_brand":[],"product_cat":[2800],"product_tag":[],"class_list":{"0":"post-288136","1":"product","2":"type-product","3":"status-publish","4":"has-post-thumbnail","6":"product_cat-rovdjursljud","8":"first","9":"outofstock","10":"taxable","11":"shipping-taxable","12":"purchasable","13":"product-type-simple"},"composite_virtual":false,"composite_layout":"","composite_add_to_cart_form_location":"","composite_editable_in_cart":false,"composite_sold_individually_context":"","composite_shop_price_calc":"","composite_components":[],"composite_scenarios":[],"group_of_quantity":0,"min_quantity":0,"max_quantity":"","exclude_order_quantity_value_rules":"no","exclude_category_quantity_rules":"no","combine_variations":"no","exclude_global_add_ons":[],"addons":[],"_links":{"self":[{"href":"https:\/\/www.huntersfriend.eu\/sv\/wp-json\/wp\/v2\/product\/288136","targetHints":{"allow":["GET"]}}],"collection":[{"href":"https:\/\/www.huntersfriend.eu\/sv\/wp-json\/wp\/v2\/product"}],"about":[{"href":"https:\/\/www.huntersfriend.eu\/sv\/wp-json\/wp\/v2\/types\/product"}],"replies":[{"embeddable":true,"href":"https:\/\/www.huntersfriend.eu\/sv\/wp-json\/wp\/v2\/comments?post=288136"}],"wp:featuredmedia":[{"embeddable":true,"href":"https:\/\/www.huntersfriend.eu\/sv\/wp-json\/wp\/v2\/media\/231417"}],"wp:attachment":[{"href":"https:\/\/www.huntersfriend.eu\/sv\/wp-json\/wp\/v2\/media?parent=288136"}],"wp:term":[{"taxonomy":"product_brand","embeddable":true,"href":"https:\/\/www.huntersfriend.eu\/sv\/wp-json\/wp\/v2\/product_brand?post=288136"},{"taxonomy":"product_cat","embeddable":true,"href":"https:\/\/www.huntersfriend.eu\/sv\/wp-json\/wp\/v2\/product_cat?post=288136"},{"taxonomy":"product_tag","embeddable":true,"href":"https:\/\/www.huntersfriend.eu\/sv\/wp-json\/wp\/v2\/product_tag?post=288136"}],"curies":[{"name":"wp","href":"https:\/\/api.w.org\/{rel}","templated":true}]}}