{"id":288135,"date":"2022-03-25T15:20:19","date_gmt":"2022-03-25T13:20:19","guid":{"rendered":"https:\/\/www.huntersfriend.eu\/product\/armytek-handy-c4-pro-2\/"},"modified":"2025-08-27T11:07:23","modified_gmt":"2025-08-27T09:07:23","slug":"armytek-handy-c4-pro-2","status":"publish","type":"product","link":"https:\/\/www.huntersfriend.eu\/sv\/produkt\/armytek-handy-c4-pro-2\/","title":{"rendered":"Armytek Handy C4 pro"},"content":{"rendered":"<p>Armytek Handy C4 Pro \u00e4r en portabel laddare f\u00f6r 4 batterier. Powerbank-funktionen st\u00f6der enheter med en laddningsstr\u00f6m upp till 2,5 A och \u00e4r kompatibel med iPhone &amp; iPad. Intelligent Powerbank Management System tar energi fr\u00e5n valfritt antal kanaler, vilket s\u00e4kerst\u00e4ller maximal effektivitet. Tillverkad av icke-brandfarligt material.   <\/p>\n<ul>\n<li>Intelligent automatisk detektering av laddningsniv\u00e5 och optimal str\u00f6m<\/li>\n<li>St\u00f6der IMR\/Li-Ion och Ni-MH med exakt laddningsalgoritm f\u00f6r att f\u00f6rl\u00e4nga batteriets livsl\u00e4ngd<\/li>\n<li>Snabb laddning med helt oberoende kanaler och 1A str\u00f6m f\u00f6r varje<\/li>\n<li>Automatisk detektering av d\u00e5liga batterier och omv\u00e4nd polaritet<\/li>\n<li>Stoppar automatiskt laddningen n\u00e4r den \u00e4r klar beroende p\u00e5 batteriet<\/li>\n<li>M\u00f6jlighet att anv\u00e4nda bil-\/v\u00e4ggadaptrar med USB-utg\u00e5ng<\/li>\n<li>5 \u00e5rs garanti<\/li>\n<\/ul>\n<p><strong>Tekniska detaljer om laddare<\/strong><\/p>\n<ul>\n<li>Antal kanaler: 4<\/li>\n<li>Batterityp: IMR \/ Li-Ion, NI-MH, Ni-Cd<\/li>\n<li>Batterikompatibilitet: diameter 8..19mm och l\u00e4ngd 30..70mm, till exempel: AA, AAA, AAAA, 10440, 14500, 16340, 18350, 18650<\/li>\n<li>Indikationstyp: 4\u04455 flerf\u00e4rgade lysdioder<\/li>\n<li>Sp\u00e4nning per kanal: 4,2V \/ 1,5V<\/li>\n<li>Laddningsstr\u00f6m per kanal: 4x1A, 4&#215;0.5A<\/li>\n<li>Ing\u00e5ng: DC 5V \/ 4A<\/li>\n<li>Powerbank-funktion: DC 5V \/ 2&#215;2.5A<\/li>\n<li>Vikt: 135g<\/li>\n<li>Vad ing\u00e5r: USB Type-\u0421-kabel, manual<\/li>\n<\/ul>\n","protected":false},"excerpt":{"rendered":"<p>Powerbank toiminnolla<\/p>\n","protected":false},"featured_media":246899,"comment_status":"open","ping_status":"closed","template":"","meta":[],"product_brand":[],"product_cat":[2525],"product_tag":[],"class_list":{"0":"post-288135","1":"product","2":"type-product","3":"status-publish","4":"has-post-thumbnail","6":"product_cat-jaktlampor","8":"first","9":"onbackorder","10":"taxable","11":"shipping-taxable","12":"purchasable","13":"product-type-simple"},"composite_virtual":false,"composite_layout":"","composite_add_to_cart_form_location":"","composite_editable_in_cart":false,"composite_sold_individually_context":"","composite_shop_price_calc":"","composite_components":[],"composite_scenarios":[],"group_of_quantity":0,"min_quantity":0,"max_quantity":"","exclude_order_quantity_value_rules":"no","exclude_category_quantity_rules":"no","combine_variations":"no","exclude_global_add_ons":[],"addons":[],"_links":{"self":[{"href":"https:\/\/www.huntersfriend.eu\/sv\/wp-json\/wp\/v2\/product\/288135","targetHints":{"allow":["GET"]}}],"collection":[{"href":"https:\/\/www.huntersfriend.eu\/sv\/wp-json\/wp\/v2\/product"}],"about":[{"href":"https:\/\/www.huntersfriend.eu\/sv\/wp-json\/wp\/v2\/types\/product"}],"replies":[{"embeddable":true,"href":"https:\/\/www.huntersfriend.eu\/sv\/wp-json\/wp\/v2\/comments?post=288135"}],"wp:featuredmedia":[{"embeddable":true,"href":"https:\/\/www.huntersfriend.eu\/sv\/wp-json\/wp\/v2\/media\/246899"}],"wp:attachment":[{"href":"https:\/\/www.huntersfriend.eu\/sv\/wp-json\/wp\/v2\/media?parent=288135"}],"wp:term":[{"taxonomy":"product_brand","embeddable":true,"href":"https:\/\/www.huntersfriend.eu\/sv\/wp-json\/wp\/v2\/product_brand?post=288135"},{"taxonomy":"product_cat","embeddable":true,"href":"https:\/\/www.huntersfriend.eu\/sv\/wp-json\/wp\/v2\/product_cat?post=288135"},{"taxonomy":"product_tag","embeddable":true,"href":"https:\/\/www.huntersfriend.eu\/sv\/wp-json\/wp\/v2\/product_tag?post=288135"}],"curies":[{"name":"wp","href":"https:\/\/api.w.org\/{rel}","templated":true}]}}