{"id":288133,"date":"2022-04-28T15:02:10","date_gmt":"2022-04-28T13:02:10","guid":{"rendered":"https:\/\/www.huntersfriend.eu\/product\/buck-gardner-double-nasty-4\/"},"modified":"2025-08-27T11:07:21","modified_gmt":"2025-08-27T09:07:21","slug":"buck-gardner-double-nasty-4-2","status":"publish","type":"product","link":"https:\/\/www.huntersfriend.eu\/sv\/produkt\/buck-gardner-double-nasty-4-2\/","title":{"rendered":"Buck Gardner Double Nasty"},"content":{"rendered":"<p>The Double Nasty dubbelr\u00f6rs-anklockan \u00e4r en av de b\u00e4st s\u00e4ljande lockpiporna genom tiderna. Den \u00e4r h\u00f6gljudd, extra raspig och garanterat att inte fastna tack vare Spit-Tech\u2122-tonplattans design. Spit-Tech-tekniken g\u00f6r att locket kan ljuda \u00e4ven n\u00e4r det \u00e4r v\u00e5tt av saliv, kondens och till och med oavsiktliga dopp i vattnet. Varje Double Nasty-anklocka \u00e4r handjusterad och testad av Buck Gardners personal av h\u00e4ngivna ankj\u00e4gare i Memphis, TN.   <\/p>\n<ul id=\"newProductFeatures\" class=\"a-declarative\">\n<li class=\"a-spacing-mini a-declarative\">Spit-Tech-tonplattans design ljuder \u00e4ven n\u00e4r den \u00e4r v\u00e5t<\/li>\n<li class=\"a-spacing-mini a-declarative\"><span class=\"a-declarative\">Polykarbonatkonstruktion<br \/>\n<\/span><\/li>\n<li class=\"a-spacing-mini a-declarative\">Band av gunmetal-aluminium<\/li>\n<li class=\"a-spacing-mini a-declarative\">Handjusterad och testad<\/li>\n<li class=\"a-spacing-mini a-declarative\"><span class=\"a-declarative\">Raspig ton med ett komplett volymomf\u00e5ng<\/span><\/li>\n<\/ul>\n<p><strong>F\u00e4rg: <\/strong>genomskinlig<\/p>\n","protected":false},"excerpt":{"rendered":"<p>The Double Nasty dubbelr\u00f6rs-anklockan \u00e4r en av de b\u00e4st s\u00e4ljande lockpiporna genom tiderna. Den \u00e4r h\u00f6gljudd, extra raspig och garanterat att inte fastna tack vare Spit-Tech\u2122-tonplattans design. Spit-Tech-tekniken g\u00f6r att locket kan ljuda \u00e4ven n\u00e4r det \u00e4r v\u00e5tt av saliv, kondens och till och med oavsiktliga dopp i vattnet. Varje Double Nasty-anklocka \u00e4r handjusterad och [&#8230;]\n","protected":false},"featured_media":231345,"comment_status":"open","ping_status":"closed","template":"","meta":[],"product_brand":[],"product_cat":[2804],"product_tag":[],"class_list":{"0":"post-288133","1":"product","2":"type-product","3":"status-publish","4":"has-post-thumbnail","6":"product_cat-andlockbeten","8":"first","9":"instock","10":"taxable","11":"shipping-taxable","12":"purchasable","13":"product-type-simple"},"composite_virtual":false,"composite_layout":"","composite_add_to_cart_form_location":"","composite_editable_in_cart":false,"composite_sold_individually_context":"","composite_shop_price_calc":"","composite_components":[],"composite_scenarios":[],"group_of_quantity":0,"min_quantity":0,"max_quantity":"","exclude_order_quantity_value_rules":"no","exclude_category_quantity_rules":"no","combine_variations":"no","exclude_global_add_ons":[],"addons":[],"_links":{"self":[{"href":"https:\/\/www.huntersfriend.eu\/sv\/wp-json\/wp\/v2\/product\/288133","targetHints":{"allow":["GET"]}}],"collection":[{"href":"https:\/\/www.huntersfriend.eu\/sv\/wp-json\/wp\/v2\/product"}],"about":[{"href":"https:\/\/www.huntersfriend.eu\/sv\/wp-json\/wp\/v2\/types\/product"}],"replies":[{"embeddable":true,"href":"https:\/\/www.huntersfriend.eu\/sv\/wp-json\/wp\/v2\/comments?post=288133"}],"wp:featuredmedia":[{"embeddable":true,"href":"https:\/\/www.huntersfriend.eu\/sv\/wp-json\/wp\/v2\/media\/231345"}],"wp:attachment":[{"href":"https:\/\/www.huntersfriend.eu\/sv\/wp-json\/wp\/v2\/media?parent=288133"}],"wp:term":[{"taxonomy":"product_brand","embeddable":true,"href":"https:\/\/www.huntersfriend.eu\/sv\/wp-json\/wp\/v2\/product_brand?post=288133"},{"taxonomy":"product_cat","embeddable":true,"href":"https:\/\/www.huntersfriend.eu\/sv\/wp-json\/wp\/v2\/product_cat?post=288133"},{"taxonomy":"product_tag","embeddable":true,"href":"https:\/\/www.huntersfriend.eu\/sv\/wp-json\/wp\/v2\/product_tag?post=288133"}],"curies":[{"name":"wp","href":"https:\/\/api.w.org\/{rel}","templated":true}]}}