{"id":288131,"date":"2022-04-28T15:02:11","date_gmt":"2022-04-28T13:02:11","guid":{"rendered":"https:\/\/www.huntersfriend.eu\/product\/buck-gardner-squealer-membranlockpipa\/"},"modified":"2025-08-27T11:07:11","modified_gmt":"2025-08-27T09:07:11","slug":"buck-gardner-squealer-membranlockpipa","status":"publish","type":"product","link":"https:\/\/www.huntersfriend.eu\/sv\/produkt\/buck-gardner-squealer-membranlockpipa\/","title":{"rendered":"Buck Gardner squealer membranlockpipa"},"content":{"rendered":"<p>Denna lockpipa med 3 raka vass \u00e4r perfekt f\u00f6r att skapa kojotyl, j\u00e4mmer, n\u00f6dljud och n\u00f6dljud fr\u00e5n kojotvalpar. Denna lockpipa best\u00e5r av ett tjockt toppvass \u00f6ver tv\u00e5 tunnare bottenvass, utan n\u00e5gra sk\u00e5ror i vassen, vilket g\u00f6r den mycket enkel att anv\u00e4nda och skapa h\u00f6gfrekventa ljud. <\/p>\n","protected":false},"excerpt":{"rendered":"<p>Denna lockpipa med 3 raka vass \u00e4r perfekt f\u00f6r att skapa kojotyl, j\u00e4mmer, n\u00f6dljud och n\u00f6dljud fr\u00e5n kojotvalpar. Denna lockpipa best\u00e5r av ett tjockt toppvass \u00f6ver tv\u00e5 tunnare bottenvass, utan n\u00e5gra sk\u00e5ror i vassen, vilket g\u00f6r den mycket enkel att anv\u00e4nda och skapa h\u00f6gfrekventa ljud.<\/p>\n","protected":false},"featured_media":231203,"comment_status":"open","ping_status":"closed","template":"","meta":[],"product_brand":[],"product_cat":[2800],"product_tag":[],"class_list":{"0":"post-288131","1":"product","2":"type-product","3":"status-publish","4":"has-post-thumbnail","6":"product_cat-rovdjursljud","8":"first","9":"instock","10":"taxable","11":"shipping-taxable","12":"purchasable","13":"product-type-simple"},"composite_virtual":false,"composite_layout":"","composite_add_to_cart_form_location":"","composite_editable_in_cart":false,"composite_sold_individually_context":"","composite_shop_price_calc":"","composite_components":[],"composite_scenarios":[],"group_of_quantity":0,"min_quantity":0,"max_quantity":"","exclude_order_quantity_value_rules":"no","exclude_category_quantity_rules":"no","combine_variations":"no","exclude_global_add_ons":[],"addons":[],"_links":{"self":[{"href":"https:\/\/www.huntersfriend.eu\/sv\/wp-json\/wp\/v2\/product\/288131","targetHints":{"allow":["GET"]}}],"collection":[{"href":"https:\/\/www.huntersfriend.eu\/sv\/wp-json\/wp\/v2\/product"}],"about":[{"href":"https:\/\/www.huntersfriend.eu\/sv\/wp-json\/wp\/v2\/types\/product"}],"replies":[{"embeddable":true,"href":"https:\/\/www.huntersfriend.eu\/sv\/wp-json\/wp\/v2\/comments?post=288131"}],"wp:featuredmedia":[{"embeddable":true,"href":"https:\/\/www.huntersfriend.eu\/sv\/wp-json\/wp\/v2\/media\/231203"}],"wp:attachment":[{"href":"https:\/\/www.huntersfriend.eu\/sv\/wp-json\/wp\/v2\/media?parent=288131"}],"wp:term":[{"taxonomy":"product_brand","embeddable":true,"href":"https:\/\/www.huntersfriend.eu\/sv\/wp-json\/wp\/v2\/product_brand?post=288131"},{"taxonomy":"product_cat","embeddable":true,"href":"https:\/\/www.huntersfriend.eu\/sv\/wp-json\/wp\/v2\/product_cat?post=288131"},{"taxonomy":"product_tag","embeddable":true,"href":"https:\/\/www.huntersfriend.eu\/sv\/wp-json\/wp\/v2\/product_tag?post=288131"}],"curies":[{"name":"wp","href":"https:\/\/api.w.org\/{rel}","templated":true}]}}