{"id":288130,"date":"2022-03-24T15:20:16","date_gmt":"2022-03-24T13:20:16","guid":{"rendered":"https:\/\/www.huntersfriend.eu\/product\/halo-optics-xl450-avstandsmatare\/"},"modified":"2025-08-27T11:07:29","modified_gmt":"2025-08-27T09:07:29","slug":"halo-optics-xl450-avstandsmatare","status":"publish","type":"product","link":"https:\/\/www.huntersfriend.eu\/sv\/produkt\/halo-optics-xl450-avstandsmatare\/","title":{"rendered":"Halo optics XL450 avst\u00e5ndsm\u00e4tare"},"content":{"rendered":"<p>Halo Optics XL450 avst\u00e5ndsm\u00e4tare levererar stort p\u00e5 teknologi och v\u00e4rde. Standardfunktioner inkluderar en vattent\u00e5lig design, 450 yards r\u00e4ckvidd (411 meter), 6x f\u00f6rstoring och skanningsl\u00e4ge f\u00f6r konstant avst\u00e5ndsm\u00e4tning. Den \u00e4r ocks\u00e5 utrustad med Angle Intelligence\u2122 f\u00f6r att s\u00e4kerst\u00e4lla korrekta vinkelavl\u00e4sningar f\u00f6r alla typer av terr\u00e4ng. Det visar sig att g\u00e5 tillbaka till grunderna \u00e4r allt annat \u00e4n grundl\u00e4ggande.   <\/p>\n<h3>Funktioner<\/h3>\n<ul>\n<li>Maximalt 450 yards till reflekterande m\u00e5l<\/li>\n<li>6x f\u00f6rstoring<\/li>\n<li>Angle Intelligence\u2122 ber\u00e4knar det verkliga horisontella avst\u00e5ndet till m\u00e5let vid alla h\u00f6jder<\/li>\n<li>Skanningsl\u00e4ge l\u00e5ser in flera m\u00e5l p\u00e5 olika avst\u00e5nd<\/li>\n<li>Exakt till +\/- 1 yard (+\/- 0,9 m)<\/li>\n<li>Vattent\u00e5lig<\/li>\n<li>1 \u00e5rs garanti<\/li>\n<\/ul>\n<p><img decoding=\"async\" class=\"size-full wp-image-228037 aligncenter\" src=\"https:\/\/www.huntersfriend.eu\/app\/uploads\/2022\/03\/Halo.jpg\" alt=\"\" width=\"380\" height=\"131\" srcset=\"https:\/\/www.huntersfriend.eu\/app\/uploads\/2022\/03\/Halo.jpg 380w, https:\/\/www.huntersfriend.eu\/app\/uploads\/2022\/03\/Halo-300x103.jpg 300w, https:\/\/www.huntersfriend.eu\/app\/uploads\/2022\/03\/Halo-200x69.jpg 200w, https:\/\/www.huntersfriend.eu\/app\/uploads\/2022\/03\/Halo-174x60.jpg 174w, https:\/\/www.huntersfriend.eu\/app\/uploads\/2022\/03\/Halo-261x90.jpg 261w\" sizes=\"(max-width: 380px) 100vw, 380px\" \/><\/p>\n<h3>Paketet inneh\u00e5ller:<\/h3>\n<ul>\n<li>CR2 litiumjonbatteri<\/li>\n<li>Snodd<\/li>\n<li>Linstrasa<\/li>\n<\/ul>\n","protected":false},"excerpt":{"rendered":"<p>Halo Optics XL450 avst\u00e5ndsm\u00e4tare levererar stort p\u00e5 teknologi och v\u00e4rde. Standardfunktioner inkluderar en vattent\u00e5lig design, 450 yards r\u00e4ckvidd (411 meter), 6x f\u00f6rstoring och skanningsl\u00e4ge f\u00f6r konstant avst\u00e5ndsm\u00e4tning. Den \u00e4r ocks\u00e5 utrustad med Angle Intelligence\u2122 f\u00f6r att s\u00e4kerst\u00e4lla korrekta vinkelavl\u00e4sningar f\u00f6r alla typer av terr\u00e4ng. Det visar sig att g\u00e5 tillbaka till grunderna \u00e4r allt annat [&#8230;]\n","protected":false},"featured_media":246928,"comment_status":"open","ping_status":"closed","template":"","meta":[],"product_brand":[],"product_cat":[2829],"product_tag":[],"class_list":{"0":"post-288130","1":"product","2":"type-product","3":"status-publish","4":"has-post-thumbnail","6":"product_cat-avstandsmatare","8":"first","9":"instock","10":"taxable","11":"shipping-taxable","12":"purchasable","13":"product-type-simple"},"composite_virtual":false,"composite_layout":"","composite_add_to_cart_form_location":"","composite_editable_in_cart":false,"composite_sold_individually_context":"","composite_shop_price_calc":"","composite_components":[],"composite_scenarios":[],"group_of_quantity":0,"min_quantity":0,"max_quantity":"","exclude_order_quantity_value_rules":"no","exclude_category_quantity_rules":"no","combine_variations":"no","exclude_global_add_ons":[],"addons":[],"_links":{"self":[{"href":"https:\/\/www.huntersfriend.eu\/sv\/wp-json\/wp\/v2\/product\/288130","targetHints":{"allow":["GET"]}}],"collection":[{"href":"https:\/\/www.huntersfriend.eu\/sv\/wp-json\/wp\/v2\/product"}],"about":[{"href":"https:\/\/www.huntersfriend.eu\/sv\/wp-json\/wp\/v2\/types\/product"}],"replies":[{"embeddable":true,"href":"https:\/\/www.huntersfriend.eu\/sv\/wp-json\/wp\/v2\/comments?post=288130"}],"wp:featuredmedia":[{"embeddable":true,"href":"https:\/\/www.huntersfriend.eu\/sv\/wp-json\/wp\/v2\/media\/246928"}],"wp:attachment":[{"href":"https:\/\/www.huntersfriend.eu\/sv\/wp-json\/wp\/v2\/media?parent=288130"}],"wp:term":[{"taxonomy":"product_brand","embeddable":true,"href":"https:\/\/www.huntersfriend.eu\/sv\/wp-json\/wp\/v2\/product_brand?post=288130"},{"taxonomy":"product_cat","embeddable":true,"href":"https:\/\/www.huntersfriend.eu\/sv\/wp-json\/wp\/v2\/product_cat?post=288130"},{"taxonomy":"product_tag","embeddable":true,"href":"https:\/\/www.huntersfriend.eu\/sv\/wp-json\/wp\/v2\/product_tag?post=288130"}],"curies":[{"name":"wp","href":"https:\/\/api.w.org\/{rel}","templated":true}]}}