{"id":288120,"date":"2022-03-24T14:00:39","date_gmt":"2022-03-24T12:00:39","guid":{"rendered":"https:\/\/www.huntersfriend.eu\/product\/hha-optimizer-lite-x-1-stift\/"},"modified":"2025-08-27T11:07:12","modified_gmt":"2025-08-27T09:07:12","slug":"hha-optimizer-lite-x-1-stift","status":"publish","type":"product","link":"https:\/\/www.huntersfriend.eu\/sv\/produkt\/hha-optimizer-lite-x-1-stift\/","title":{"rendered":"HHA Optimizer lite x 1 stift"},"content":{"rendered":"<p>Observera att inte alla kombinationer av stiftstorlek, reostat och siktstorlek tillverkas av HHA.<\/p>\n<p>Optimizer Lite X forts\u00e4tter att vara en av de b\u00e4st s\u00e4ljande siktena med enstaka stift genom tiderna, n\u00e4stan 25 \u00e5r efter introduktionen. Optimizer Lite \u00e4r ett popul\u00e4rt val f\u00f6r b\u00e5de j\u00e4gare och 3D-skyttar och var det f\u00f6rsta siktet i HHA:s produktlinje med v\u00e5r patenterade R.D.S. Sight Tape Technology. B\u00e5gskyttar kan inte g\u00e5 fel n\u00e4r de v\u00e4ljer detta ikonsikte f\u00f6r alla sina behov, eftersom det \u00e4r kompatibelt med en komplett serie tillbeh\u00f6r, inklusive f\u00f6rstoringslinser, solskydd och lampor.  <\/p>\n<ul class=\"acf-repeater-list\">\n<li class=\"acf-repeater-list__item\">NYTT o\u00e4ndligt justerbart sp\u00e5rf\u00e4ste p\u00e5 sidan<\/li>\n<li class=\"acf-repeater-list__item\">20\u201380 yards noggrannhet och smidig spakfunktion<\/li>\n<li class=\"acf-repeater-list__item\">Vattent\u00e5liga tejper<\/li>\n<li class=\"acf-repeater-list__item\">Niv\u00e5bubbla<\/li>\n<li class=\"acf-repeater-list__item\">Maskinbearbetad stiftb\u00e4rare i aluminium<\/li>\n<li class=\"acf-repeater-list__item\">Valfri mekanisk reostat f\u00f6r att justera stiftets ljusstyrka (p\u00e5 vissa modeller)<\/li>\n<li class=\"acf-repeater-list__item\">Kompatibel med Blue Burst-lampa<\/li>\n<li class=\"acf-repeater-list__item\">Kompatibel med linskit<\/li>\n<\/ul>\n<div class=\"elementor-element elementor-element-8bf1893 elementor-widget elementor-widget-heading\" data-id=\"8bf1893\" data-element_type=\"widget\" data-widget_type=\"heading.default\">\n<div class=\"elementor-widget-container\">\n<h2 class=\"elementor-heading-title elementor-size-default\">I F\u00d6RPACKNINGEN<\/h2>\n<\/div>\n<\/div>\n<div class=\"elementor-element elementor-element-6f11581 elementor-widget__width-auto elementor-widget elementor-widget-acf-repeater-list\" data-id=\"6f11581\" data-element_type=\"widget\" data-widget_type=\"acf-repeater-list.default\">\n<div class=\"elementor-widget-container\">\n<div class=\"acf-repeater-list-grid\">\n<ul class=\"acf-repeater-list\">\n<li class=\"acf-repeater-list__item\">Optimizer lite x sikte<\/li>\n<li class=\"acf-repeater-list__item\">Monteringsdetaljer<\/li>\n<li class=\"acf-repeater-list__item\">F\u00f6rtryckta vattent\u00e5liga tejper<\/li>\n<li class=\"acf-repeater-list__item\">Instruktioner<\/li>\n<li class=\"acf-repeater-list__item\">HHA-dekal<\/li>\n<\/ul>\n<\/div>\n<\/div>\n<\/div>\n","protected":false},"excerpt":{"rendered":"<p>1 stift med reostat<\/p>\n","protected":false},"featured_media":226863,"comment_status":"open","ping_status":"closed","template":"","meta":[],"product_brand":[],"product_cat":[2690,2695],"product_tag":[],"class_list":{"0":"post-288120","1":"product","2":"type-product","3":"status-publish","4":"has-post-thumbnail","6":"product_cat-bagjaktsikten","7":"product_cat-compound-target-och-3d-sikter","9":"first","10":"instock","11":"taxable","12":"shipping-taxable","13":"purchasable","14":"product-type-variable"},"composite_virtual":false,"composite_layout":"","composite_add_to_cart_form_location":"","composite_editable_in_cart":false,"composite_sold_individually_context":"","composite_shop_price_calc":"","composite_components":[],"composite_scenarios":[],"group_of_quantity":0,"min_quantity":0,"max_quantity":"","exclude_order_quantity_value_rules":"no","exclude_category_quantity_rules":"no","combine_variations":"no","exclude_global_add_ons":[],"addons":[],"_links":{"self":[{"href":"https:\/\/www.huntersfriend.eu\/sv\/wp-json\/wp\/v2\/product\/288120","targetHints":{"allow":["GET"]}}],"collection":[{"href":"https:\/\/www.huntersfriend.eu\/sv\/wp-json\/wp\/v2\/product"}],"about":[{"href":"https:\/\/www.huntersfriend.eu\/sv\/wp-json\/wp\/v2\/types\/product"}],"replies":[{"embeddable":true,"href":"https:\/\/www.huntersfriend.eu\/sv\/wp-json\/wp\/v2\/comments?post=288120"}],"wp:featuredmedia":[{"embeddable":true,"href":"https:\/\/www.huntersfriend.eu\/sv\/wp-json\/wp\/v2\/media\/226863"}],"wp:attachment":[{"href":"https:\/\/www.huntersfriend.eu\/sv\/wp-json\/wp\/v2\/media?parent=288120"}],"wp:term":[{"taxonomy":"product_brand","embeddable":true,"href":"https:\/\/www.huntersfriend.eu\/sv\/wp-json\/wp\/v2\/product_brand?post=288120"},{"taxonomy":"product_cat","embeddable":true,"href":"https:\/\/www.huntersfriend.eu\/sv\/wp-json\/wp\/v2\/product_cat?post=288120"},{"taxonomy":"product_tag","embeddable":true,"href":"https:\/\/www.huntersfriend.eu\/sv\/wp-json\/wp\/v2\/product_tag?post=288120"}],"curies":[{"name":"wp","href":"https:\/\/api.w.org\/{rel}","templated":true}]}}