{"id":288119,"date":"2022-03-24T13:40:59","date_gmt":"2022-03-24T11:40:59","guid":{"rendered":"https:\/\/www.huntersfriend.eu\/product\/scentlok-fleece-pop-top-handske-mossy-oak\/"},"modified":"2026-03-26T13:45:03","modified_gmt":"2026-03-26T11:45:03","slug":"scentlok-fleece-pop-top-handske-mossy-oak","status":"publish","type":"product","link":"https:\/\/www.huntersfriend.eu\/sv\/produkt\/scentlok-fleece-pop-top-handske-mossy-oak\/","title":{"rendered":"Scentlok fleece Pop top-handske \u2013 mossy oak"},"content":{"rendered":"<p>Sen s\u00e4song<\/p>\n<p>&nbsp;<\/p>\n<p><strong>\u2022 Carbon Alloy\u2122<\/strong> <strong>-teknik<\/strong><br \/>\nKombinerar aktivt kol, behandlat kol och zeolit f\u00f6r maximal luktabsorption och luktkontroll<br \/>\n\u2022<strong> M\u00e5ngsidig uppf\u00e4llbar vante<br \/>\n<\/strong> G\u00f6r att du kan h\u00e5lla dig varm p\u00e5 passet och samtidigt beh\u00e5lla fingerf\u00e4rdigheten<br \/>\n<strong>\u2022 Magnetisk st\u00e4ngning<br \/>\n<\/strong> H\u00e5ller vanten s\u00e4kert p\u00e5 plats n\u00e4r du f\u00f6rbereder ett skott<br \/>\n<strong>\u2022 Handflatans greppdesign<br \/>\n<\/strong> Ger ett s\u00e4kert grepp<\/p>\n<p>Klumpliga handskar kan praktiskt taget f\u00f6rst\u00f6ra livets skott. Dessa Pop-Top-handskar h\u00e5ller h\u00e4nderna exceptionellt varma och m\u00f6jligg\u00f6r extrem fingerf\u00e4rdighet vid skytte, och inkluderar en magnetisk st\u00e4ngning. <\/p>\n<div class=\"figure\"><picture><img decoding=\"async\" title=\"Kol legering\" src=\"https:\/\/www.scentlok.com\/media\/wysiwyg\/technology\/Carbon_Alloy_1.jpg\" alt=\"Branschledande kollegeringsteknik\" width=\"700\" height=\"250\"><\/picture><\/div>\n<div class=\"detail\">\n<h3>KOLLEGERING<\/h3>\n<h4>LUKTADSORBERANDE TEKNIK<\/h4>\n<p>V\u00e5r branschledande teknik kombinerar aktivt kol, behandlat kol och zeolit \u200b\u200bdolt mellan tyger. Den enorma ytan av dessa naturliga partiklar riktar in sig p\u00e5 och adsorberar lukter och sl\u00e4pper inte taget f\u00f6rr\u00e4n du \u00e5teraktiverar din utrustning i torktumlaren. <\/p>\n<\/div>\n","protected":false},"excerpt":{"rendered":"<p>Varma fleecehandskar fr\u00e5n mitten till slutet av s\u00e4songen<\/p>\n","protected":false},"featured_media":228280,"comment_status":"open","ping_status":"closed","template":"","meta":[],"product_brand":[],"product_cat":[878],"product_tag":[],"class_list":{"0":"post-288119","1":"product","2":"type-product","3":"status-publish","4":"has-post-thumbnail","6":"product_cat-uncategorized-sv","8":"first","9":"outofstock","10":"sale","11":"taxable","12":"shipping-taxable","13":"purchasable","14":"product-type-variable"},"composite_virtual":false,"composite_layout":"","composite_add_to_cart_form_location":"","composite_editable_in_cart":false,"composite_sold_individually_context":"","composite_shop_price_calc":"","composite_components":[],"composite_scenarios":[],"group_of_quantity":0,"min_quantity":0,"max_quantity":"","exclude_order_quantity_value_rules":"no","exclude_category_quantity_rules":"no","combine_variations":"no","exclude_global_add_ons":[],"addons":[],"_links":{"self":[{"href":"https:\/\/www.huntersfriend.eu\/sv\/wp-json\/wp\/v2\/product\/288119","targetHints":{"allow":["GET"]}}],"collection":[{"href":"https:\/\/www.huntersfriend.eu\/sv\/wp-json\/wp\/v2\/product"}],"about":[{"href":"https:\/\/www.huntersfriend.eu\/sv\/wp-json\/wp\/v2\/types\/product"}],"replies":[{"embeddable":true,"href":"https:\/\/www.huntersfriend.eu\/sv\/wp-json\/wp\/v2\/comments?post=288119"}],"wp:featuredmedia":[{"embeddable":true,"href":"https:\/\/www.huntersfriend.eu\/sv\/wp-json\/wp\/v2\/media\/228280"}],"wp:attachment":[{"href":"https:\/\/www.huntersfriend.eu\/sv\/wp-json\/wp\/v2\/media?parent=288119"}],"wp:term":[{"taxonomy":"product_brand","embeddable":true,"href":"https:\/\/www.huntersfriend.eu\/sv\/wp-json\/wp\/v2\/product_brand?post=288119"},{"taxonomy":"product_cat","embeddable":true,"href":"https:\/\/www.huntersfriend.eu\/sv\/wp-json\/wp\/v2\/product_cat?post=288119"},{"taxonomy":"product_tag","embeddable":true,"href":"https:\/\/www.huntersfriend.eu\/sv\/wp-json\/wp\/v2\/product_tag?post=288119"}],"curies":[{"name":"wp","href":"https:\/\/api.w.org\/{rel}","templated":true}]}}