{"id":288118,"date":"2022-03-24T13:40:58","date_gmt":"2022-03-24T11:40:58","guid":{"rendered":"https:\/\/www.huntersfriend.eu\/product\/scentlok-midweight-skull-cap-mossy-oak-2\/"},"modified":"2026-03-03T12:22:29","modified_gmt":"2026-03-03T10:22:29","slug":"scentlok-midweight-skull-cap-mossy-oak-2","status":"publish","type":"product","link":"https:\/\/www.huntersfriend.eu\/sv\/produkt\/scentlok-midweight-skull-cap-mossy-oak-2\/","title":{"rendered":"Scentlok Midweight Skull Cap \u2013 Mossy Oak"},"content":{"rendered":"<p>J\u00e4gare vet att ett av de mest koncentrerade omr\u00e5dena f\u00f6r lukt kommer fr\u00e5n huvudet. Riskera inte att kompromissa med din jakt genom att inte b\u00e4ra en m\u00f6ssa med o\u00f6vertr\u00e4ffat luktskydd. Denna Midweight Skull Cap erbjuder \u00f6verl\u00e4gsen komfort, d\u00f6ljande och luktkontroll f\u00f6r jakt under mitten till slutet av s\u00e4songen. <strong>Carbon Alloy\u2122<\/strong>-tekniken ger maximal luktabsorption och luktkontroll. DWR-finishen st\u00f6ter bort l\u00e4tt fukt f\u00f6r att h\u00e5lla dig torr. Fleecepanelerna \u00f6ver \u00f6ronen och nacken ger lite extra v\u00e4rme.     <\/p>\n<p><strong>Carbon Alloy\u2122<\/strong> <strong>-tekniken<\/strong> ger maximal luktabsorption och luktkontroll<\/p>\n<p><strong>DWR-finish<\/strong> st\u00f6ter bort l\u00e4tt fukt<\/p>\n<p><strong>Fukttransporterande behandling<\/strong> f\u00f6r att transportera bort svett och h\u00e5lla dig sval<\/p>\n<p><strong>Fleecepaneler \u00f6ver \u00f6ronen och nacken<\/strong> f\u00f6r lite extra v\u00e4rme<\/p>\n<p><strong>Tv\u00e5v\u00e4gsstretchtyg<\/strong> f\u00f6r komfort i f\u00e4lt<\/p>\n","protected":false},"excerpt":{"rendered":"<p>Midweight<\/p>\n","protected":false},"featured_media":263391,"comment_status":"open","ping_status":"closed","template":"","meta":[],"product_brand":[],"product_cat":[2765,2716,2611],"product_tag":[],"class_list":{"0":"post-288118","1":"product","2":"type-product","3":"status-publish","4":"has-post-thumbnail","6":"product_cat-fyndlada-slutrea","7":"product_cat-hattar-och-huvudbonader","8":"product_cat-tillbehor","10":"first","11":"instock","12":"sale","13":"taxable","14":"shipping-taxable","15":"purchasable","16":"product-type-simple"},"composite_virtual":false,"composite_layout":"","composite_add_to_cart_form_location":"","composite_editable_in_cart":false,"composite_sold_individually_context":"","composite_shop_price_calc":"","composite_components":[],"composite_scenarios":[],"group_of_quantity":0,"min_quantity":0,"max_quantity":"","exclude_order_quantity_value_rules":"no","exclude_category_quantity_rules":"no","combine_variations":"no","exclude_global_add_ons":[],"addons":[],"_links":{"self":[{"href":"https:\/\/www.huntersfriend.eu\/sv\/wp-json\/wp\/v2\/product\/288118","targetHints":{"allow":["GET"]}}],"collection":[{"href":"https:\/\/www.huntersfriend.eu\/sv\/wp-json\/wp\/v2\/product"}],"about":[{"href":"https:\/\/www.huntersfriend.eu\/sv\/wp-json\/wp\/v2\/types\/product"}],"replies":[{"embeddable":true,"href":"https:\/\/www.huntersfriend.eu\/sv\/wp-json\/wp\/v2\/comments?post=288118"}],"wp:featuredmedia":[{"embeddable":true,"href":"https:\/\/www.huntersfriend.eu\/sv\/wp-json\/wp\/v2\/media\/263391"}],"wp:attachment":[{"href":"https:\/\/www.huntersfriend.eu\/sv\/wp-json\/wp\/v2\/media?parent=288118"}],"wp:term":[{"taxonomy":"product_brand","embeddable":true,"href":"https:\/\/www.huntersfriend.eu\/sv\/wp-json\/wp\/v2\/product_brand?post=288118"},{"taxonomy":"product_cat","embeddable":true,"href":"https:\/\/www.huntersfriend.eu\/sv\/wp-json\/wp\/v2\/product_cat?post=288118"},{"taxonomy":"product_tag","embeddable":true,"href":"https:\/\/www.huntersfriend.eu\/sv\/wp-json\/wp\/v2\/product_tag?post=288118"}],"curies":[{"name":"wp","href":"https:\/\/api.w.org\/{rel}","templated":true}]}}