{"id":288117,"date":"2022-03-24T13:40:59","date_gmt":"2022-03-24T11:40:59","guid":{"rendered":"https:\/\/www.huntersfriend.eu\/product\/scentlok-revenant-handvarmare-mossy-oak\/"},"modified":"2025-08-27T11:06:22","modified_gmt":"2025-08-27T09:06:22","slug":"scentlok-revenant-handvarmare-mossy-oak","status":"publish","type":"product","link":"https:\/\/www.huntersfriend.eu\/sv\/produkt\/scentlok-revenant-handvarmare-mossy-oak\/","title":{"rendered":"Scentlok Revenant handv\u00e4rmare &#8211; mossy oak"},"content":{"rendered":"<p>Sen s\u00e4song<\/p>\n<ul>\n<li><strong>Carbon Alloy\u2122-teknik<\/strong><br \/>\nF\u00f6r maximal luktabsorption och doftkontroll<\/li>\n<li><strong>Windbrake\u2122-teknik<\/strong><br \/>\nVindt\u00e4tt membran som skyddar dig fr\u00e5n v\u00e4der och vind<\/li>\n<li><strong>DWR-finish<\/strong><br \/>\nF\u00f6r att st\u00f6ta bort fukt<\/li>\n<li><strong>400g Thinsulate<\/strong><strong>\u2122<\/strong><strong>isolering och fleecefoder<\/strong><br \/>\nGer extra v\u00e4rme<\/li>\n<li><strong>Fukttransporterande innerfoder<\/strong><br \/>\nF\u00f6r maximal fukthantering<\/li>\n<li><strong>Yttre skal av trik\u00e5<\/strong><br \/>\nG\u00f6r dig d\u00f6dligt tyst<\/li>\n<li><strong>Framficka med dragkedja<\/strong><br \/>\nEnkel \u00e5tkomst till det viktigaste<\/li>\n<li><strong>Justerbar midjerem och sp\u00e4nne<\/strong><br \/>\nM\u00f6jligg\u00f6r en anpassad passform<\/li>\n<\/ul>\n<p>Att h\u00e5lla h\u00e4nderna varma utan att beh\u00f6va b\u00e4ra otympliga handskar under den sena s\u00e4songen har alltid varit en utmaning f\u00f6r b\u00e5gskyttar. Den nya Revenant Handwarmer \u00e4r den perfekta l\u00f6sningen f\u00f6r j\u00e4gare som fortfarande k\u00e4mpar under den sena s\u00e4songen n\u00e4r den djupa kylan s\u00e4tter in. En kombination av 400g Thinsulate-isolering och ett fleecefoder ger ultimat v\u00e4rme. Ett fukttransporterande innerfoder och yttre DWR-finish s\u00e4kerst\u00e4ller att dina h\u00e4nder f\u00f6rblir torra och varma. En justerbar midjest\u00e4ngning m\u00f6jligg\u00f6r en anpassad passform, medan den fr\u00e4mre fickan med dragkedja g\u00f6r att du enkelt kan komma \u00e5t dina viktigaste saker. Carbon Alloy\u2122-tekniken ger maximal luktadsorption f\u00f6r alla dina behov av doftkontroll.     <\/p>\n<div class=\"figure\"><picture><img decoding=\"async\" title=\"Kol legering\" src=\"https:\/\/www.scentlok.com\/media\/wysiwyg\/technology\/Carbon_Alloy_1.jpg\" alt=\"Branschledande kollegeringsteknik\" width=\"700\" height=\"250\"><\/picture><\/div>\n<div class=\"detail\">\n<h3>KOLLEGERING<\/h3>\n<h4>LUKTADSORBERANDE TEKNIK<\/h4>\n<p>V\u00e5r branschledande teknik kombinerar aktivt kol, behandlat kol och zeolit \u200b\u200bdolt mellan tyger. Den enorma ytan av dessa naturliga partiklar riktar in sig p\u00e5 och adsorberar lukter och sl\u00e4pper inte taget f\u00f6rr\u00e4n du \u00e5teraktiverar din utrustning i torktumlaren. <\/p>\n<\/div>\n","protected":false},"excerpt":{"rendered":"<p>Mossy oak Terra<\/p>\n","protected":false},"featured_media":228291,"comment_status":"open","ping_status":"closed","template":"","meta":[],"product_brand":[],"product_cat":[878],"product_tag":[],"class_list":{"0":"post-288117","1":"product","2":"type-product","3":"status-publish","4":"has-post-thumbnail","6":"product_cat-uncategorized-sv","8":"first","9":"outofstock","10":"sale","11":"taxable","12":"shipping-taxable","13":"purchasable","14":"product-type-simple"},"composite_virtual":false,"composite_layout":"","composite_add_to_cart_form_location":"","composite_editable_in_cart":false,"composite_sold_individually_context":"","composite_shop_price_calc":"","composite_components":[],"composite_scenarios":[],"group_of_quantity":0,"min_quantity":0,"max_quantity":"","exclude_order_quantity_value_rules":"no","exclude_category_quantity_rules":"no","combine_variations":"no","exclude_global_add_ons":[],"addons":[],"_links":{"self":[{"href":"https:\/\/www.huntersfriend.eu\/sv\/wp-json\/wp\/v2\/product\/288117","targetHints":{"allow":["GET"]}}],"collection":[{"href":"https:\/\/www.huntersfriend.eu\/sv\/wp-json\/wp\/v2\/product"}],"about":[{"href":"https:\/\/www.huntersfriend.eu\/sv\/wp-json\/wp\/v2\/types\/product"}],"replies":[{"embeddable":true,"href":"https:\/\/www.huntersfriend.eu\/sv\/wp-json\/wp\/v2\/comments?post=288117"}],"wp:featuredmedia":[{"embeddable":true,"href":"https:\/\/www.huntersfriend.eu\/sv\/wp-json\/wp\/v2\/media\/228291"}],"wp:attachment":[{"href":"https:\/\/www.huntersfriend.eu\/sv\/wp-json\/wp\/v2\/media?parent=288117"}],"wp:term":[{"taxonomy":"product_brand","embeddable":true,"href":"https:\/\/www.huntersfriend.eu\/sv\/wp-json\/wp\/v2\/product_brand?post=288117"},{"taxonomy":"product_cat","embeddable":true,"href":"https:\/\/www.huntersfriend.eu\/sv\/wp-json\/wp\/v2\/product_cat?post=288117"},{"taxonomy":"product_tag","embeddable":true,"href":"https:\/\/www.huntersfriend.eu\/sv\/wp-json\/wp\/v2\/product_tag?post=288117"}],"curies":[{"name":"wp","href":"https:\/\/api.w.org\/{rel}","templated":true}]}}