{"id":288116,"date":"2022-03-24T13:41:00","date_gmt":"2022-03-24T11:41:00","guid":{"rendered":"https:\/\/www.huntersfriend.eu\/product\/apex-covert-micro-1-pin-versa-2\/"},"modified":"2025-08-27T11:06:21","modified_gmt":"2025-08-27T09:06:21","slug":"apex-covert-micro-1-pin-versa-2","status":"publish","type":"product","link":"https:\/\/www.huntersfriend.eu\/sv\/produkt\/apex-covert-micro-1-pin-versa-2\/","title":{"rendered":"Apex Covert Micro 1 Pin Versa"},"content":{"rendered":"<p>Med mikrojusterbar vindjustering, \u00f6ver 120 f\u00f6rtryckta avst\u00e5ndsm\u00e4tare f\u00f6r exakt kalibrering, VERSA\u2022PIN\u2122-teknik, ett tillg\u00e4ngligt l\u00f6stagbart f\u00e4ste och en v\u00e4xeldriven h\u00f6jdkontroll f\u00f6r smidig justering, ger en enkel pin precision utan distraktion.<\/p>\n<ul>\n<li>Ultrasmidiga, enkla enhandsjusteringar.<\/li>\n<li>GRAVITY-LINE\u2122 rotationsjustering anpassar pinnens r\u00f6relse efter gravitationen.<\/li>\n<li>Bak\u00e5tv\u00e4nd, l\u00e4ttl\u00e4st placering av avst\u00e5ndsm\u00e4tare.<\/li>\n<li>F\u00e4stet har d\u00e4mpade \u00e4ndl\u00e4gesstopp.<\/li>\n<li>Justerbar avst\u00e5ndsmark\u00f6r.<\/li>\n<\/ul>\n<p><strong>VERSA-PIN\u2122<\/strong><\/p>\n<ol>\n<li>Byt enkelt mellan en .010&#8243; eller .019&#8243; pin f\u00f6r olika jaktapplikationer.<\/li>\n<li>Extra l\u00e5nga, helt skyddade gr\u00f6na, r\u00f6da och gula fibrer.<\/li>\n<li>Patenterad.<\/li>\n<\/ol>\n","protected":false},"excerpt":{"rendered":"<p>1 pin. RH, svart <\/p>\n","protected":false},"featured_media":226883,"comment_status":"open","ping_status":"closed","template":"","meta":[],"product_brand":[],"product_cat":[878],"product_tag":[],"class_list":{"0":"post-288116","1":"product","2":"type-product","3":"status-publish","4":"has-post-thumbnail","6":"product_cat-uncategorized-sv","8":"first","9":"outofstock","10":"taxable","11":"shipping-taxable","12":"purchasable","13":"product-type-simple"},"composite_virtual":false,"composite_layout":"","composite_add_to_cart_form_location":"","composite_editable_in_cart":false,"composite_sold_individually_context":"","composite_shop_price_calc":"","composite_components":[],"composite_scenarios":[],"group_of_quantity":0,"min_quantity":0,"max_quantity":"","exclude_order_quantity_value_rules":"no","exclude_category_quantity_rules":"no","combine_variations":"no","exclude_global_add_ons":[],"addons":[],"_links":{"self":[{"href":"https:\/\/www.huntersfriend.eu\/sv\/wp-json\/wp\/v2\/product\/288116","targetHints":{"allow":["GET"]}}],"collection":[{"href":"https:\/\/www.huntersfriend.eu\/sv\/wp-json\/wp\/v2\/product"}],"about":[{"href":"https:\/\/www.huntersfriend.eu\/sv\/wp-json\/wp\/v2\/types\/product"}],"replies":[{"embeddable":true,"href":"https:\/\/www.huntersfriend.eu\/sv\/wp-json\/wp\/v2\/comments?post=288116"}],"wp:featuredmedia":[{"embeddable":true,"href":"https:\/\/www.huntersfriend.eu\/sv\/wp-json\/wp\/v2\/media\/226883"}],"wp:attachment":[{"href":"https:\/\/www.huntersfriend.eu\/sv\/wp-json\/wp\/v2\/media?parent=288116"}],"wp:term":[{"taxonomy":"product_brand","embeddable":true,"href":"https:\/\/www.huntersfriend.eu\/sv\/wp-json\/wp\/v2\/product_brand?post=288116"},{"taxonomy":"product_cat","embeddable":true,"href":"https:\/\/www.huntersfriend.eu\/sv\/wp-json\/wp\/v2\/product_cat?post=288116"},{"taxonomy":"product_tag","embeddable":true,"href":"https:\/\/www.huntersfriend.eu\/sv\/wp-json\/wp\/v2\/product_tag?post=288116"}],"curies":[{"name":"wp","href":"https:\/\/api.w.org\/{rel}","templated":true}]}}