{"id":288112,"date":"2022-03-24T14:40:31","date_gmt":"2022-03-24T12:40:31","guid":{"rendered":"https:\/\/www.huntersfriend.eu\/product\/wildgame-12v-digitalt-matningskit\/"},"modified":"2025-08-27T11:06:16","modified_gmt":"2025-08-27T09:06:16","slug":"wildgame-12v-digitalt-matningskit","status":"publish","type":"product","link":"https:\/\/www.huntersfriend.eu\/sv\/produkt\/wildgame-12v-digitalt-matningskit\/","title":{"rendered":"Wildgame 12V digitalt matningskit"},"content":{"rendered":"<ul>\n<li>Digital elektronik<\/li>\n<li>6 tillg\u00e4ngliga matningstider<\/li>\n<li>Pulverlackerat, galvaniserat st\u00e5lh\u00f6lje<\/li>\n<li>Spinnerplatta i galvaniserat st\u00e5l<\/li>\n<li>Justera matningstiden fr\u00e5n 1 till 30 sekunder<\/li>\n<li>12V batteridrift (ing\u00e5r ej)<\/li>\n<li>2\u2033 falltratt<\/li>\n<\/ul>\n","protected":false},"excerpt":{"rendered":"<p>Digital elektronik 6 tillg\u00e4ngliga matningstider Pulverlackerat, galvaniserat st\u00e5lh\u00f6lje Spinnerplatta i galvaniserat st\u00e5l Justera matningstiden fr\u00e5n 1 till 30 sekunder 12V batteridrift (ing\u00e5r ej) 2\u2033 falltratt<\/p>\n","protected":false},"featured_media":249144,"comment_status":"open","ping_status":"closed","template":"","meta":[],"product_brand":[],"product_cat":[878],"product_tag":[],"class_list":{"0":"post-288112","1":"product","2":"type-product","3":"status-publish","4":"has-post-thumbnail","6":"product_cat-uncategorized-sv","8":"first","9":"outofstock","10":"taxable","11":"shipping-taxable","12":"purchasable","13":"product-type-simple"},"composite_virtual":false,"composite_layout":"","composite_add_to_cart_form_location":"","composite_editable_in_cart":false,"composite_sold_individually_context":"","composite_shop_price_calc":"","composite_components":[],"composite_scenarios":[],"group_of_quantity":0,"min_quantity":0,"max_quantity":"","exclude_order_quantity_value_rules":"no","exclude_category_quantity_rules":"no","combine_variations":"no","exclude_global_add_ons":[],"addons":[],"_links":{"self":[{"href":"https:\/\/www.huntersfriend.eu\/sv\/wp-json\/wp\/v2\/product\/288112","targetHints":{"allow":["GET"]}}],"collection":[{"href":"https:\/\/www.huntersfriend.eu\/sv\/wp-json\/wp\/v2\/product"}],"about":[{"href":"https:\/\/www.huntersfriend.eu\/sv\/wp-json\/wp\/v2\/types\/product"}],"replies":[{"embeddable":true,"href":"https:\/\/www.huntersfriend.eu\/sv\/wp-json\/wp\/v2\/comments?post=288112"}],"wp:featuredmedia":[{"embeddable":true,"href":"https:\/\/www.huntersfriend.eu\/sv\/wp-json\/wp\/v2\/media\/249144"}],"wp:attachment":[{"href":"https:\/\/www.huntersfriend.eu\/sv\/wp-json\/wp\/v2\/media?parent=288112"}],"wp:term":[{"taxonomy":"product_brand","embeddable":true,"href":"https:\/\/www.huntersfriend.eu\/sv\/wp-json\/wp\/v2\/product_brand?post=288112"},{"taxonomy":"product_cat","embeddable":true,"href":"https:\/\/www.huntersfriend.eu\/sv\/wp-json\/wp\/v2\/product_cat?post=288112"},{"taxonomy":"product_tag","embeddable":true,"href":"https:\/\/www.huntersfriend.eu\/sv\/wp-json\/wp\/v2\/product_tag?post=288112"}],"curies":[{"name":"wp","href":"https:\/\/api.w.org\/{rel}","templated":true}]}}