{"id":288111,"date":"2022-03-24T13:40:58","date_gmt":"2022-03-24T11:40:58","guid":{"rendered":"https:\/\/www.huntersfriend.eu\/product\/scentlok-lattvikts-skyttehandske-mossy-oak-terra-gila\/"},"modified":"2025-08-27T11:06:15","modified_gmt":"2025-08-27T09:06:15","slug":"scentlok-lattvikts-skyttehandske-mossy-oak-terra-gila","status":"publish","type":"product","link":"https:\/\/www.huntersfriend.eu\/sv\/produkt\/scentlok-lattvikts-skyttehandske-mossy-oak-terra-gila\/","title":{"rendered":"Scentlok l\u00e4ttvikts skyttehandske &#8211; Mossy Oak Terra Gila"},"content":{"rendered":"<p>Varje kunnig och doftmedveten j\u00e4gare kommer att s\u00e4ga att inget annat omr\u00e5de p\u00e5 kroppen sprider lukter i ditt jaktomr\u00e5de l\u00e4ttare \u00e4n dina h\u00e4nder. ScentLoks l\u00e4ttvikts skyttehandskar \u00e4r det perfekta tillbeh\u00f6ret f\u00f6r att f\u00e5 din trof\u00e9 i sikte. <\/p>\n<p><strong>\u2022 Carbon Alloy\u2122-teknik<\/strong><br \/>\nGer maximal luktabsorption och doftkontroll<\/p>\n<p><strong>\u2022 Fukttransporterande behandling<\/strong><br \/>\nF\u00f6r att transportera bort svett och h\u00e5lla dig sval<\/p>\n<p><strong>\u2022 Touch tech fingertoppar<\/strong><br \/>\nF\u00f6r anv\u00e4ndning med peksk\u00e4rmar<\/p>\n<p><strong>\u2022 Polyester interlock-tyg<br \/>\n<\/strong> F\u00f6r komfort n\u00e4rmast huden<\/p>\n<p><strong>\u2022 Silikontryckt handflata<br \/>\n<\/strong> Designad f\u00f6r att ge ett b\u00e4ttre grepp<\/p>\n<p><strong>\u2022 <\/strong><strong>Stretch fit muddar<br \/>\n<\/strong> H\u00e5ller handskarna s\u00e4kra<\/p>\n","protected":false},"excerpt":{"rendered":"<p>Mossy Oak Terra Gila<\/p>\n","protected":false},"featured_media":229908,"comment_status":"open","ping_status":"closed","template":"","meta":[],"product_brand":[],"product_cat":[2809],"product_tag":[],"class_list":{"0":"post-288111","1":"product","2":"type-product","3":"status-publish","4":"has-post-thumbnail","6":"product_cat-handskar","8":"first","9":"instock","10":"sale","11":"taxable","12":"shipping-taxable","13":"purchasable","14":"product-type-variable"},"composite_virtual":false,"composite_layout":"","composite_add_to_cart_form_location":"","composite_editable_in_cart":false,"composite_sold_individually_context":"","composite_shop_price_calc":"","composite_components":[],"composite_scenarios":[],"group_of_quantity":0,"min_quantity":0,"max_quantity":"","exclude_order_quantity_value_rules":"no","exclude_category_quantity_rules":"no","combine_variations":"no","exclude_global_add_ons":[],"addons":[],"_links":{"self":[{"href":"https:\/\/www.huntersfriend.eu\/sv\/wp-json\/wp\/v2\/product\/288111","targetHints":{"allow":["GET"]}}],"collection":[{"href":"https:\/\/www.huntersfriend.eu\/sv\/wp-json\/wp\/v2\/product"}],"about":[{"href":"https:\/\/www.huntersfriend.eu\/sv\/wp-json\/wp\/v2\/types\/product"}],"replies":[{"embeddable":true,"href":"https:\/\/www.huntersfriend.eu\/sv\/wp-json\/wp\/v2\/comments?post=288111"}],"wp:featuredmedia":[{"embeddable":true,"href":"https:\/\/www.huntersfriend.eu\/sv\/wp-json\/wp\/v2\/media\/229908"}],"wp:attachment":[{"href":"https:\/\/www.huntersfriend.eu\/sv\/wp-json\/wp\/v2\/media?parent=288111"}],"wp:term":[{"taxonomy":"product_brand","embeddable":true,"href":"https:\/\/www.huntersfriend.eu\/sv\/wp-json\/wp\/v2\/product_brand?post=288111"},{"taxonomy":"product_cat","embeddable":true,"href":"https:\/\/www.huntersfriend.eu\/sv\/wp-json\/wp\/v2\/product_cat?post=288111"},{"taxonomy":"product_tag","embeddable":true,"href":"https:\/\/www.huntersfriend.eu\/sv\/wp-json\/wp\/v2\/product_tag?post=288111"}],"curies":[{"name":"wp","href":"https:\/\/api.w.org\/{rel}","templated":true}]}}